{"id":1343,"date":"2026-03-23T15:29:56","date_gmt":"2026-03-23T14:29:56","guid":{"rendered":"https:\/\/sretnabeba.hr\/?page_id=1343"},"modified":"2026-03-26T12:55:21","modified_gmt":"2026-03-26T11:55:21","slug":"povrat-robe-i-prigovor","status":"publish","type":"page","link":"https:\/\/sretnabeba.hr\/index.php\/povrat-robe-i-prigovor\/","title":{"rendered":"Povrat robe i prigovor"},"content":{"rendered":"<p><b>Povrat proizvoda (raskid ugovora)<\/b><\/p>\n<p>Kupnju na web stranici, uz sve njene prednosti, karakterizira i nemogu\u0107nost pregleda proizvoda u\u017eivo, tako da potro\u0161a\u010di pregled mogu obaviti tek nakon \u0161to im naru\u010deni proizvod bude dostavljen. Iz tog razloga, ako naru\u010deni proizvod potro\u0161a\u010du ne odgovara, mogu\u0107e je napraviti njegov povrat. Povrat proizvoda realizira se u nekoliko jednostavnih koraka, a vi\u0161e informacija o cijelom procesu i pravima koja potro\u0161a\u010di imaju mo\u017eete saznati ni\u017ee u tekstu.<\/p>\n<p>Svaka kupnja na stranici www.sretnabeba.hr predstavlja sklapanje ugovora na daljinu u smislu Zakona o za\u0161titi potro\u0161a\u010da (NN 19\/22). Potro\u0161a\u010d, u smislu spomenutog zakona, je svaka fizi\u010dka osoba koja sklapa pravni posao ili djeluje na tr\u017ei\u0161tu izvan svoje trgova\u010dke, poslovne, obrtni\u010dke ili profesionalne djelatnosti. U slu\u010dajevima sklapanja ugovora na daljinu Zakon o za\u0161titi potro\u0161a\u010da daje pravo potro\u0161a\u010du da jednostrano raskine ugovor u roku od 14 dana. (\u010dl. 79. Zakona o za\u0161titi potro\u0161a\u010da NN 19\/22). Cijeli tekst zakona mo\u017eete pogledati <a href=\"https:\/\/narodne-novine.nn.hr\/clanci\/sluzbeni\/2022_02_19_203.html\">ovdje<\/a><\/p>\n<p>&nbsp;<\/p>\n<p><b>Rok za povrat proizvoda (raskid ugovora)<\/b><\/p>\n<p>Rok za povrat proizvoda unutar 14 dana po\u010dinje te\u0107i od dana kad je potro\u0161a\u010du ili tre\u0107oj osobi odre\u0111enoj od strane potro\u0161a\u010da, a koja nije prijevoznik, roba koja \u010dini predmet ugovora predana u posjed. Prilikom kori\u0161tenja prava na raskid niste du\u017eni navesti razlog zbog kojeg \u017eelite vratiti robu koju ste kupili. Svakako, informacija o razlogu povrata proizvoda, ukoliko je \u017eelite navesti, dobrodo\u0161la je jer nam ista poma\u017ee u jednostavnijoj obradi zahtjeva za povrat robe i prikupljanju informacija o artiklima.<\/p>\n<p>&nbsp;<\/p>\n<p><b>Obavijest o raskidu ugovora<\/b><\/p>\n<p>Za kori\u0161tenje prava na povrat proizvoda u roku od 14 dana trebate nam u spomenutom roku javiti da ste se odlu\u010dili na povrat kupljene robe. <strong>Obrazac za jednostrani raskid ugovora mo\u017eete preuzeti\u00a0<a href=\"https:\/\/www.barfoodcare.hr\/web\/wp-content\/uploads\/2025\/05\/Standardni_informacijski_obrazac_za_jednostrani_raskid_ugovora.pdf\">ovdje<\/a>.<\/strong> Za najavu povrata robe mo\u017eete koristiti spomenuti obrazac, ali isto tako je dovoljno i da nam se javite putem maila u kojem nedvosmisleno izra\u017eavate va\u0161u namjeru da vratite kupljenu robu.<br \/>\nPrilikom slanja izjave o raskidu ugovora savjetujemo da navedete \u017eelite li da vam izvr\u0161imo povrat upla\u0107enih sredstava ili biste umjesto vra\u0107enog proizvoda htjeli neki drugi proizvod iz na\u0161e ponude u zamjenu. U slu\u010daju da ne zaprimimo navedenu informaciju smatrat \u0107emo da \u017eelite da vam se izvr\u0161i povrat upla\u0107enih sredstava i sukladno tome \u0107emo i obra\u0111ivati Va\u0161 zahtjev.<\/p>\n<p>&nbsp;<\/p>\n<p><b>Vra\u0107anje proizvoda trgovcu<\/b><\/p>\n<p>Nakon \u0161to ste najavili povrat kupljene robe, robu nam trebate vratiti, najkasnije u roku od 14 dana od kada ste nam izjavili da \u017eelite raskinuti ugovor.\u00a0<b>U slu\u010daju kori\u0161tenja prava na jednostrani raskid ugovora potro\u0161a\u010d snosi tro\u0161kove povrata robe<\/b>. Za vra\u0107anje kupljenih proizvoda mo\u017eete koristiti dostavnu slu\u017ebu po va\u0161em izboru ili robu mo\u017eete vratiti osobno.\u00a0<b>Povrat robe vr\u0161ite na adresu na\u0161eg skladi\u0161ta: AGILIS MEDICAL d.o.o., Ventilatorska 20, Zagreb, 10250 Zagreb. <\/b>U slu\u010daju da \u017eelite osobno vratiti kupljene proizvode, tako\u0111er ih donesite na navedenu adresu.<\/p>\n<p>Napominjemo da paketi koji budu poslani na skladi\u0161te za \u010dije preuzimanje bude potrebno platiti otkupninu ne\u0107e biti preuzeti.<\/p>\n<p>&nbsp;<\/p>\n<p><b>Pregled i rukovanje s robom u vezi prava na jednostrani raskid ugovora<\/b><\/p>\n<p>Sukladno zakonu, potro\u0161a\u010d je odgovoran za svako umanjenje vrijednosti robe koje je rezultat rukovanja robom, osim onog koje je bilo potrebno za utvr\u0111ivanje prirode, obilje\u017eja i funkcionalnosti robe. (\u010dl. 84. st.6. Zakona o za\u0161titi potro\u0161a\u010da NN 19\/22). Savjetujemo da prilikom utvr\u0111ivanja prirode, obilje\u017eja i funkcionalnosti pa\u017eljivo postupate s proizvodima kako biste izbjegli umanjenje vrijednosti.<\/p>\n<p>Radi lak\u0161eg razumijevanja koje bi radnje s proizvodom uzrokovale umanjenje vrijednosti proizvoda, savjetujemo da postupanje s proizvodom usporedite s radnjama koje smijete napraviti prilikom kupnje u klasi\u010dnoj, fizi\u010dkoj trgovini. Kako biste izbjegli umanjenja vrijednosti proizvoda te \u0161to jednostavnije iskoristili va\u0161e pravo na jednostrani raskid ugovora savjetujemo da:<\/p>\n<ul>\n<li><b>Prilikom odabira proizvoda<\/b>\u00a0pa\u017eljivo prou\u010dite opis i specifikaciju proizvoda na stranici proizvoda. Ako niste sigurni u zna\u010denje informacija u specifikaciji ili opisu, niste sigurni odgovara li proizvod za neku specifi\u010dnu svrhu za koju ga trebate,\u00a0<a href=\"https:\/\/sretnabeba.hr\/index.php\/kontakt\/\">slobodno nas kontaktirajte<\/a>\u00a0kako bismo razjasnili bilo kakvu nejasno\u0107u.<\/li>\n<li><b>Prilikom zaprimanja paketa\u00a0<\/b>pregledajte stanje ambala\u017ee paketa i, u slu\u010daju da\u00a0<b>primijetite o\u0161te\u0107enje,<\/b> zatra\u017eite dostavlja\u010da da paket vrati u AGILIS MEDICAL. <b>Nemojte zaprimati pakete\/proizvode\u00a0na kojima primijetite o\u0161te\u0107enje.<\/b><\/li>\n<li>Pa\u017eljivo skinete i sa\u010duvate originalnu ambala\u017eu proizvoda uz \u0161to manje o\u0161te\u0107ivanja.<\/li>\n<li>Ne skidate za\u0161titne folije s proizvoda osim ako je navedeno nu\u017eno da bi se isprobala funkcionalnost proizvoda.<\/li>\n<li>Provjerite funkcionalnost uklju\u010divanjem proizvoda, provjerom radi li grija\u010da plo\u010da i sl.<\/li>\n<li>Ne koristite ku\u0107anske aparate u svrhu za koju su namijenjeni nego ih pregledajte, uklju\u010dite u struju, upalite i na taj na\u010din provjerite funkcionalnost.<\/li>\n<li>Provjerite funkcionalnost proizvoda na na\u010din da na proizvodu ne ostavljate tragove kori\u0161tenja.<\/li>\n<li>Prilikom slanja proizvoda dostavnom slu\u017ebom proizvod zapakirate u originalnu ambala\u017eu kako bi se izbjegla o\u0161te\u0107enja na proizvodu. Ako se radi o specifi\u010dnoj ambala\u017ei (npr. stiropor i folija), potrebno je u\u010dvrstiti dijelove ambala\u017ee radi za\u0161tite proizvoda. Dostavne slu\u017ebe na svojim stranicama obi\u010dno imaju upute za adekvatno pakiranje paketa, pa ovisno o odabiru dostavne slu\u017ebe mo\u017eete i s njima dodatno provjeriti adekvatnost pakiranja.<\/li>\n<\/ul>\n<p>O opsegu odgovornosti potro\u0161a\u010da za umanjenu vrijednost robe odlu\u010divat \u0107emo u svakom pojedinom slu\u010daju, uzimaju\u0107i u obzir sve relevantne okolnosti. Procjena stupnja eventualnog umanjenja vrijednosti proizvoda nije mogu\u0107a prije zaprimanja proizvoda na skladi\u0161te i pregleda.<\/p>\n<p>&nbsp;<\/p>\n<p><b>Po zaprimanju na AGILIS MEDICAL skladi\u0161te<\/b><\/p>\n<p>Po zaprimanju proizvoda na na\u0161e skladi\u0161te, proizvod \u0107e biti pregledan kako bi se utvrdilo stanje vra\u0107enog proizvoda. U slu\u010daju da je proizvod vra\u0107en bez umanjenja vrijednosti proizvoda, u daljnjem rje\u0161avanju zahtjeva za povrat robe bez odga\u0111anja \u0107emo izvr\u0161iti povrat upla\u0107enih nov\u010danih sredstava ili poslati odabrani zamjenski proizvod.<\/p>\n<p>U slu\u010daju da se odlu\u010dite za povrat sredstava prilikom kori\u0161tenja prava na raskid ugovora unutar 14 dana, nov\u010dana sredstva koja ste uplatili za vra\u0107eni proizvod \u0107emo vratiti na na\u010din na koji je izvr\u0161eno pla\u0107anje i to isklju\u010divo nakon primitka vra\u0107ene robe. U slu\u010daju pla\u0107anja gotovinom pri preuzimanju, povrat sredstava vr\u0161imo na IBAN.<\/p>\n<p>Zakon obvezuje trgovca da bez odga\u0111anja, a najkasnije u roku od 14 dana od dana kad je zaprimio obavijest o odluci potro\u0161a\u010da da raskida ugovor, vrati potro\u0161a\u010du sve \u0161to je ovaj platio na temelju ugovora.<\/p>\n<p>Kod odustajanja od ugovora gdje je kori\u0161ten bonus, kod za popust ili promotivni kod, njihova vrijednost se smatra popustom te se korisniku ne vra\u0107a. Vra\u0107a se samo upla\u0107eni iznos.<\/p>\n<p>Pregled proizvoda na AGILIS MEDICAL skladi\u0161tu i obrada zahtjeva za raskidom ugovora rje\u0161avaju se redoslijedom kako su zaprimljeni, bez odga\u0111anja. U redovnom tijeku procesa svi zaprimljeni proizvodi i pripadni zahtjevi za raskid ugovora uobi\u010dajeno se rje\u0161avaju (povratom sredstava\/zamjenom proizvoda) unutar 2 radna dana od zaprimanja proizvoda na centralno skladi\u0161te, a svi kupci se redovito obavje\u0161tavaju o promjenama u obradi zahtjeva, putem maila.<\/p>\n<p>&nbsp;<\/p>\n<p><b>Prigovori<\/b><\/p>\n<p>Ukoliko ste preuzeli naru\u010denu robu u neo\u0161te\u0107enom pakiranju te naknadno utvrdili o\u0161te\u0107enja, nedostatke ili neispravnosti koji nisu nastali uslijed va\u0161eg rukovanja, savjetujemo da nam bez odga\u0111anja prijavite nepravilnost kako bismo \u010dim prije mogli rije\u0161iti Va\u0161 prigovor.<\/p>\n<p>Kupci koji kupuju uz R1 ra\u010dun nisu pokriveni odredbama Zakona o za\u0161titi potro\u0161a\u010da. Na kupnje uz R1 ra\u010dun primjenjuju se odredbe Zakona o obaveznim odnosima.<\/p>\n<p>&nbsp;<\/p>\n<p><strong>PRIMJERAK OBRASCA O JEDNOSTRANOM RASKIDU<\/strong><\/p>\n<p>1. Ime, prezime i adresa potro\u0161a\u010da ____________________<\/p>\n<p>2. Prima [ovdje trgovac unosi svoj naziv i sjedi\u0161te, te broj telefona, adresu elektroni\u010dke po\u0161te ili broj telefaksa ]:<\/p>\n<p>3. Ja _____________________ ovim izjavljujem da jednostrano raskidam Ugovor o prodaji sljede\u0107e robe\/za pru\u017eanje sljede\u0107e usluge (odabrati)_________________, naru\u010dene\/primljene dana ______________________<\/p>\n<p>\u2013 potpis potro\u0161a\u010da (samo ako se ovaj obrazac ispunjava na papiru),<\/p>\n<p>\u2013 datum.<\/p>\n<p>&nbsp;<\/p>\n<p>Ukoliko trgovac omogu\u0107uje potro\u0161a\u010du jednostrani raskid ugovora na svojoj mre\u017enoj stranici, du\u017ean je potro\u0161a\u010du dati slijede\u0107u uputu:\u00a0\u201cPrimjerak obrasca za jednostrani raskid ugovora koji se nalazi na na\u0161oj mre\u017enoj stranici mo\u017eete elektroni\u010dki ispuniti i poslati.\u00a0Potvrdu primitka obavijesti o jednostranom raskidu ugovora dostavit \u0107emo Vam, bez odga\u0111anja, elektroni\u010dkom po\u0161tom.\u201d<\/p>\n<p>Prihva\u0107anjem ovih op\u0107ih uvjeta od strane kupca smatra se da je izme\u0111u kupca i prodavatelja sklopljen predugovor o kupoprodaji robe (\u010clanak 69. Zakona o potro\u0161a\u010dima), a datumom primitkom robe i ra\u010duna na potro\u0161a\u010da stupio je na snagu Ugovor!<\/p>\n<p>&nbsp;<\/p>\n","protected":false},"excerpt":{"rendered":"<p>Povrat proizvoda (raskid ugovora) Kupnju na web stranici, uz sve njene prednosti, karakterizira i nemogu\u0107nost pregleda proizvoda u\u017eivo, tako da<\/p>\n","protected":false},"author":1,"featured_media":0,"parent":0,"menu_order":0,"comment_status":"closed","ping_status":"closed","template":"","meta":{"footnotes":""},"class_list":["post-1343","page","type-page","status-publish","hentry"],"yoast_head":"<!-- This site is optimized with the Yoast SEO plugin v27.3 - https:\/\/yoast.com\/product\/yoast-seo-wordpress\/ -->\n<title>Povrat robe i prigovor - Sretna beba<\/title>\n<meta name=\"robots\" content=\"index, follow, max-snippet:-1, max-image-preview:large, max-video-preview:-1\" \/>\n<link rel=\"canonical\" href=\"https:\/\/sretnabeba.hr\/index.php\/povrat-robe-i-prigovor\/\" \/>\n<meta property=\"og:locale\" content=\"hr_HR\" \/>\n<meta property=\"og:type\" content=\"article\" \/>\n<meta property=\"og:title\" content=\"Povrat robe i prigovor - Sretna beba\" \/>\n<meta property=\"og:description\" content=\"Povrat proizvoda (raskid ugovora) Kupnju na web stranici, uz sve njene prednosti, karakterizira i nemogu\u0107nost pregleda proizvoda u\u017eivo, tako da\" \/>\n<meta property=\"og:url\" content=\"https:\/\/sretnabeba.hr\/index.php\/povrat-robe-i-prigovor\/\" \/>\n<meta property=\"og:site_name\" content=\"Sretna beba\" \/>\n<meta property=\"article:modified_time\" content=\"2026-03-26T11:55:21+00:00\" \/>\n<meta property=\"og:image\" content=\"https:\/\/sretnabeba.hr\/webw3\/wp-content\/uploads\/2023\/06\/logo-sretnabeba.hr-01.png\" \/>\n\t<meta property=\"og:image:width\" content=\"619\" \/>\n\t<meta property=\"og:image:height\" content=\"625\" \/>\n\t<meta property=\"og:image:type\" content=\"image\/png\" \/>\n<meta name=\"twitter:card\" content=\"summary_large_image\" \/>\n<meta name=\"twitter:label1\" content=\"Procijenjeno vrijeme \u010ditanja\" \/>\n\t<meta name=\"twitter:data1\" content=\"7 minuta\" \/>\n<script type=\"application\/ld+json\" class=\"yoast-schema-graph\">{\"@context\":\"https:\\\/\\\/schema.org\",\"@graph\":[{\"@type\":\"WebPage\",\"@id\":\"https:\\\/\\\/sretnabeba.hr\\\/index.php\\\/povrat-robe-i-prigovor\\\/\",\"url\":\"https:\\\/\\\/sretnabeba.hr\\\/index.php\\\/povrat-robe-i-prigovor\\\/\",\"name\":\"Povrat robe i prigovor - Sretna beba\",\"isPartOf\":{\"@id\":\"https:\\\/\\\/sretnabeba.hr\\\/#website\"},\"datePublished\":\"2026-03-23T14:29:56+00:00\",\"dateModified\":\"2026-03-26T11:55:21+00:00\",\"breadcrumb\":{\"@id\":\"https:\\\/\\\/sretnabeba.hr\\\/index.php\\\/povrat-robe-i-prigovor\\\/#breadcrumb\"},\"inLanguage\":\"hr\",\"potentialAction\":[{\"@type\":\"ReadAction\",\"target\":[\"https:\\\/\\\/sretnabeba.hr\\\/index.php\\\/povrat-robe-i-prigovor\\\/\"]}]},{\"@type\":\"BreadcrumbList\",\"@id\":\"https:\\\/\\\/sretnabeba.hr\\\/index.php\\\/povrat-robe-i-prigovor\\\/#breadcrumb\",\"itemListElement\":[{\"@type\":\"ListItem\",\"position\":1,\"name\":\"Po\u010detna stranica\",\"item\":\"https:\\\/\\\/sretnabeba.hr\\\/\"},{\"@type\":\"ListItem\",\"position\":2,\"name\":\"Povrat robe i prigovor\"}]},{\"@type\":\"WebSite\",\"@id\":\"https:\\\/\\\/sretnabeba.hr\\\/#website\",\"url\":\"https:\\\/\\\/sretnabeba.hr\\\/\",\"name\":\"Sretna beba - LOVI i CANPOL BABIES oprema za bebe\",\"description\":\"Zastupnik i distributer Lovi i Canpol babies opreme za Hrvatsku\",\"publisher\":{\"@id\":\"https:\\\/\\\/sretnabeba.hr\\\/#organization\"},\"alternateName\":\"Oprema za bebe\",\"potentialAction\":[{\"@type\":\"SearchAction\",\"target\":{\"@type\":\"EntryPoint\",\"urlTemplate\":\"https:\\\/\\\/sretnabeba.hr\\\/?s={search_term_string}\"},\"query-input\":{\"@type\":\"PropertyValueSpecification\",\"valueRequired\":true,\"valueName\":\"search_term_string\"}}],\"inLanguage\":\"hr\"},{\"@type\":\"Organization\",\"@id\":\"https:\\\/\\\/sretnabeba.hr\\\/#organization\",\"name\":\"Sretna beba\",\"alternateName\":\"Zastupnik i distributer Lovi i Canpol babies opreme za Hrvatsku\",\"url\":\"https:\\\/\\\/sretnabeba.hr\\\/\",\"logo\":{\"@type\":\"ImageObject\",\"inLanguage\":\"hr\",\"@id\":\"https:\\\/\\\/sretnabeba.hr\\\/#\\\/schema\\\/logo\\\/image\\\/\",\"url\":\"https:\\\/\\\/sretnabeba.hr\\\/webw3\\\/wp-content\\\/uploads\\\/2023\\\/06\\\/logo-sretnabeba.hr-01.png\",\"contentUrl\":\"https:\\\/\\\/sretnabeba.hr\\\/webw3\\\/wp-content\\\/uploads\\\/2023\\\/06\\\/logo-sretnabeba.hr-01.png\",\"width\":619,\"height\":625,\"caption\":\"Sretna beba\"},\"image\":{\"@id\":\"https:\\\/\\\/sretnabeba.hr\\\/#\\\/schema\\\/logo\\\/image\\\/\"}}]}<\/script>\n<!-- \/ Yoast SEO plugin. -->","yoast_head_json":{"title":"Povrat robe i prigovor - Sretna beba","robots":{"index":"index","follow":"follow","max-snippet":"max-snippet:-1","max-image-preview":"max-image-preview:large","max-video-preview":"max-video-preview:-1"},"canonical":"https:\/\/sretnabeba.hr\/index.php\/povrat-robe-i-prigovor\/","og_locale":"hr_HR","og_type":"article","og_title":"Povrat robe i prigovor - Sretna beba","og_description":"Povrat proizvoda (raskid ugovora) Kupnju na web stranici, uz sve njene prednosti, karakterizira i nemogu\u0107nost pregleda proizvoda u\u017eivo, tako da","og_url":"https:\/\/sretnabeba.hr\/index.php\/povrat-robe-i-prigovor\/","og_site_name":"Sretna beba","article_modified_time":"2026-03-26T11:55:21+00:00","og_image":[{"width":619,"height":625,"url":"https:\/\/sretnabeba.hr\/webw3\/wp-content\/uploads\/2023\/06\/logo-sretnabeba.hr-01.png","type":"image\/png"}],"twitter_card":"summary_large_image","twitter_misc":{"Procijenjeno vrijeme \u010ditanja":"7 minuta"},"schema":{"@context":"https:\/\/schema.org","@graph":[{"@type":"WebPage","@id":"https:\/\/sretnabeba.hr\/index.php\/povrat-robe-i-prigovor\/","url":"https:\/\/sretnabeba.hr\/index.php\/povrat-robe-i-prigovor\/","name":"Povrat robe i prigovor - Sretna beba","isPartOf":{"@id":"https:\/\/sretnabeba.hr\/#website"},"datePublished":"2026-03-23T14:29:56+00:00","dateModified":"2026-03-26T11:55:21+00:00","breadcrumb":{"@id":"https:\/\/sretnabeba.hr\/index.php\/povrat-robe-i-prigovor\/#breadcrumb"},"inLanguage":"hr","potentialAction":[{"@type":"ReadAction","target":["https:\/\/sretnabeba.hr\/index.php\/povrat-robe-i-prigovor\/"]}]},{"@type":"BreadcrumbList","@id":"https:\/\/sretnabeba.hr\/index.php\/povrat-robe-i-prigovor\/#breadcrumb","itemListElement":[{"@type":"ListItem","position":1,"name":"Po\u010detna stranica","item":"https:\/\/sretnabeba.hr\/"},{"@type":"ListItem","position":2,"name":"Povrat robe i prigovor"}]},{"@type":"WebSite","@id":"https:\/\/sretnabeba.hr\/#website","url":"https:\/\/sretnabeba.hr\/","name":"Sretna beba - LOVI i CANPOL BABIES oprema za bebe","description":"Zastupnik i distributer Lovi i Canpol babies opreme za Hrvatsku","publisher":{"@id":"https:\/\/sretnabeba.hr\/#organization"},"alternateName":"Oprema za bebe","potentialAction":[{"@type":"SearchAction","target":{"@type":"EntryPoint","urlTemplate":"https:\/\/sretnabeba.hr\/?s={search_term_string}"},"query-input":{"@type":"PropertyValueSpecification","valueRequired":true,"valueName":"search_term_string"}}],"inLanguage":"hr"},{"@type":"Organization","@id":"https:\/\/sretnabeba.hr\/#organization","name":"Sretna beba","alternateName":"Zastupnik i distributer Lovi i Canpol babies opreme za Hrvatsku","url":"https:\/\/sretnabeba.hr\/","logo":{"@type":"ImageObject","inLanguage":"hr","@id":"https:\/\/sretnabeba.hr\/#\/schema\/logo\/image\/","url":"https:\/\/sretnabeba.hr\/webw3\/wp-content\/uploads\/2023\/06\/logo-sretnabeba.hr-01.png","contentUrl":"https:\/\/sretnabeba.hr\/webw3\/wp-content\/uploads\/2023\/06\/logo-sretnabeba.hr-01.png","width":619,"height":625,"caption":"Sretna beba"},"image":{"@id":"https:\/\/sretnabeba.hr\/#\/schema\/logo\/image\/"}}]}},"_links":{"self":[{"href":"https:\/\/sretnabeba.hr\/index.php\/wp-json\/wp\/v2\/pages\/1343","targetHints":{"allow":["GET"]}}],"collection":[{"href":"https:\/\/sretnabeba.hr\/index.php\/wp-json\/wp\/v2\/pages"}],"about":[{"href":"https:\/\/sretnabeba.hr\/index.php\/wp-json\/wp\/v2\/types\/page"}],"author":[{"embeddable":true,"href":"https:\/\/sretnabeba.hr\/index.php\/wp-json\/wp\/v2\/users\/1"}],"replies":[{"embeddable":true,"href":"https:\/\/sretnabeba.hr\/index.php\/wp-json\/wp\/v2\/comments?post=1343"}],"version-history":[{"count":0,"href":"https:\/\/sretnabeba.hr\/index.php\/wp-json\/wp\/v2\/pages\/1343\/revisions"}],"wp:attachment":[{"href":"https:\/\/sretnabeba.hr\/index.php\/wp-json\/wp\/v2\/media?parent=1343"}],"curies":[{"name":"wp","href":"https:\/\/api.w.org\/{rel}","templated":true}]}}