{"id":1052,"date":"2026-01-30T14:57:28","date_gmt":"2026-01-30T13:57:28","guid":{"rendered":"https:\/\/sretnabeba.hr\/?post_type=product&#038;p=1052"},"modified":"2026-01-30T15:01:06","modified_gmt":"2026-01-30T14:01:06","slug":"canpol-babies-toplo-hladno-gel-oblozi-za-grudi-2-kom","status":"publish","type":"product","link":"https:\/\/sretnabeba.hr\/index.php\/proizvod\/canpol-babies-toplo-hladno-gel-oblozi-za-grudi-2-kom\/","title":{"rendered":"CANPOL BABIES toplo\/hladno gel oblozi za grudi, 2 kom"},"content":{"rendered":"","protected":false},"excerpt":{"rendered":"<div id=\"tw-target-text-container\" class=\"tw-ta-container tw-nfl\" tabindex=\"0\" role=\"text\">\n<p id=\"tw-target-text\" class=\"tw-data-text tw-text-large tw-ta\" dir=\"ltr\" tabindex=\"-1\" role=\"text\" data-placeholder=\"Prijevod\" data-ved=\"2ahUKEwjLqOu3tbOSAxV_1QIHHf7CEvcQ3ewLegQIDBAV\" aria-label=\"Prevedeni tekst: Canpol babies Hot&amp;Cold gel obloge za dojke posebno su dizajnirane za dojilje kao bitna podr\u0161ka za svakodnevnu njegu dojki.\n\nHladni oblog ubla\u017eava oticanje, bol i iritaciju.\n\nZagrijavaju\u0107i oblog poma\u017ee u opu\u0161tanju mlije\u010dnih kanala i podr\u017eava protok mlijeka.\n\nObloge se mogu koristiti tijekom dojenja ili u kombinaciji s pumpicom za u\u010dinkovitiju stimulaciju protoka maj\u010dinog mlijeka. Zahvaljuju\u0107i izuzetno mekoj strani, mogu se nanositi izravno na ko\u017eu bez potrebe za dodatnim rukavima, \u0161to zna\u010dajno pove\u0107ava udobnost tijekom kori\u0161tenja. Priprema je jednostavna - obloge se mogu hladiti u hladnjaku ili zamrziva\u010du ili sigurno zagrijavati u mikrovalnoj pe\u0107nici.\n\nPakiranje sadr\u017ei 2 gel obloge za vi\u0161ekratnu upotrebu.\n\nTopli oblog - smanjuje nelagodu i poma\u017ee u opu\u0161tanju za\u010depljenih mlije\u010dnih kanala.\"><span class=\"Y2IQFc\" lang=\"hr\">Canpol babies Hot&amp;Cold gel oblozi za dojke posebno su dizajnirani za dojilje kao bitna podr\u0161ka za svakodnevnu njegu dojki.<\/span><\/p>\n<ul>\n<li class=\"tw-data-text tw-text-large tw-ta\" dir=\"ltr\" tabindex=\"-1\" role=\"text\" data-placeholder=\"Prijevod\" data-ved=\"2ahUKEwjLqOu3tbOSAxV_1QIHHf7CEvcQ3ewLegQIDBAV\" aria-label=\"Prevedeni tekst: Canpol babies Hot&amp;Cold gel obloge za dojke posebno su dizajnirane za dojilje kao bitna podr\u0161ka za svakodnevnu njegu dojki.\n\nHladni oblog ubla\u017eava oticanje, bol i iritaciju.\n\nZagrijavaju\u0107i oblog poma\u017ee u opu\u0161tanju mlije\u010dnih kanala i podr\u017eava protok mlijeka.\n\nObloge se mogu koristiti tijekom dojenja ili u kombinaciji s pumpicom za u\u010dinkovitiju stimulaciju protoka maj\u010dinog mlijeka. Zahvaljuju\u0107i izuzetno mekoj strani, mogu se nanositi izravno na ko\u017eu bez potrebe za dodatnim rukavima, \u0161to zna\u010dajno pove\u0107ava udobnost tijekom kori\u0161tenja. Priprema je jednostavna - obloge se mogu hladiti u hladnjaku ili zamrziva\u010du ili sigurno zagrijavati u mikrovalnoj pe\u0107nici.\n\nPakiranje sadr\u017ei 2 gel obloge za vi\u0161ekratnu upotrebu.\n\nTopli oblog - smanjuje nelagodu i poma\u017ee u opu\u0161tanju za\u010depljenih mlije\u010dnih kanala.\"><span class=\"Y2IQFc\" lang=\"hr\">Hladni oblog ubla\u017eava oticanje, bol i iritaciju.<\/span><\/li>\n<li class=\"tw-data-text tw-text-large tw-ta\" dir=\"ltr\" tabindex=\"-1\" role=\"text\" data-placeholder=\"Prijevod\" data-ved=\"2ahUKEwjLqOu3tbOSAxV_1QIHHf7CEvcQ3ewLegQIDBAV\" aria-label=\"Prevedeni tekst: Canpol babies Hot&amp;Cold gel obloge za dojke posebno su dizajnirane za dojilje kao bitna podr\u0161ka za svakodnevnu njegu dojki.\n\nHladni oblog ubla\u017eava oticanje, bol i iritaciju.\n\nZagrijavaju\u0107i oblog poma\u017ee u opu\u0161tanju mlije\u010dnih kanala i podr\u017eava protok mlijeka.\n\nObloge se mogu koristiti tijekom dojenja ili u kombinaciji s pumpicom za u\u010dinkovitiju stimulaciju protoka maj\u010dinog mlijeka. Zahvaljuju\u0107i izuzetno mekoj strani, mogu se nanositi izravno na ko\u017eu bez potrebe za dodatnim rukavima, \u0161to zna\u010dajno pove\u0107ava udobnost tijekom kori\u0161tenja. Priprema je jednostavna - obloge se mogu hladiti u hladnjaku ili zamrziva\u010du ili sigurno zagrijavati u mikrovalnoj pe\u0107nici.\n\nPakiranje sadr\u017ei 2 gel obloge za vi\u0161ekratnu upotrebu.\n\nTopli oblog - smanjuje nelagodu i poma\u017ee u opu\u0161tanju za\u010depljenih mlije\u010dnih kanala.\"><span class=\"Y2IQFc\" lang=\"hr\"> Topli oblog poma\u017ee u opu\u0161tanju mlije\u010dnih kanala i podr\u017eava protok mlijeka.<\/span><\/li>\n<\/ul>\n<p class=\"tw-data-text tw-text-large tw-ta\" dir=\"ltr\" tabindex=\"-1\" role=\"text\" data-placeholder=\"Prijevod\" data-ved=\"2ahUKEwjLqOu3tbOSAxV_1QIHHf7CEvcQ3ewLegQIDBAV\" aria-label=\"Prevedeni tekst: Canpol babies Hot&amp;Cold gel obloge za dojke posebno su dizajnirane za dojilje kao bitna podr\u0161ka za svakodnevnu njegu dojki.\n\nHladni oblog ubla\u017eava oticanje, bol i iritaciju.\n\nZagrijavaju\u0107i oblog poma\u017ee u opu\u0161tanju mlije\u010dnih kanala i podr\u017eava protok mlijeka.\n\nObloge se mogu koristiti tijekom dojenja ili u kombinaciji s pumpicom za u\u010dinkovitiju stimulaciju protoka maj\u010dinog mlijeka. Zahvaljuju\u0107i izuzetno mekoj strani, mogu se nanositi izravno na ko\u017eu bez potrebe za dodatnim rukavima, \u0161to zna\u010dajno pove\u0107ava udobnost tijekom kori\u0161tenja. Priprema je jednostavna - obloge se mogu hladiti u hladnjaku ili zamrziva\u010du ili sigurno zagrijavati u mikrovalnoj pe\u0107nici.\n\nPakiranje sadr\u017ei 2 gel obloge za vi\u0161ekratnu upotrebu.\n\nTopli oblog - smanjuje nelagodu i poma\u017ee u opu\u0161tanju za\u010depljenih mlije\u010dnih kanala.\"><span class=\"Y2IQFc\" lang=\"hr\">Oblozi se mogu koristiti tijekom dojenja ili u kombinaciji s pumpicom za u\u010dinkovitiju stimulaciju protoka maj\u010dinog mlijeka. Zahvaljuju\u0107i izuzetno mekoj strani, mogu se nanositi izravno na ko\u017eu bez potrebe za dodatnim rukavima, \u0161to zna\u010dajno pove\u0107ava udobnost tijekom kori\u0161tenja. <\/span><\/p>\n<p class=\"tw-data-text tw-text-large tw-ta\" dir=\"ltr\" tabindex=\"-1\" role=\"text\" data-placeholder=\"Prijevod\" data-ved=\"2ahUKEwjLqOu3tbOSAxV_1QIHHf7CEvcQ3ewLegQIDBAV\" aria-label=\"Prevedeni tekst: Canpol babies Hot&amp;Cold gel obloge za dojke posebno su dizajnirane za dojilje kao bitna podr\u0161ka za svakodnevnu njegu dojki.\n\nHladni oblog ubla\u017eava oticanje, bol i iritaciju.\n\nZagrijavaju\u0107i oblog poma\u017ee u opu\u0161tanju mlije\u010dnih kanala i podr\u017eava protok mlijeka.\n\nObloge se mogu koristiti tijekom dojenja ili u kombinaciji s pumpicom za u\u010dinkovitiju stimulaciju protoka maj\u010dinog mlijeka. Zahvaljuju\u0107i izuzetno mekoj strani, mogu se nanositi izravno na ko\u017eu bez potrebe za dodatnim rukavima, \u0161to zna\u010dajno pove\u0107ava udobnost tijekom kori\u0161tenja. Priprema je jednostavna - obloge se mogu hladiti u hladnjaku ili zamrziva\u010du ili sigurno zagrijavati u mikrovalnoj pe\u0107nici.\n\nPakiranje sadr\u017ei 2 gel obloge za vi\u0161ekratnu upotrebu.\n\nTopli oblog - smanjuje nelagodu i poma\u017ee u opu\u0161tanju za\u010depljenih mlije\u010dnih kanala.\"><span class=\"Y2IQFc\" lang=\"hr\">Priprema je jednostavna &#8211; oblozi se mogu hladiti u hladnjaku ili zamrziva\u010du ili sigurno zagrijavati u mikrovalnoj pe\u0107nici. <\/span><\/p>\n<p class=\"tw-data-text tw-text-large tw-ta\" dir=\"ltr\" tabindex=\"-1\" role=\"text\" data-placeholder=\"Prijevod\" data-ved=\"2ahUKEwjLqOu3tbOSAxV_1QIHHf7CEvcQ3ewLegQIDBAV\" aria-label=\"Prevedeni tekst: Canpol babies Hot&amp;Cold gel obloge za dojke posebno su dizajnirane za dojilje kao bitna podr\u0161ka za svakodnevnu njegu dojki.\n\nHladni oblog ubla\u017eava oticanje, bol i iritaciju.\n\nZagrijavaju\u0107i oblog poma\u017ee u opu\u0161tanju mlije\u010dnih kanala i podr\u017eava protok mlijeka.\n\nObloge se mogu koristiti tijekom dojenja ili u kombinaciji s pumpicom za u\u010dinkovitiju stimulaciju protoka maj\u010dinog mlijeka. Zahvaljuju\u0107i izuzetno mekoj strani, mogu se nanositi izravno na ko\u017eu bez potrebe za dodatnim rukavima, \u0161to zna\u010dajno pove\u0107ava udobnost tijekom kori\u0161tenja. Priprema je jednostavna - obloge se mogu hladiti u hladnjaku ili zamrziva\u010du ili sigurno zagrijavati u mikrovalnoj pe\u0107nici.\n\nPakiranje sadr\u017ei 2 gel obloge za vi\u0161ekratnu upotrebu.\n\nTopli oblog - smanjuje nelagodu i poma\u017ee u opu\u0161tanju za\u010depljenih mlije\u010dnih kanala.\"><span class=\"Y2IQFc\" lang=\"hr\">Pakiranje sadr\u017ei 2 gel obloga za vi\u0161ekratnu upotrebu.\u00a0<\/span><\/p>\n<\/div>\n<div id=\"tw-target-rmn-container\" class=\"tw-target-rmn tw-ta-container tw-nfl\" tabindex=\"-1\" role=\"text\">\n<p id=\"tw-target-rmn\" class=\"tw-data-placeholder tw-text-small tw-ta\" dir=\"ltr\" tabindex=\"-1\" role=\"text\">\n<\/div>\n","protected":false},"featured_media":1053,"comment_status":"open","ping_status":"closed","template":"","meta":[],"product_brand":[133],"product_cat":[26,173],"product_tag":[],"class_list":{"0":"post-1052","1":"product","2":"type-product","3":"status-publish","4":"has-post-thumbnail","6":"product_brand-canpol-babies","7":"product_cat-za-mame","8":"product_cat-za-rodiliste","10":"first","11":"instock","12":"taxable","13":"shipping-taxable","14":"product-type-simple"},"yoast_head":"<!-- This site is optimized with the Yoast SEO plugin v27.3 - https:\/\/yoast.com\/product\/yoast-seo-wordpress\/ -->\n<title>CANPOL BABIES toplo\/hladno gel oblozi za grudi, 2 kom - Sretna beba<\/title>\n<meta name=\"robots\" content=\"index, follow, max-snippet:-1, max-image-preview:large, max-video-preview:-1\" \/>\n<link rel=\"canonical\" href=\"https:\/\/sretnabeba.hr\/index.php\/proizvod\/canpol-babies-toplo-hladno-gel-oblozi-za-grudi-2-kom\/\" \/>\n<meta property=\"og:locale\" content=\"hr_HR\" \/>\n<meta property=\"og:type\" content=\"article\" \/>\n<meta property=\"og:title\" content=\"CANPOL BABIES toplo\/hladno gel oblozi za grudi, 2 kom - Sretna beba\" \/>\n<meta property=\"og:description\" content=\"Canpol babies Hot&amp;Cold gel oblozi za dojke posebno su dizajnirani za dojilje kao bitna podr\u0161ka za svakodnevnu njegu dojki.    Hladni oblog ubla\u017eava oticanje, bol i iritaciju.   Topli oblog poma\u017ee u opu\u0161tanju mlije\u010dnih kanala i podr\u017eava protok mlijeka.  Oblozi se mogu koristiti tijekom dojenja ili u kombinaciji s pumpicom za u\u010dinkovitiju stimulaciju protoka maj\u010dinog mlijeka. Zahvaljuju\u0107i izuzetno mekoj strani, mogu se nanositi izravno na ko\u017eu bez potrebe za dodatnim rukavima, \u0161to zna\u010dajno pove\u0107ava udobnost tijekom kori\u0161tenja.  Priprema je jednostavna - oblozi se mogu hladiti u hladnjaku ili zamrziva\u010du ili sigurno zagrijavati u mikrovalnoj pe\u0107nici.  Pakiranje sadr\u017ei 2 gel obloga za vi\u0161ekratnu upotrebu.\u00a0\" \/>\n<meta property=\"og:url\" content=\"https:\/\/sretnabeba.hr\/index.php\/proizvod\/canpol-babies-toplo-hladno-gel-oblozi-za-grudi-2-kom\/\" \/>\n<meta property=\"og:site_name\" content=\"Sretna beba\" \/>\n<meta property=\"article:modified_time\" content=\"2026-01-30T14:01:06+00:00\" \/>\n<meta property=\"og:image\" content=\"https:\/\/sretnabeba.hr\/webw3\/wp-content\/uploads\/2026\/01\/canpol-babies-gelovy-obklad-na-prsa-hotcold-2ks.jpg\" \/>\n\t<meta property=\"og:image:width\" content=\"1000\" \/>\n\t<meta property=\"og:image:height\" content=\"1000\" \/>\n\t<meta property=\"og:image:type\" content=\"image\/jpeg\" \/>\n<meta name=\"twitter:card\" content=\"summary_large_image\" \/>\n<script type=\"application\/ld+json\" class=\"yoast-schema-graph\">{\"@context\":\"https:\\\/\\\/schema.org\",\"@graph\":[{\"@type\":\"WebPage\",\"@id\":\"https:\\\/\\\/sretnabeba.hr\\\/index.php\\\/proizvod\\\/canpol-babies-toplo-hladno-gel-oblozi-za-grudi-2-kom\\\/\",\"url\":\"https:\\\/\\\/sretnabeba.hr\\\/index.php\\\/proizvod\\\/canpol-babies-toplo-hladno-gel-oblozi-za-grudi-2-kom\\\/\",\"name\":\"CANPOL BABIES toplo\\\/hladno gel oblozi za grudi, 2 kom - Sretna beba\",\"isPartOf\":{\"@id\":\"https:\\\/\\\/sretnabeba.hr\\\/#website\"},\"primaryImageOfPage\":{\"@id\":\"https:\\\/\\\/sretnabeba.hr\\\/index.php\\\/proizvod\\\/canpol-babies-toplo-hladno-gel-oblozi-za-grudi-2-kom\\\/#primaryimage\"},\"image\":{\"@id\":\"https:\\\/\\\/sretnabeba.hr\\\/index.php\\\/proizvod\\\/canpol-babies-toplo-hladno-gel-oblozi-za-grudi-2-kom\\\/#primaryimage\"},\"thumbnailUrl\":\"https:\\\/\\\/sretnabeba.hr\\\/webw3\\\/wp-content\\\/uploads\\\/2026\\\/01\\\/canpol-babies-gelovy-obklad-na-prsa-hotcold-2ks.jpg\",\"datePublished\":\"2026-01-30T13:57:28+00:00\",\"dateModified\":\"2026-01-30T14:01:06+00:00\",\"breadcrumb\":{\"@id\":\"https:\\\/\\\/sretnabeba.hr\\\/index.php\\\/proizvod\\\/canpol-babies-toplo-hladno-gel-oblozi-za-grudi-2-kom\\\/#breadcrumb\"},\"inLanguage\":\"hr\",\"potentialAction\":[{\"@type\":\"ReadAction\",\"target\":[\"https:\\\/\\\/sretnabeba.hr\\\/index.php\\\/proizvod\\\/canpol-babies-toplo-hladno-gel-oblozi-za-grudi-2-kom\\\/\"]}]},{\"@type\":\"ImageObject\",\"inLanguage\":\"hr\",\"@id\":\"https:\\\/\\\/sretnabeba.hr\\\/index.php\\\/proizvod\\\/canpol-babies-toplo-hladno-gel-oblozi-za-grudi-2-kom\\\/#primaryimage\",\"url\":\"https:\\\/\\\/sretnabeba.hr\\\/webw3\\\/wp-content\\\/uploads\\\/2026\\\/01\\\/canpol-babies-gelovy-obklad-na-prsa-hotcold-2ks.jpg\",\"contentUrl\":\"https:\\\/\\\/sretnabeba.hr\\\/webw3\\\/wp-content\\\/uploads\\\/2026\\\/01\\\/canpol-babies-gelovy-obklad-na-prsa-hotcold-2ks.jpg\",\"width\":1000,\"height\":1000},{\"@type\":\"BreadcrumbList\",\"@id\":\"https:\\\/\\\/sretnabeba.hr\\\/index.php\\\/proizvod\\\/canpol-babies-toplo-hladno-gel-oblozi-za-grudi-2-kom\\\/#breadcrumb\",\"itemListElement\":[{\"@type\":\"ListItem\",\"position\":1,\"name\":\"Po\u010detna stranica\",\"item\":\"https:\\\/\\\/sretnabeba.hr\\\/\"},{\"@type\":\"ListItem\",\"position\":2,\"name\":\"Shop\",\"item\":\"https:\\\/\\\/sretnabeba.hr\\\/index.php\\\/shop\\\/\"},{\"@type\":\"ListItem\",\"position\":3,\"name\":\"CANPOL BABIES toplo\\\/hladno gel oblozi za grudi, 2 kom\"}]},{\"@type\":\"WebSite\",\"@id\":\"https:\\\/\\\/sretnabeba.hr\\\/#website\",\"url\":\"https:\\\/\\\/sretnabeba.hr\\\/\",\"name\":\"Sretna beba - LOVI i CANPOL BABIES oprema za bebe\",\"description\":\"Zastupnik i distributer Lovi i Canpol babies opreme za Hrvatsku\",\"publisher\":{\"@id\":\"https:\\\/\\\/sretnabeba.hr\\\/#organization\"},\"alternateName\":\"Oprema za bebe\",\"potentialAction\":[{\"@type\":\"SearchAction\",\"target\":{\"@type\":\"EntryPoint\",\"urlTemplate\":\"https:\\\/\\\/sretnabeba.hr\\\/?s={search_term_string}\"},\"query-input\":{\"@type\":\"PropertyValueSpecification\",\"valueRequired\":true,\"valueName\":\"search_term_string\"}}],\"inLanguage\":\"hr\"},{\"@type\":\"Organization\",\"@id\":\"https:\\\/\\\/sretnabeba.hr\\\/#organization\",\"name\":\"Sretna beba\",\"alternateName\":\"Zastupnik i distributer Lovi i Canpol babies opreme za Hrvatsku\",\"url\":\"https:\\\/\\\/sretnabeba.hr\\\/\",\"logo\":{\"@type\":\"ImageObject\",\"inLanguage\":\"hr\",\"@id\":\"https:\\\/\\\/sretnabeba.hr\\\/#\\\/schema\\\/logo\\\/image\\\/\",\"url\":\"https:\\\/\\\/sretnabeba.hr\\\/webw3\\\/wp-content\\\/uploads\\\/2023\\\/06\\\/logo-sretnabeba.hr-01.png\",\"contentUrl\":\"https:\\\/\\\/sretnabeba.hr\\\/webw3\\\/wp-content\\\/uploads\\\/2023\\\/06\\\/logo-sretnabeba.hr-01.png\",\"width\":619,\"height\":625,\"caption\":\"Sretna beba\"},\"image\":{\"@id\":\"https:\\\/\\\/sretnabeba.hr\\\/#\\\/schema\\\/logo\\\/image\\\/\"}}]}<\/script>\n<!-- \/ Yoast SEO plugin. -->","yoast_head_json":{"title":"CANPOL BABIES toplo\/hladno gel oblozi za grudi, 2 kom - Sretna beba","robots":{"index":"index","follow":"follow","max-snippet":"max-snippet:-1","max-image-preview":"max-image-preview:large","max-video-preview":"max-video-preview:-1"},"canonical":"https:\/\/sretnabeba.hr\/index.php\/proizvod\/canpol-babies-toplo-hladno-gel-oblozi-za-grudi-2-kom\/","og_locale":"hr_HR","og_type":"article","og_title":"CANPOL BABIES toplo\/hladno gel oblozi za grudi, 2 kom - Sretna beba","og_description":"Canpol babies Hot&amp;Cold gel oblozi za dojke posebno su dizajnirani za dojilje kao bitna podr\u0161ka za svakodnevnu njegu dojki.    Hladni oblog ubla\u017eava oticanje, bol i iritaciju.   Topli oblog poma\u017ee u opu\u0161tanju mlije\u010dnih kanala i podr\u017eava protok mlijeka.  Oblozi se mogu koristiti tijekom dojenja ili u kombinaciji s pumpicom za u\u010dinkovitiju stimulaciju protoka maj\u010dinog mlijeka. Zahvaljuju\u0107i izuzetno mekoj strani, mogu se nanositi izravno na ko\u017eu bez potrebe za dodatnim rukavima, \u0161to zna\u010dajno pove\u0107ava udobnost tijekom kori\u0161tenja.  Priprema je jednostavna - oblozi se mogu hladiti u hladnjaku ili zamrziva\u010du ili sigurno zagrijavati u mikrovalnoj pe\u0107nici.  Pakiranje sadr\u017ei 2 gel obloga za vi\u0161ekratnu upotrebu.\u00a0","og_url":"https:\/\/sretnabeba.hr\/index.php\/proizvod\/canpol-babies-toplo-hladno-gel-oblozi-za-grudi-2-kom\/","og_site_name":"Sretna beba","article_modified_time":"2026-01-30T14:01:06+00:00","og_image":[{"width":1000,"height":1000,"url":"https:\/\/sretnabeba.hr\/webw3\/wp-content\/uploads\/2026\/01\/canpol-babies-gelovy-obklad-na-prsa-hotcold-2ks.jpg","type":"image\/jpeg"}],"twitter_card":"summary_large_image","schema":{"@context":"https:\/\/schema.org","@graph":[{"@type":"WebPage","@id":"https:\/\/sretnabeba.hr\/index.php\/proizvod\/canpol-babies-toplo-hladno-gel-oblozi-za-grudi-2-kom\/","url":"https:\/\/sretnabeba.hr\/index.php\/proizvod\/canpol-babies-toplo-hladno-gel-oblozi-za-grudi-2-kom\/","name":"CANPOL BABIES toplo\/hladno gel oblozi za grudi, 2 kom - Sretna beba","isPartOf":{"@id":"https:\/\/sretnabeba.hr\/#website"},"primaryImageOfPage":{"@id":"https:\/\/sretnabeba.hr\/index.php\/proizvod\/canpol-babies-toplo-hladno-gel-oblozi-za-grudi-2-kom\/#primaryimage"},"image":{"@id":"https:\/\/sretnabeba.hr\/index.php\/proizvod\/canpol-babies-toplo-hladno-gel-oblozi-za-grudi-2-kom\/#primaryimage"},"thumbnailUrl":"https:\/\/sretnabeba.hr\/webw3\/wp-content\/uploads\/2026\/01\/canpol-babies-gelovy-obklad-na-prsa-hotcold-2ks.jpg","datePublished":"2026-01-30T13:57:28+00:00","dateModified":"2026-01-30T14:01:06+00:00","breadcrumb":{"@id":"https:\/\/sretnabeba.hr\/index.php\/proizvod\/canpol-babies-toplo-hladno-gel-oblozi-za-grudi-2-kom\/#breadcrumb"},"inLanguage":"hr","potentialAction":[{"@type":"ReadAction","target":["https:\/\/sretnabeba.hr\/index.php\/proizvod\/canpol-babies-toplo-hladno-gel-oblozi-za-grudi-2-kom\/"]}]},{"@type":"ImageObject","inLanguage":"hr","@id":"https:\/\/sretnabeba.hr\/index.php\/proizvod\/canpol-babies-toplo-hladno-gel-oblozi-za-grudi-2-kom\/#primaryimage","url":"https:\/\/sretnabeba.hr\/webw3\/wp-content\/uploads\/2026\/01\/canpol-babies-gelovy-obklad-na-prsa-hotcold-2ks.jpg","contentUrl":"https:\/\/sretnabeba.hr\/webw3\/wp-content\/uploads\/2026\/01\/canpol-babies-gelovy-obklad-na-prsa-hotcold-2ks.jpg","width":1000,"height":1000},{"@type":"BreadcrumbList","@id":"https:\/\/sretnabeba.hr\/index.php\/proizvod\/canpol-babies-toplo-hladno-gel-oblozi-za-grudi-2-kom\/#breadcrumb","itemListElement":[{"@type":"ListItem","position":1,"name":"Po\u010detna stranica","item":"https:\/\/sretnabeba.hr\/"},{"@type":"ListItem","position":2,"name":"Shop","item":"https:\/\/sretnabeba.hr\/index.php\/shop\/"},{"@type":"ListItem","position":3,"name":"CANPOL BABIES toplo\/hladno gel oblozi za grudi, 2 kom"}]},{"@type":"WebSite","@id":"https:\/\/sretnabeba.hr\/#website","url":"https:\/\/sretnabeba.hr\/","name":"Sretna beba - LOVI i CANPOL BABIES oprema za bebe","description":"Zastupnik i distributer Lovi i Canpol babies opreme za Hrvatsku","publisher":{"@id":"https:\/\/sretnabeba.hr\/#organization"},"alternateName":"Oprema za bebe","potentialAction":[{"@type":"SearchAction","target":{"@type":"EntryPoint","urlTemplate":"https:\/\/sretnabeba.hr\/?s={search_term_string}"},"query-input":{"@type":"PropertyValueSpecification","valueRequired":true,"valueName":"search_term_string"}}],"inLanguage":"hr"},{"@type":"Organization","@id":"https:\/\/sretnabeba.hr\/#organization","name":"Sretna beba","alternateName":"Zastupnik i distributer Lovi i Canpol babies opreme za Hrvatsku","url":"https:\/\/sretnabeba.hr\/","logo":{"@type":"ImageObject","inLanguage":"hr","@id":"https:\/\/sretnabeba.hr\/#\/schema\/logo\/image\/","url":"https:\/\/sretnabeba.hr\/webw3\/wp-content\/uploads\/2023\/06\/logo-sretnabeba.hr-01.png","contentUrl":"https:\/\/sretnabeba.hr\/webw3\/wp-content\/uploads\/2023\/06\/logo-sretnabeba.hr-01.png","width":619,"height":625,"caption":"Sretna beba"},"image":{"@id":"https:\/\/sretnabeba.hr\/#\/schema\/logo\/image\/"}}]}},"_links":{"self":[{"href":"https:\/\/sretnabeba.hr\/index.php\/wp-json\/wp\/v2\/product\/1052","targetHints":{"allow":["GET"]}}],"collection":[{"href":"https:\/\/sretnabeba.hr\/index.php\/wp-json\/wp\/v2\/product"}],"about":[{"href":"https:\/\/sretnabeba.hr\/index.php\/wp-json\/wp\/v2\/types\/product"}],"replies":[{"embeddable":true,"href":"https:\/\/sretnabeba.hr\/index.php\/wp-json\/wp\/v2\/comments?post=1052"}],"wp:featuredmedia":[{"embeddable":true,"href":"https:\/\/sretnabeba.hr\/index.php\/wp-json\/wp\/v2\/media\/1053"}],"wp:attachment":[{"href":"https:\/\/sretnabeba.hr\/index.php\/wp-json\/wp\/v2\/media?parent=1052"}],"wp:term":[{"taxonomy":"product_brand","embeddable":true,"href":"https:\/\/sretnabeba.hr\/index.php\/wp-json\/wp\/v2\/product_brand?post=1052"},{"taxonomy":"product_cat","embeddable":true,"href":"https:\/\/sretnabeba.hr\/index.php\/wp-json\/wp\/v2\/product_cat?post=1052"},{"taxonomy":"product_tag","embeddable":true,"href":"https:\/\/sretnabeba.hr\/index.php\/wp-json\/wp\/v2\/product_tag?post=1052"}],"curies":[{"name":"wp","href":"https:\/\/api.w.org\/{rel}","templated":true}]}}