{"id":1080,"date":"2026-01-30T15:27:26","date_gmt":"2026-01-30T14:27:26","guid":{"rendered":"https:\/\/sretnabeba.hr\/?post_type=product&#038;p=1080"},"modified":"2026-03-13T09:27:07","modified_gmt":"2026-03-13T08:27:07","slug":"canpol-babies-jednokratne-postporodajne-gacice-5-kom","status":"publish","type":"product","link":"https:\/\/sretnabeba.hr\/index.php\/proizvod\/canpol-babies-jednokratne-postporodajne-gacice-5-kom\/","title":{"rendered":"CANPOL BABIES jednokratne postporo\u0111ajne ga\u0107ice, 5 kom"},"content":{"rendered":"","protected":false},"excerpt":{"rendered":"<p id=\"tw-target-text\" class=\"tw-data-text tw-text-large tw-ta\" dir=\"ltr\" tabindex=\"-1\" role=\"text\" data-placeholder=\"Prijevod\" data-ved=\"2ahUKEwj15qe5urOSAxVf0AIHHbu8GC4Q3ewLegQIDBAV\" aria-label=\"Prevedeni tekst: Higijenske ga\u0107ice za jednokratnu upotrebu namijenjene su za upotrebu nakon poroda. Izra\u0111ene su od mekih, finih vlakana koja ne iritiraju ko\u017eu i dobro propusna su za zrak. Zavr\u0161avaju se mekom elasti\u010dnom trakom u struku i oko ga\u0107ica. Iz higijenskih razloga svaki komad je pojedina\u010dno zamotan. Dolaze u tri veli\u010dine: M\/L, L, L\/XL (veli\u010dina je nazna\u010dena na pakiranju). Upute za upotrebu: Nakon upotrebe, ga\u0107ice zamotajte i bacite u sme\u0107e.\"><span class=\"Y2IQFc\" lang=\"hr\">Higijenske ga\u0107ice za jednokratnu upotrebu namijenjene su za upotrebu nakon poroda. Izra\u0111ene su od mekih, finih vlakana koja ne iritiraju ko\u017eu i dobro propusna su za zrak. <\/span><span class=\"Y2IQFc\" lang=\"hr\">Zavr\u0161avaju se mekom elasti\u010dnom trakom u struku i oko ga\u0107ica. <\/span><\/p>\n<p class=\"tw-data-text tw-text-large tw-ta\" dir=\"ltr\" tabindex=\"-1\" role=\"text\" data-placeholder=\"Prijevod\" data-ved=\"2ahUKEwj15qe5urOSAxVf0AIHHbu8GC4Q3ewLegQIDBAV\" aria-label=\"Prevedeni tekst: Higijenske ga\u0107ice za jednokratnu upotrebu namijenjene su za upotrebu nakon poroda. Izra\u0111ene su od mekih, finih vlakana koja ne iritiraju ko\u017eu i dobro propusna su za zrak. Zavr\u0161avaju se mekom elasti\u010dnom trakom u struku i oko ga\u0107ica. Iz higijenskih razloga svaki komad je pojedina\u010dno zamotan. Dolaze u tri veli\u010dine: M\/L, L, L\/XL (veli\u010dina je nazna\u010dena na pakiranju). Upute za upotrebu: Nakon upotrebe, ga\u0107ice zamotajte i bacite u sme\u0107e.\"><span class=\"Y2IQFc\" lang=\"hr\">Iz higijenskih razloga svaki komad je pojedina\u010dno zamotan. <\/span><\/p>\n<p class=\"tw-data-text tw-text-large tw-ta\" dir=\"ltr\" tabindex=\"-1\" role=\"text\" data-placeholder=\"Prijevod\" data-ved=\"2ahUKEwj15qe5urOSAxVf0AIHHbu8GC4Q3ewLegQIDBAV\" aria-label=\"Prevedeni tekst: Higijenske ga\u0107ice za jednokratnu upotrebu namijenjene su za upotrebu nakon poroda. Izra\u0111ene su od mekih, finih vlakana koja ne iritiraju ko\u017eu i dobro propusna su za zrak. Zavr\u0161avaju se mekom elasti\u010dnom trakom u struku i oko ga\u0107ica. Iz higijenskih razloga svaki komad je pojedina\u010dno zamotan. Dolaze u tri veli\u010dine: M\/L, L, L\/XL (veli\u010dina je nazna\u010dena na pakiranju). Upute za upotrebu: Nakon upotrebe, ga\u0107ice zamotajte i bacite u sme\u0107e.\">\n","protected":false},"featured_media":1085,"comment_status":"open","ping_status":"closed","template":"","meta":[],"product_brand":[133],"product_cat":[26,173],"product_tag":[],"class_list":{"0":"post-1080","1":"product","2":"type-product","3":"status-publish","4":"has-post-thumbnail","6":"product_brand-canpol-babies","7":"product_cat-za-mame","8":"product_cat-za-rodiliste","10":"first","11":"instock","12":"taxable","13":"shipping-taxable","14":"purchasable","15":"product-type-variable"},"yoast_head":"<!-- This site is optimized with the Yoast SEO plugin v27.3 - https:\/\/yoast.com\/product\/yoast-seo-wordpress\/ -->\n<title>CANPOL BABIES jednokratne postporo\u0111ajne ga\u0107ice, 5 kom - Sretna beba<\/title>\n<meta name=\"robots\" content=\"index, follow, max-snippet:-1, max-image-preview:large, max-video-preview:-1\" \/>\n<link rel=\"canonical\" href=\"https:\/\/sretnabeba.hr\/index.php\/proizvod\/canpol-babies-jednokratne-postporodajne-gacice-5-kom\/\" \/>\n<meta property=\"og:locale\" content=\"hr_HR\" \/>\n<meta property=\"og:type\" content=\"article\" \/>\n<meta property=\"og:title\" content=\"CANPOL BABIES jednokratne postporo\u0111ajne ga\u0107ice, 5 kom - Sretna beba\" \/>\n<meta property=\"og:description\" content=\"Higijenske ga\u0107ice za jednokratnu upotrebu namijenjene su za upotrebu nakon poroda. Izra\u0111ene su od mekih, finih vlakana koja ne iritiraju ko\u017eu i dobro propusna su za zrak. Zavr\u0161avaju se mekom elasti\u010dnom trakom u struku i oko ga\u0107ica.  Iz higijenskih razloga svaki komad je pojedina\u010dno zamotan.\" \/>\n<meta property=\"og:url\" content=\"https:\/\/sretnabeba.hr\/index.php\/proizvod\/canpol-babies-jednokratne-postporodajne-gacice-5-kom\/\" \/>\n<meta property=\"og:site_name\" content=\"Sretna beba\" \/>\n<meta property=\"article:modified_time\" content=\"2026-03-13T08:27:07+00:00\" \/>\n<meta property=\"og:image\" content=\"https:\/\/sretnabeba.hr\/webw3\/wp-content\/uploads\/2026\/01\/canpol-babies-jednorazove-poporodni-kalhotky-lxl-5ks.jpg\" \/>\n\t<meta property=\"og:image:width\" content=\"1000\" \/>\n\t<meta property=\"og:image:height\" content=\"1000\" \/>\n\t<meta property=\"og:image:type\" content=\"image\/jpeg\" \/>\n<meta name=\"twitter:card\" content=\"summary_large_image\" \/>\n<script type=\"application\/ld+json\" class=\"yoast-schema-graph\">{\"@context\":\"https:\\\/\\\/schema.org\",\"@graph\":[{\"@type\":\"WebPage\",\"@id\":\"https:\\\/\\\/sretnabeba.hr\\\/index.php\\\/proizvod\\\/canpol-babies-jednokratne-postporodajne-gacice-5-kom\\\/\",\"url\":\"https:\\\/\\\/sretnabeba.hr\\\/index.php\\\/proizvod\\\/canpol-babies-jednokratne-postporodajne-gacice-5-kom\\\/\",\"name\":\"CANPOL BABIES jednokratne postporo\u0111ajne ga\u0107ice, 5 kom - Sretna beba\",\"isPartOf\":{\"@id\":\"https:\\\/\\\/sretnabeba.hr\\\/#website\"},\"primaryImageOfPage\":{\"@id\":\"https:\\\/\\\/sretnabeba.hr\\\/index.php\\\/proizvod\\\/canpol-babies-jednokratne-postporodajne-gacice-5-kom\\\/#primaryimage\"},\"image\":{\"@id\":\"https:\\\/\\\/sretnabeba.hr\\\/index.php\\\/proizvod\\\/canpol-babies-jednokratne-postporodajne-gacice-5-kom\\\/#primaryimage\"},\"thumbnailUrl\":\"https:\\\/\\\/sretnabeba.hr\\\/webw3\\\/wp-content\\\/uploads\\\/2026\\\/01\\\/canpol-babies-jednorazove-poporodni-kalhotky-lxl-5ks.jpg\",\"datePublished\":\"2026-01-30T14:27:26+00:00\",\"dateModified\":\"2026-03-13T08:27:07+00:00\",\"breadcrumb\":{\"@id\":\"https:\\\/\\\/sretnabeba.hr\\\/index.php\\\/proizvod\\\/canpol-babies-jednokratne-postporodajne-gacice-5-kom\\\/#breadcrumb\"},\"inLanguage\":\"hr\",\"potentialAction\":[{\"@type\":\"ReadAction\",\"target\":[\"https:\\\/\\\/sretnabeba.hr\\\/index.php\\\/proizvod\\\/canpol-babies-jednokratne-postporodajne-gacice-5-kom\\\/\"]}]},{\"@type\":\"ImageObject\",\"inLanguage\":\"hr\",\"@id\":\"https:\\\/\\\/sretnabeba.hr\\\/index.php\\\/proizvod\\\/canpol-babies-jednokratne-postporodajne-gacice-5-kom\\\/#primaryimage\",\"url\":\"https:\\\/\\\/sretnabeba.hr\\\/webw3\\\/wp-content\\\/uploads\\\/2026\\\/01\\\/canpol-babies-jednorazove-poporodni-kalhotky-lxl-5ks.jpg\",\"contentUrl\":\"https:\\\/\\\/sretnabeba.hr\\\/webw3\\\/wp-content\\\/uploads\\\/2026\\\/01\\\/canpol-babies-jednorazove-poporodni-kalhotky-lxl-5ks.jpg\",\"width\":1000,\"height\":1000},{\"@type\":\"BreadcrumbList\",\"@id\":\"https:\\\/\\\/sretnabeba.hr\\\/index.php\\\/proizvod\\\/canpol-babies-jednokratne-postporodajne-gacice-5-kom\\\/#breadcrumb\",\"itemListElement\":[{\"@type\":\"ListItem\",\"position\":1,\"name\":\"Po\u010detna stranica\",\"item\":\"https:\\\/\\\/sretnabeba.hr\\\/\"},{\"@type\":\"ListItem\",\"position\":2,\"name\":\"Shop\",\"item\":\"https:\\\/\\\/sretnabeba.hr\\\/index.php\\\/shop\\\/\"},{\"@type\":\"ListItem\",\"position\":3,\"name\":\"CANPOL BABIES jednokratne postporo\u0111ajne ga\u0107ice, 5 kom\"}]},{\"@type\":\"WebSite\",\"@id\":\"https:\\\/\\\/sretnabeba.hr\\\/#website\",\"url\":\"https:\\\/\\\/sretnabeba.hr\\\/\",\"name\":\"Sretna beba - LOVI i CANPOL BABIES oprema za bebe\",\"description\":\"Zastupnik i distributer Lovi i Canpol babies opreme za Hrvatsku\",\"publisher\":{\"@id\":\"https:\\\/\\\/sretnabeba.hr\\\/#organization\"},\"alternateName\":\"Oprema za bebe\",\"potentialAction\":[{\"@type\":\"SearchAction\",\"target\":{\"@type\":\"EntryPoint\",\"urlTemplate\":\"https:\\\/\\\/sretnabeba.hr\\\/?s={search_term_string}\"},\"query-input\":{\"@type\":\"PropertyValueSpecification\",\"valueRequired\":true,\"valueName\":\"search_term_string\"}}],\"inLanguage\":\"hr\"},{\"@type\":\"Organization\",\"@id\":\"https:\\\/\\\/sretnabeba.hr\\\/#organization\",\"name\":\"Sretna beba\",\"alternateName\":\"Zastupnik i distributer Lovi i Canpol babies opreme za Hrvatsku\",\"url\":\"https:\\\/\\\/sretnabeba.hr\\\/\",\"logo\":{\"@type\":\"ImageObject\",\"inLanguage\":\"hr\",\"@id\":\"https:\\\/\\\/sretnabeba.hr\\\/#\\\/schema\\\/logo\\\/image\\\/\",\"url\":\"https:\\\/\\\/sretnabeba.hr\\\/webw3\\\/wp-content\\\/uploads\\\/2023\\\/06\\\/logo-sretnabeba.hr-01.png\",\"contentUrl\":\"https:\\\/\\\/sretnabeba.hr\\\/webw3\\\/wp-content\\\/uploads\\\/2023\\\/06\\\/logo-sretnabeba.hr-01.png\",\"width\":619,\"height\":625,\"caption\":\"Sretna beba\"},\"image\":{\"@id\":\"https:\\\/\\\/sretnabeba.hr\\\/#\\\/schema\\\/logo\\\/image\\\/\"}}]}<\/script>\n<!-- \/ Yoast SEO plugin. -->","yoast_head_json":{"title":"CANPOL BABIES jednokratne postporo\u0111ajne ga\u0107ice, 5 kom - Sretna beba","robots":{"index":"index","follow":"follow","max-snippet":"max-snippet:-1","max-image-preview":"max-image-preview:large","max-video-preview":"max-video-preview:-1"},"canonical":"https:\/\/sretnabeba.hr\/index.php\/proizvod\/canpol-babies-jednokratne-postporodajne-gacice-5-kom\/","og_locale":"hr_HR","og_type":"article","og_title":"CANPOL BABIES jednokratne postporo\u0111ajne ga\u0107ice, 5 kom - Sretna beba","og_description":"Higijenske ga\u0107ice za jednokratnu upotrebu namijenjene su za upotrebu nakon poroda. Izra\u0111ene su od mekih, finih vlakana koja ne iritiraju ko\u017eu i dobro propusna su za zrak. Zavr\u0161avaju se mekom elasti\u010dnom trakom u struku i oko ga\u0107ica.  Iz higijenskih razloga svaki komad je pojedina\u010dno zamotan.","og_url":"https:\/\/sretnabeba.hr\/index.php\/proizvod\/canpol-babies-jednokratne-postporodajne-gacice-5-kom\/","og_site_name":"Sretna beba","article_modified_time":"2026-03-13T08:27:07+00:00","og_image":[{"width":1000,"height":1000,"url":"https:\/\/sretnabeba.hr\/webw3\/wp-content\/uploads\/2026\/01\/canpol-babies-jednorazove-poporodni-kalhotky-lxl-5ks.jpg","type":"image\/jpeg"}],"twitter_card":"summary_large_image","schema":{"@context":"https:\/\/schema.org","@graph":[{"@type":"WebPage","@id":"https:\/\/sretnabeba.hr\/index.php\/proizvod\/canpol-babies-jednokratne-postporodajne-gacice-5-kom\/","url":"https:\/\/sretnabeba.hr\/index.php\/proizvod\/canpol-babies-jednokratne-postporodajne-gacice-5-kom\/","name":"CANPOL BABIES jednokratne postporo\u0111ajne ga\u0107ice, 5 kom - Sretna beba","isPartOf":{"@id":"https:\/\/sretnabeba.hr\/#website"},"primaryImageOfPage":{"@id":"https:\/\/sretnabeba.hr\/index.php\/proizvod\/canpol-babies-jednokratne-postporodajne-gacice-5-kom\/#primaryimage"},"image":{"@id":"https:\/\/sretnabeba.hr\/index.php\/proizvod\/canpol-babies-jednokratne-postporodajne-gacice-5-kom\/#primaryimage"},"thumbnailUrl":"https:\/\/sretnabeba.hr\/webw3\/wp-content\/uploads\/2026\/01\/canpol-babies-jednorazove-poporodni-kalhotky-lxl-5ks.jpg","datePublished":"2026-01-30T14:27:26+00:00","dateModified":"2026-03-13T08:27:07+00:00","breadcrumb":{"@id":"https:\/\/sretnabeba.hr\/index.php\/proizvod\/canpol-babies-jednokratne-postporodajne-gacice-5-kom\/#breadcrumb"},"inLanguage":"hr","potentialAction":[{"@type":"ReadAction","target":["https:\/\/sretnabeba.hr\/index.php\/proizvod\/canpol-babies-jednokratne-postporodajne-gacice-5-kom\/"]}]},{"@type":"ImageObject","inLanguage":"hr","@id":"https:\/\/sretnabeba.hr\/index.php\/proizvod\/canpol-babies-jednokratne-postporodajne-gacice-5-kom\/#primaryimage","url":"https:\/\/sretnabeba.hr\/webw3\/wp-content\/uploads\/2026\/01\/canpol-babies-jednorazove-poporodni-kalhotky-lxl-5ks.jpg","contentUrl":"https:\/\/sretnabeba.hr\/webw3\/wp-content\/uploads\/2026\/01\/canpol-babies-jednorazove-poporodni-kalhotky-lxl-5ks.jpg","width":1000,"height":1000},{"@type":"BreadcrumbList","@id":"https:\/\/sretnabeba.hr\/index.php\/proizvod\/canpol-babies-jednokratne-postporodajne-gacice-5-kom\/#breadcrumb","itemListElement":[{"@type":"ListItem","position":1,"name":"Po\u010detna stranica","item":"https:\/\/sretnabeba.hr\/"},{"@type":"ListItem","position":2,"name":"Shop","item":"https:\/\/sretnabeba.hr\/index.php\/shop\/"},{"@type":"ListItem","position":3,"name":"CANPOL BABIES jednokratne postporo\u0111ajne ga\u0107ice, 5 kom"}]},{"@type":"WebSite","@id":"https:\/\/sretnabeba.hr\/#website","url":"https:\/\/sretnabeba.hr\/","name":"Sretna beba - LOVI i CANPOL BABIES oprema za bebe","description":"Zastupnik i distributer Lovi i Canpol babies opreme za Hrvatsku","publisher":{"@id":"https:\/\/sretnabeba.hr\/#organization"},"alternateName":"Oprema za bebe","potentialAction":[{"@type":"SearchAction","target":{"@type":"EntryPoint","urlTemplate":"https:\/\/sretnabeba.hr\/?s={search_term_string}"},"query-input":{"@type":"PropertyValueSpecification","valueRequired":true,"valueName":"search_term_string"}}],"inLanguage":"hr"},{"@type":"Organization","@id":"https:\/\/sretnabeba.hr\/#organization","name":"Sretna beba","alternateName":"Zastupnik i distributer Lovi i Canpol babies opreme za Hrvatsku","url":"https:\/\/sretnabeba.hr\/","logo":{"@type":"ImageObject","inLanguage":"hr","@id":"https:\/\/sretnabeba.hr\/#\/schema\/logo\/image\/","url":"https:\/\/sretnabeba.hr\/webw3\/wp-content\/uploads\/2023\/06\/logo-sretnabeba.hr-01.png","contentUrl":"https:\/\/sretnabeba.hr\/webw3\/wp-content\/uploads\/2023\/06\/logo-sretnabeba.hr-01.png","width":619,"height":625,"caption":"Sretna beba"},"image":{"@id":"https:\/\/sretnabeba.hr\/#\/schema\/logo\/image\/"}}]}},"_links":{"self":[{"href":"https:\/\/sretnabeba.hr\/index.php\/wp-json\/wp\/v2\/product\/1080","targetHints":{"allow":["GET"]}}],"collection":[{"href":"https:\/\/sretnabeba.hr\/index.php\/wp-json\/wp\/v2\/product"}],"about":[{"href":"https:\/\/sretnabeba.hr\/index.php\/wp-json\/wp\/v2\/types\/product"}],"replies":[{"embeddable":true,"href":"https:\/\/sretnabeba.hr\/index.php\/wp-json\/wp\/v2\/comments?post=1080"}],"wp:featuredmedia":[{"embeddable":true,"href":"https:\/\/sretnabeba.hr\/index.php\/wp-json\/wp\/v2\/media\/1085"}],"wp:attachment":[{"href":"https:\/\/sretnabeba.hr\/index.php\/wp-json\/wp\/v2\/media?parent=1080"}],"wp:term":[{"taxonomy":"product_brand","embeddable":true,"href":"https:\/\/sretnabeba.hr\/index.php\/wp-json\/wp\/v2\/product_brand?post=1080"},{"taxonomy":"product_cat","embeddable":true,"href":"https:\/\/sretnabeba.hr\/index.php\/wp-json\/wp\/v2\/product_cat?post=1080"},{"taxonomy":"product_tag","embeddable":true,"href":"https:\/\/sretnabeba.hr\/index.php\/wp-json\/wp\/v2\/product_tag?post=1080"}],"curies":[{"name":"wp","href":"https:\/\/api.w.org\/{rel}","templated":true}]}}