{"id":1120,"date":"2026-03-13T09:40:54","date_gmt":"2026-03-13T08:40:54","guid":{"rendered":"https:\/\/sretnabeba.hr\/?post_type=product&#038;p=1120"},"modified":"2026-03-13T09:47:54","modified_gmt":"2026-03-13T08:47:54","slug":"canpol-babies-prozracni-higijenski-ulosci-za-poslijeporodajnu-upotrebu-10-komada","status":"publish","type":"product","link":"https:\/\/sretnabeba.hr\/index.php\/proizvod\/canpol-babies-prozracni-higijenski-ulosci-za-poslijeporodajnu-upotrebu-10-komada\/","title":{"rendered":"CANPOL BABIES prozra\u010dni higijenski ulo\u0161ci za poslijeporo\u0111ajnu upotrebu, 10 komada"},"content":{"rendered":"","protected":false},"excerpt":{"rendered":"<p>Postporo\u0111ajni prozra\u010dni higijenski ulo\u0161ci namijenjeni su \u017eenama tijekom postporo\u0111ajnog razdoblja. Tanki su i stoga omogu\u0107uju diskretno no\u0161enje. Jedno pakiranje sadr\u017ei 10 komada.<\/p>\n","protected":false},"featured_media":1123,"comment_status":"open","ping_status":"closed","template":"","meta":[],"product_brand":[133],"product_cat":[26,173],"product_tag":[],"class_list":{"0":"post-1120","1":"product","2":"type-product","3":"status-publish","4":"has-post-thumbnail","6":"product_brand-canpol-babies","7":"product_cat-za-mame","8":"product_cat-za-rodiliste","10":"first","11":"instock","12":"taxable","13":"shipping-taxable","14":"purchasable","15":"product-type-simple"},"yoast_head":"<!-- This site is optimized with the Yoast SEO plugin v27.3 - https:\/\/yoast.com\/product\/yoast-seo-wordpress\/ -->\n<title>CANPOL BABIES prozra\u010dni higijenski ulo\u0161ci za poslijeporo\u0111ajnu upotrebu, 10 komada - Sretna beba<\/title>\n<meta name=\"robots\" content=\"index, follow, max-snippet:-1, max-image-preview:large, max-video-preview:-1\" \/>\n<link rel=\"canonical\" href=\"https:\/\/sretnabeba.hr\/index.php\/proizvod\/canpol-babies-prozracni-higijenski-ulosci-za-poslijeporodajnu-upotrebu-10-komada\/\" \/>\n<meta property=\"og:locale\" content=\"hr_HR\" \/>\n<meta property=\"og:type\" content=\"article\" \/>\n<meta property=\"og:title\" content=\"CANPOL BABIES prozra\u010dni higijenski ulo\u0161ci za poslijeporo\u0111ajnu upotrebu, 10 komada - Sretna beba\" \/>\n<meta property=\"og:description\" content=\"Postporo\u0111ajni prozra\u010dni higijenski ulo\u0161ci namijenjeni su \u017eenama tijekom postporo\u0111ajnog razdoblja. Tanki su i stoga omogu\u0107uju diskretno no\u0161enje. Jedno pakiranje sadr\u017ei 10 komada.\" \/>\n<meta property=\"og:url\" content=\"https:\/\/sretnabeba.hr\/index.php\/proizvod\/canpol-babies-prozracni-higijenski-ulosci-za-poslijeporodajnu-upotrebu-10-komada\/\" \/>\n<meta property=\"og:site_name\" content=\"Sretna beba\" \/>\n<meta property=\"article:modified_time\" content=\"2026-03-13T08:47:54+00:00\" \/>\n<meta property=\"og:image\" content=\"https:\/\/sretnabeba.hr\/webw3\/wp-content\/uploads\/2026\/03\/canpol-babies-poporodni-kalhotky-sm-2ks6-1.jpg\" \/>\n\t<meta property=\"og:image:width\" content=\"1000\" \/>\n\t<meta property=\"og:image:height\" content=\"1000\" \/>\n\t<meta property=\"og:image:type\" content=\"image\/jpeg\" \/>\n<meta name=\"twitter:card\" content=\"summary_large_image\" \/>\n<script type=\"application\/ld+json\" class=\"yoast-schema-graph\">{\"@context\":\"https:\\\/\\\/schema.org\",\"@graph\":[{\"@type\":\"WebPage\",\"@id\":\"https:\\\/\\\/sretnabeba.hr\\\/index.php\\\/proizvod\\\/canpol-babies-prozracni-higijenski-ulosci-za-poslijeporodajnu-upotrebu-10-komada\\\/\",\"url\":\"https:\\\/\\\/sretnabeba.hr\\\/index.php\\\/proizvod\\\/canpol-babies-prozracni-higijenski-ulosci-za-poslijeporodajnu-upotrebu-10-komada\\\/\",\"name\":\"CANPOL BABIES prozra\u010dni higijenski ulo\u0161ci za poslijeporo\u0111ajnu upotrebu, 10 komada - Sretna beba\",\"isPartOf\":{\"@id\":\"https:\\\/\\\/sretnabeba.hr\\\/#website\"},\"primaryImageOfPage\":{\"@id\":\"https:\\\/\\\/sretnabeba.hr\\\/index.php\\\/proizvod\\\/canpol-babies-prozracni-higijenski-ulosci-za-poslijeporodajnu-upotrebu-10-komada\\\/#primaryimage\"},\"image\":{\"@id\":\"https:\\\/\\\/sretnabeba.hr\\\/index.php\\\/proizvod\\\/canpol-babies-prozracni-higijenski-ulosci-za-poslijeporodajnu-upotrebu-10-komada\\\/#primaryimage\"},\"thumbnailUrl\":\"https:\\\/\\\/sretnabeba.hr\\\/webw3\\\/wp-content\\\/uploads\\\/2026\\\/03\\\/canpol-babies-poporodni-kalhotky-sm-2ks6-1.jpg\",\"datePublished\":\"2026-03-13T08:40:54+00:00\",\"dateModified\":\"2026-03-13T08:47:54+00:00\",\"breadcrumb\":{\"@id\":\"https:\\\/\\\/sretnabeba.hr\\\/index.php\\\/proizvod\\\/canpol-babies-prozracni-higijenski-ulosci-za-poslijeporodajnu-upotrebu-10-komada\\\/#breadcrumb\"},\"inLanguage\":\"hr\",\"potentialAction\":[{\"@type\":\"ReadAction\",\"target\":[\"https:\\\/\\\/sretnabeba.hr\\\/index.php\\\/proizvod\\\/canpol-babies-prozracni-higijenski-ulosci-za-poslijeporodajnu-upotrebu-10-komada\\\/\"]}]},{\"@type\":\"ImageObject\",\"inLanguage\":\"hr\",\"@id\":\"https:\\\/\\\/sretnabeba.hr\\\/index.php\\\/proizvod\\\/canpol-babies-prozracni-higijenski-ulosci-za-poslijeporodajnu-upotrebu-10-komada\\\/#primaryimage\",\"url\":\"https:\\\/\\\/sretnabeba.hr\\\/webw3\\\/wp-content\\\/uploads\\\/2026\\\/03\\\/canpol-babies-poporodni-kalhotky-sm-2ks6-1.jpg\",\"contentUrl\":\"https:\\\/\\\/sretnabeba.hr\\\/webw3\\\/wp-content\\\/uploads\\\/2026\\\/03\\\/canpol-babies-poporodni-kalhotky-sm-2ks6-1.jpg\",\"width\":1000,\"height\":1000},{\"@type\":\"BreadcrumbList\",\"@id\":\"https:\\\/\\\/sretnabeba.hr\\\/index.php\\\/proizvod\\\/canpol-babies-prozracni-higijenski-ulosci-za-poslijeporodajnu-upotrebu-10-komada\\\/#breadcrumb\",\"itemListElement\":[{\"@type\":\"ListItem\",\"position\":1,\"name\":\"Po\u010detna stranica\",\"item\":\"https:\\\/\\\/sretnabeba.hr\\\/\"},{\"@type\":\"ListItem\",\"position\":2,\"name\":\"Shop\",\"item\":\"https:\\\/\\\/sretnabeba.hr\\\/index.php\\\/shop\\\/\"},{\"@type\":\"ListItem\",\"position\":3,\"name\":\"CANPOL BABIES prozra\u010dni higijenski ulo\u0161ci za poslijeporo\u0111ajnu upotrebu, 10 komada\"}]},{\"@type\":\"WebSite\",\"@id\":\"https:\\\/\\\/sretnabeba.hr\\\/#website\",\"url\":\"https:\\\/\\\/sretnabeba.hr\\\/\",\"name\":\"Sretna beba - LOVI i CANPOL BABIES oprema za bebe\",\"description\":\"Zastupnik i distributer Lovi i Canpol babies opreme za Hrvatsku\",\"publisher\":{\"@id\":\"https:\\\/\\\/sretnabeba.hr\\\/#organization\"},\"alternateName\":\"Oprema za bebe\",\"potentialAction\":[{\"@type\":\"SearchAction\",\"target\":{\"@type\":\"EntryPoint\",\"urlTemplate\":\"https:\\\/\\\/sretnabeba.hr\\\/?s={search_term_string}\"},\"query-input\":{\"@type\":\"PropertyValueSpecification\",\"valueRequired\":true,\"valueName\":\"search_term_string\"}}],\"inLanguage\":\"hr\"},{\"@type\":\"Organization\",\"@id\":\"https:\\\/\\\/sretnabeba.hr\\\/#organization\",\"name\":\"Sretna beba\",\"alternateName\":\"Zastupnik i distributer Lovi i Canpol babies opreme za Hrvatsku\",\"url\":\"https:\\\/\\\/sretnabeba.hr\\\/\",\"logo\":{\"@type\":\"ImageObject\",\"inLanguage\":\"hr\",\"@id\":\"https:\\\/\\\/sretnabeba.hr\\\/#\\\/schema\\\/logo\\\/image\\\/\",\"url\":\"https:\\\/\\\/sretnabeba.hr\\\/webw3\\\/wp-content\\\/uploads\\\/2023\\\/06\\\/logo-sretnabeba.hr-01.png\",\"contentUrl\":\"https:\\\/\\\/sretnabeba.hr\\\/webw3\\\/wp-content\\\/uploads\\\/2023\\\/06\\\/logo-sretnabeba.hr-01.png\",\"width\":619,\"height\":625,\"caption\":\"Sretna beba\"},\"image\":{\"@id\":\"https:\\\/\\\/sretnabeba.hr\\\/#\\\/schema\\\/logo\\\/image\\\/\"}}]}<\/script>\n<!-- \/ Yoast SEO plugin. -->","yoast_head_json":{"title":"CANPOL BABIES prozra\u010dni higijenski ulo\u0161ci za poslijeporo\u0111ajnu upotrebu, 10 komada - Sretna beba","robots":{"index":"index","follow":"follow","max-snippet":"max-snippet:-1","max-image-preview":"max-image-preview:large","max-video-preview":"max-video-preview:-1"},"canonical":"https:\/\/sretnabeba.hr\/index.php\/proizvod\/canpol-babies-prozracni-higijenski-ulosci-za-poslijeporodajnu-upotrebu-10-komada\/","og_locale":"hr_HR","og_type":"article","og_title":"CANPOL BABIES prozra\u010dni higijenski ulo\u0161ci za poslijeporo\u0111ajnu upotrebu, 10 komada - Sretna beba","og_description":"Postporo\u0111ajni prozra\u010dni higijenski ulo\u0161ci namijenjeni su \u017eenama tijekom postporo\u0111ajnog razdoblja. Tanki su i stoga omogu\u0107uju diskretno no\u0161enje. Jedno pakiranje sadr\u017ei 10 komada.","og_url":"https:\/\/sretnabeba.hr\/index.php\/proizvod\/canpol-babies-prozracni-higijenski-ulosci-za-poslijeporodajnu-upotrebu-10-komada\/","og_site_name":"Sretna beba","article_modified_time":"2026-03-13T08:47:54+00:00","og_image":[{"width":1000,"height":1000,"url":"https:\/\/sretnabeba.hr\/webw3\/wp-content\/uploads\/2026\/03\/canpol-babies-poporodni-kalhotky-sm-2ks6-1.jpg","type":"image\/jpeg"}],"twitter_card":"summary_large_image","schema":{"@context":"https:\/\/schema.org","@graph":[{"@type":"WebPage","@id":"https:\/\/sretnabeba.hr\/index.php\/proizvod\/canpol-babies-prozracni-higijenski-ulosci-za-poslijeporodajnu-upotrebu-10-komada\/","url":"https:\/\/sretnabeba.hr\/index.php\/proizvod\/canpol-babies-prozracni-higijenski-ulosci-za-poslijeporodajnu-upotrebu-10-komada\/","name":"CANPOL BABIES prozra\u010dni higijenski ulo\u0161ci za poslijeporo\u0111ajnu upotrebu, 10 komada - Sretna beba","isPartOf":{"@id":"https:\/\/sretnabeba.hr\/#website"},"primaryImageOfPage":{"@id":"https:\/\/sretnabeba.hr\/index.php\/proizvod\/canpol-babies-prozracni-higijenski-ulosci-za-poslijeporodajnu-upotrebu-10-komada\/#primaryimage"},"image":{"@id":"https:\/\/sretnabeba.hr\/index.php\/proizvod\/canpol-babies-prozracni-higijenski-ulosci-za-poslijeporodajnu-upotrebu-10-komada\/#primaryimage"},"thumbnailUrl":"https:\/\/sretnabeba.hr\/webw3\/wp-content\/uploads\/2026\/03\/canpol-babies-poporodni-kalhotky-sm-2ks6-1.jpg","datePublished":"2026-03-13T08:40:54+00:00","dateModified":"2026-03-13T08:47:54+00:00","breadcrumb":{"@id":"https:\/\/sretnabeba.hr\/index.php\/proizvod\/canpol-babies-prozracni-higijenski-ulosci-za-poslijeporodajnu-upotrebu-10-komada\/#breadcrumb"},"inLanguage":"hr","potentialAction":[{"@type":"ReadAction","target":["https:\/\/sretnabeba.hr\/index.php\/proizvod\/canpol-babies-prozracni-higijenski-ulosci-za-poslijeporodajnu-upotrebu-10-komada\/"]}]},{"@type":"ImageObject","inLanguage":"hr","@id":"https:\/\/sretnabeba.hr\/index.php\/proizvod\/canpol-babies-prozracni-higijenski-ulosci-za-poslijeporodajnu-upotrebu-10-komada\/#primaryimage","url":"https:\/\/sretnabeba.hr\/webw3\/wp-content\/uploads\/2026\/03\/canpol-babies-poporodni-kalhotky-sm-2ks6-1.jpg","contentUrl":"https:\/\/sretnabeba.hr\/webw3\/wp-content\/uploads\/2026\/03\/canpol-babies-poporodni-kalhotky-sm-2ks6-1.jpg","width":1000,"height":1000},{"@type":"BreadcrumbList","@id":"https:\/\/sretnabeba.hr\/index.php\/proizvod\/canpol-babies-prozracni-higijenski-ulosci-za-poslijeporodajnu-upotrebu-10-komada\/#breadcrumb","itemListElement":[{"@type":"ListItem","position":1,"name":"Po\u010detna stranica","item":"https:\/\/sretnabeba.hr\/"},{"@type":"ListItem","position":2,"name":"Shop","item":"https:\/\/sretnabeba.hr\/index.php\/shop\/"},{"@type":"ListItem","position":3,"name":"CANPOL BABIES prozra\u010dni higijenski ulo\u0161ci za poslijeporo\u0111ajnu upotrebu, 10 komada"}]},{"@type":"WebSite","@id":"https:\/\/sretnabeba.hr\/#website","url":"https:\/\/sretnabeba.hr\/","name":"Sretna beba - LOVI i CANPOL BABIES oprema za bebe","description":"Zastupnik i distributer Lovi i Canpol babies opreme za Hrvatsku","publisher":{"@id":"https:\/\/sretnabeba.hr\/#organization"},"alternateName":"Oprema za bebe","potentialAction":[{"@type":"SearchAction","target":{"@type":"EntryPoint","urlTemplate":"https:\/\/sretnabeba.hr\/?s={search_term_string}"},"query-input":{"@type":"PropertyValueSpecification","valueRequired":true,"valueName":"search_term_string"}}],"inLanguage":"hr"},{"@type":"Organization","@id":"https:\/\/sretnabeba.hr\/#organization","name":"Sretna beba","alternateName":"Zastupnik i distributer Lovi i Canpol babies opreme za Hrvatsku","url":"https:\/\/sretnabeba.hr\/","logo":{"@type":"ImageObject","inLanguage":"hr","@id":"https:\/\/sretnabeba.hr\/#\/schema\/logo\/image\/","url":"https:\/\/sretnabeba.hr\/webw3\/wp-content\/uploads\/2023\/06\/logo-sretnabeba.hr-01.png","contentUrl":"https:\/\/sretnabeba.hr\/webw3\/wp-content\/uploads\/2023\/06\/logo-sretnabeba.hr-01.png","width":619,"height":625,"caption":"Sretna beba"},"image":{"@id":"https:\/\/sretnabeba.hr\/#\/schema\/logo\/image\/"}}]}},"_links":{"self":[{"href":"https:\/\/sretnabeba.hr\/index.php\/wp-json\/wp\/v2\/product\/1120","targetHints":{"allow":["GET"]}}],"collection":[{"href":"https:\/\/sretnabeba.hr\/index.php\/wp-json\/wp\/v2\/product"}],"about":[{"href":"https:\/\/sretnabeba.hr\/index.php\/wp-json\/wp\/v2\/types\/product"}],"replies":[{"embeddable":true,"href":"https:\/\/sretnabeba.hr\/index.php\/wp-json\/wp\/v2\/comments?post=1120"}],"wp:featuredmedia":[{"embeddable":true,"href":"https:\/\/sretnabeba.hr\/index.php\/wp-json\/wp\/v2\/media\/1123"}],"wp:attachment":[{"href":"https:\/\/sretnabeba.hr\/index.php\/wp-json\/wp\/v2\/media?parent=1120"}],"wp:term":[{"taxonomy":"product_brand","embeddable":true,"href":"https:\/\/sretnabeba.hr\/index.php\/wp-json\/wp\/v2\/product_brand?post=1120"},{"taxonomy":"product_cat","embeddable":true,"href":"https:\/\/sretnabeba.hr\/index.php\/wp-json\/wp\/v2\/product_cat?post=1120"},{"taxonomy":"product_tag","embeddable":true,"href":"https:\/\/sretnabeba.hr\/index.php\/wp-json\/wp\/v2\/product_tag?post=1120"}],"curies":[{"name":"wp","href":"https:\/\/api.w.org\/{rel}","templated":true}]}}