{"id":1138,"date":"2026-03-13T10:17:28","date_gmt":"2026-03-13T09:17:28","guid":{"rendered":"https:\/\/sretnabeba.hr\/?post_type=product&#038;p=1138"},"modified":"2026-03-13T10:22:11","modified_gmt":"2026-03-13T09:22:11","slug":"canpol-babies-gel-jastucici-za-postporodajnu-terapiju-toplom-i-hladnom-vodom-2-komada","status":"publish","type":"product","link":"https:\/\/sretnabeba.hr\/index.php\/proizvod\/canpol-babies-gel-jastucici-za-postporodajnu-terapiju-toplom-i-hladnom-vodom-2-komada\/","title":{"rendered":"CANPOL BABIES gel jastu\u010di\u0107i za postporo\u0111ajnu terapiju toplom i hladnom vodom, 2 komada"},"content":{"rendered":"","protected":false},"excerpt":{"rendered":"<p>Postporo\u0111ajni topli i hladni jastu\u010di\u0107i za terapiju \u2013 Canpol babies Hot&amp;Cold gel jastu\u010di\u0107i univerzalno su pomagalo u postporo\u0111ajnom razdoblju za potporu udobnosti i regeneraciji majke. Pru\u017eaju olak\u0161anje tijekom zacjeljivanja nakon reza ili puknu\u0107a me\u0111ice, u slu\u010daju carskog reza, a tako\u0111er i kod tegoba s hemoroidima.<\/p>\n<p>&#8211; Hladni oblozi smanjuju oticanje, posebno u intimnim podru\u010djima.<\/p>\n<p>&#8211; Topli oblozi ubla\u017eavaju nelagodu uzrokovanu kontrakcijama maternice.<\/p>\n<p>Jastu\u010di\u0107:<\/p>\n<p>&#8211; mo\u017ee se hladiti u hladnjaku ili zamrziva\u010du,<\/p>\n<p>&#8211; mo\u017ee se zagrijati u mikrovalnoj pe\u0107nici.<\/p>\n<p>Zahvaljuju\u0107i mekom i fleksibilnom vanjskom sloju, jastu\u010di\u0107 dobro prianja uz tijelo, a unutarnje gel kuglice zadr\u017eavaju oblik \u010dak i nakon smrzavanja. Gel jastu\u010di\u0107 se mo\u017ee koristiti u donjem rublju ili izvana, na primjer oko rane od carskog reza. Njegova veli\u010dina (25 cm \u00d7 5,5 cm) ista je kao veliki higijenski ulo\u017eak.<\/p>\n","protected":false},"featured_media":1141,"comment_status":"open","ping_status":"closed","template":"","meta":[],"product_brand":[133],"product_cat":[26,173],"product_tag":[],"class_list":{"0":"post-1138","1":"product","2":"type-product","3":"status-publish","4":"has-post-thumbnail","6":"product_brand-canpol-babies","7":"product_cat-za-mame","8":"product_cat-za-rodiliste","10":"first","11":"instock","12":"taxable","13":"shipping-taxable","14":"purchasable","15":"product-type-simple"},"yoast_head":"<!-- This site is optimized with the Yoast SEO plugin v27.3 - https:\/\/yoast.com\/product\/yoast-seo-wordpress\/ -->\n<title>CANPOL BABIES gel jastu\u010di\u0107i za postporo\u0111ajnu terapiju toplom i hladnom vodom, 2 komada - Sretna beba<\/title>\n<meta name=\"robots\" content=\"index, follow, max-snippet:-1, max-image-preview:large, max-video-preview:-1\" \/>\n<link rel=\"canonical\" href=\"https:\/\/sretnabeba.hr\/index.php\/proizvod\/canpol-babies-gel-jastucici-za-postporodajnu-terapiju-toplom-i-hladnom-vodom-2-komada\/\" \/>\n<meta property=\"og:locale\" content=\"hr_HR\" \/>\n<meta property=\"og:type\" content=\"article\" \/>\n<meta property=\"og:title\" content=\"CANPOL BABIES gel jastu\u010di\u0107i za postporo\u0111ajnu terapiju toplom i hladnom vodom, 2 komada - Sretna beba\" \/>\n<meta property=\"og:description\" content=\"Postporo\u0111ajni topli i hladni jastu\u010di\u0107i za terapiju \u2013 Canpol babies Hot&amp;Cold gel jastu\u010di\u0107i univerzalno su pomagalo u postporo\u0111ajnom razdoblju za potporu udobnosti i regeneraciji majke. Pru\u017eaju olak\u0161anje tijekom zacjeljivanja nakon reza ili puknu\u0107a me\u0111ice, u slu\u010daju carskog reza, a tako\u0111er i kod tegoba s hemoroidima.  - Hladni oblozi smanjuju oticanje, posebno u intimnim podru\u010djima.  - Topli oblozi ubla\u017eavaju nelagodu uzrokovanu kontrakcijama maternice.  Jastu\u010di\u0107:  - mo\u017ee se hladiti u hladnjaku ili zamrziva\u010du,  - mo\u017ee se zagrijati u mikrovalnoj pe\u0107nici.  Zahvaljuju\u0107i mekom i fleksibilnom vanjskom sloju, jastu\u010di\u0107 dobro prianja uz tijelo, a unutarnje gel kuglice zadr\u017eavaju oblik \u010dak i nakon smrzavanja. Gel jastu\u010di\u0107 se mo\u017ee koristiti u donjem rublju ili izvana, na primjer oko rane od carskog reza. Njegova veli\u010dina (25 cm \u00d7 5,5 cm) ista je kao veliki higijenski ulo\u017eak.\" \/>\n<meta property=\"og:url\" content=\"https:\/\/sretnabeba.hr\/index.php\/proizvod\/canpol-babies-gel-jastucici-za-postporodajnu-terapiju-toplom-i-hladnom-vodom-2-komada\/\" \/>\n<meta property=\"og:site_name\" content=\"Sretna beba\" \/>\n<meta property=\"article:modified_time\" content=\"2026-03-13T09:22:11+00:00\" \/>\n<meta property=\"og:image\" content=\"https:\/\/sretnabeba.hr\/webw3\/wp-content\/uploads\/2026\/03\/canpol-babies-szueles-utani-hideg-es-meleg-terapias-gelbetet-2db.jpg\" \/>\n\t<meta property=\"og:image:width\" content=\"1000\" \/>\n\t<meta property=\"og:image:height\" content=\"1000\" \/>\n\t<meta property=\"og:image:type\" content=\"image\/jpeg\" \/>\n<meta name=\"twitter:card\" content=\"summary_large_image\" \/>\n<script type=\"application\/ld+json\" class=\"yoast-schema-graph\">{\"@context\":\"https:\\\/\\\/schema.org\",\"@graph\":[{\"@type\":\"WebPage\",\"@id\":\"https:\\\/\\\/sretnabeba.hr\\\/index.php\\\/proizvod\\\/canpol-babies-gel-jastucici-za-postporodajnu-terapiju-toplom-i-hladnom-vodom-2-komada\\\/\",\"url\":\"https:\\\/\\\/sretnabeba.hr\\\/index.php\\\/proizvod\\\/canpol-babies-gel-jastucici-za-postporodajnu-terapiju-toplom-i-hladnom-vodom-2-komada\\\/\",\"name\":\"CANPOL BABIES gel jastu\u010di\u0107i za postporo\u0111ajnu terapiju toplom i hladnom vodom, 2 komada - Sretna beba\",\"isPartOf\":{\"@id\":\"https:\\\/\\\/sretnabeba.hr\\\/#website\"},\"primaryImageOfPage\":{\"@id\":\"https:\\\/\\\/sretnabeba.hr\\\/index.php\\\/proizvod\\\/canpol-babies-gel-jastucici-za-postporodajnu-terapiju-toplom-i-hladnom-vodom-2-komada\\\/#primaryimage\"},\"image\":{\"@id\":\"https:\\\/\\\/sretnabeba.hr\\\/index.php\\\/proizvod\\\/canpol-babies-gel-jastucici-za-postporodajnu-terapiju-toplom-i-hladnom-vodom-2-komada\\\/#primaryimage\"},\"thumbnailUrl\":\"https:\\\/\\\/sretnabeba.hr\\\/webw3\\\/wp-content\\\/uploads\\\/2026\\\/03\\\/canpol-babies-szueles-utani-hideg-es-meleg-terapias-gelbetet-2db.jpg\",\"datePublished\":\"2026-03-13T09:17:28+00:00\",\"dateModified\":\"2026-03-13T09:22:11+00:00\",\"breadcrumb\":{\"@id\":\"https:\\\/\\\/sretnabeba.hr\\\/index.php\\\/proizvod\\\/canpol-babies-gel-jastucici-za-postporodajnu-terapiju-toplom-i-hladnom-vodom-2-komada\\\/#breadcrumb\"},\"inLanguage\":\"hr\",\"potentialAction\":[{\"@type\":\"ReadAction\",\"target\":[\"https:\\\/\\\/sretnabeba.hr\\\/index.php\\\/proizvod\\\/canpol-babies-gel-jastucici-za-postporodajnu-terapiju-toplom-i-hladnom-vodom-2-komada\\\/\"]}]},{\"@type\":\"ImageObject\",\"inLanguage\":\"hr\",\"@id\":\"https:\\\/\\\/sretnabeba.hr\\\/index.php\\\/proizvod\\\/canpol-babies-gel-jastucici-za-postporodajnu-terapiju-toplom-i-hladnom-vodom-2-komada\\\/#primaryimage\",\"url\":\"https:\\\/\\\/sretnabeba.hr\\\/webw3\\\/wp-content\\\/uploads\\\/2026\\\/03\\\/canpol-babies-szueles-utani-hideg-es-meleg-terapias-gelbetet-2db.jpg\",\"contentUrl\":\"https:\\\/\\\/sretnabeba.hr\\\/webw3\\\/wp-content\\\/uploads\\\/2026\\\/03\\\/canpol-babies-szueles-utani-hideg-es-meleg-terapias-gelbetet-2db.jpg\",\"width\":1000,\"height\":1000},{\"@type\":\"BreadcrumbList\",\"@id\":\"https:\\\/\\\/sretnabeba.hr\\\/index.php\\\/proizvod\\\/canpol-babies-gel-jastucici-za-postporodajnu-terapiju-toplom-i-hladnom-vodom-2-komada\\\/#breadcrumb\",\"itemListElement\":[{\"@type\":\"ListItem\",\"position\":1,\"name\":\"Po\u010detna stranica\",\"item\":\"https:\\\/\\\/sretnabeba.hr\\\/\"},{\"@type\":\"ListItem\",\"position\":2,\"name\":\"Shop\",\"item\":\"https:\\\/\\\/sretnabeba.hr\\\/index.php\\\/shop\\\/\"},{\"@type\":\"ListItem\",\"position\":3,\"name\":\"CANPOL BABIES gel jastu\u010di\u0107i za postporo\u0111ajnu terapiju toplom i hladnom vodom, 2 komada\"}]},{\"@type\":\"WebSite\",\"@id\":\"https:\\\/\\\/sretnabeba.hr\\\/#website\",\"url\":\"https:\\\/\\\/sretnabeba.hr\\\/\",\"name\":\"Sretna beba - LOVI i CANPOL BABIES oprema za bebe\",\"description\":\"Zastupnik i distributer Lovi i Canpol babies opreme za Hrvatsku\",\"publisher\":{\"@id\":\"https:\\\/\\\/sretnabeba.hr\\\/#organization\"},\"alternateName\":\"Oprema za bebe\",\"potentialAction\":[{\"@type\":\"SearchAction\",\"target\":{\"@type\":\"EntryPoint\",\"urlTemplate\":\"https:\\\/\\\/sretnabeba.hr\\\/?s={search_term_string}\"},\"query-input\":{\"@type\":\"PropertyValueSpecification\",\"valueRequired\":true,\"valueName\":\"search_term_string\"}}],\"inLanguage\":\"hr\"},{\"@type\":\"Organization\",\"@id\":\"https:\\\/\\\/sretnabeba.hr\\\/#organization\",\"name\":\"Sretna beba\",\"alternateName\":\"Zastupnik i distributer Lovi i Canpol babies opreme za Hrvatsku\",\"url\":\"https:\\\/\\\/sretnabeba.hr\\\/\",\"logo\":{\"@type\":\"ImageObject\",\"inLanguage\":\"hr\",\"@id\":\"https:\\\/\\\/sretnabeba.hr\\\/#\\\/schema\\\/logo\\\/image\\\/\",\"url\":\"https:\\\/\\\/sretnabeba.hr\\\/webw3\\\/wp-content\\\/uploads\\\/2023\\\/06\\\/logo-sretnabeba.hr-01.png\",\"contentUrl\":\"https:\\\/\\\/sretnabeba.hr\\\/webw3\\\/wp-content\\\/uploads\\\/2023\\\/06\\\/logo-sretnabeba.hr-01.png\",\"width\":619,\"height\":625,\"caption\":\"Sretna beba\"},\"image\":{\"@id\":\"https:\\\/\\\/sretnabeba.hr\\\/#\\\/schema\\\/logo\\\/image\\\/\"}}]}<\/script>\n<!-- \/ Yoast SEO plugin. -->","yoast_head_json":{"title":"CANPOL BABIES gel jastu\u010di\u0107i za postporo\u0111ajnu terapiju toplom i hladnom vodom, 2 komada - Sretna beba","robots":{"index":"index","follow":"follow","max-snippet":"max-snippet:-1","max-image-preview":"max-image-preview:large","max-video-preview":"max-video-preview:-1"},"canonical":"https:\/\/sretnabeba.hr\/index.php\/proizvod\/canpol-babies-gel-jastucici-za-postporodajnu-terapiju-toplom-i-hladnom-vodom-2-komada\/","og_locale":"hr_HR","og_type":"article","og_title":"CANPOL BABIES gel jastu\u010di\u0107i za postporo\u0111ajnu terapiju toplom i hladnom vodom, 2 komada - Sretna beba","og_description":"Postporo\u0111ajni topli i hladni jastu\u010di\u0107i za terapiju \u2013 Canpol babies Hot&amp;Cold gel jastu\u010di\u0107i univerzalno su pomagalo u postporo\u0111ajnom razdoblju za potporu udobnosti i regeneraciji majke. Pru\u017eaju olak\u0161anje tijekom zacjeljivanja nakon reza ili puknu\u0107a me\u0111ice, u slu\u010daju carskog reza, a tako\u0111er i kod tegoba s hemoroidima.  - Hladni oblozi smanjuju oticanje, posebno u intimnim podru\u010djima.  - Topli oblozi ubla\u017eavaju nelagodu uzrokovanu kontrakcijama maternice.  Jastu\u010di\u0107:  - mo\u017ee se hladiti u hladnjaku ili zamrziva\u010du,  - mo\u017ee se zagrijati u mikrovalnoj pe\u0107nici.  Zahvaljuju\u0107i mekom i fleksibilnom vanjskom sloju, jastu\u010di\u0107 dobro prianja uz tijelo, a unutarnje gel kuglice zadr\u017eavaju oblik \u010dak i nakon smrzavanja. Gel jastu\u010di\u0107 se mo\u017ee koristiti u donjem rublju ili izvana, na primjer oko rane od carskog reza. Njegova veli\u010dina (25 cm \u00d7 5,5 cm) ista je kao veliki higijenski ulo\u017eak.","og_url":"https:\/\/sretnabeba.hr\/index.php\/proizvod\/canpol-babies-gel-jastucici-za-postporodajnu-terapiju-toplom-i-hladnom-vodom-2-komada\/","og_site_name":"Sretna beba","article_modified_time":"2026-03-13T09:22:11+00:00","og_image":[{"width":1000,"height":1000,"url":"https:\/\/sretnabeba.hr\/webw3\/wp-content\/uploads\/2026\/03\/canpol-babies-szueles-utani-hideg-es-meleg-terapias-gelbetet-2db.jpg","type":"image\/jpeg"}],"twitter_card":"summary_large_image","schema":{"@context":"https:\/\/schema.org","@graph":[{"@type":"WebPage","@id":"https:\/\/sretnabeba.hr\/index.php\/proizvod\/canpol-babies-gel-jastucici-za-postporodajnu-terapiju-toplom-i-hladnom-vodom-2-komada\/","url":"https:\/\/sretnabeba.hr\/index.php\/proizvod\/canpol-babies-gel-jastucici-za-postporodajnu-terapiju-toplom-i-hladnom-vodom-2-komada\/","name":"CANPOL BABIES gel jastu\u010di\u0107i za postporo\u0111ajnu terapiju toplom i hladnom vodom, 2 komada - Sretna beba","isPartOf":{"@id":"https:\/\/sretnabeba.hr\/#website"},"primaryImageOfPage":{"@id":"https:\/\/sretnabeba.hr\/index.php\/proizvod\/canpol-babies-gel-jastucici-za-postporodajnu-terapiju-toplom-i-hladnom-vodom-2-komada\/#primaryimage"},"image":{"@id":"https:\/\/sretnabeba.hr\/index.php\/proizvod\/canpol-babies-gel-jastucici-za-postporodajnu-terapiju-toplom-i-hladnom-vodom-2-komada\/#primaryimage"},"thumbnailUrl":"https:\/\/sretnabeba.hr\/webw3\/wp-content\/uploads\/2026\/03\/canpol-babies-szueles-utani-hideg-es-meleg-terapias-gelbetet-2db.jpg","datePublished":"2026-03-13T09:17:28+00:00","dateModified":"2026-03-13T09:22:11+00:00","breadcrumb":{"@id":"https:\/\/sretnabeba.hr\/index.php\/proizvod\/canpol-babies-gel-jastucici-za-postporodajnu-terapiju-toplom-i-hladnom-vodom-2-komada\/#breadcrumb"},"inLanguage":"hr","potentialAction":[{"@type":"ReadAction","target":["https:\/\/sretnabeba.hr\/index.php\/proizvod\/canpol-babies-gel-jastucici-za-postporodajnu-terapiju-toplom-i-hladnom-vodom-2-komada\/"]}]},{"@type":"ImageObject","inLanguage":"hr","@id":"https:\/\/sretnabeba.hr\/index.php\/proizvod\/canpol-babies-gel-jastucici-za-postporodajnu-terapiju-toplom-i-hladnom-vodom-2-komada\/#primaryimage","url":"https:\/\/sretnabeba.hr\/webw3\/wp-content\/uploads\/2026\/03\/canpol-babies-szueles-utani-hideg-es-meleg-terapias-gelbetet-2db.jpg","contentUrl":"https:\/\/sretnabeba.hr\/webw3\/wp-content\/uploads\/2026\/03\/canpol-babies-szueles-utani-hideg-es-meleg-terapias-gelbetet-2db.jpg","width":1000,"height":1000},{"@type":"BreadcrumbList","@id":"https:\/\/sretnabeba.hr\/index.php\/proizvod\/canpol-babies-gel-jastucici-za-postporodajnu-terapiju-toplom-i-hladnom-vodom-2-komada\/#breadcrumb","itemListElement":[{"@type":"ListItem","position":1,"name":"Po\u010detna stranica","item":"https:\/\/sretnabeba.hr\/"},{"@type":"ListItem","position":2,"name":"Shop","item":"https:\/\/sretnabeba.hr\/index.php\/shop\/"},{"@type":"ListItem","position":3,"name":"CANPOL BABIES gel jastu\u010di\u0107i za postporo\u0111ajnu terapiju toplom i hladnom vodom, 2 komada"}]},{"@type":"WebSite","@id":"https:\/\/sretnabeba.hr\/#website","url":"https:\/\/sretnabeba.hr\/","name":"Sretna beba - LOVI i CANPOL BABIES oprema za bebe","description":"Zastupnik i distributer Lovi i Canpol babies opreme za Hrvatsku","publisher":{"@id":"https:\/\/sretnabeba.hr\/#organization"},"alternateName":"Oprema za bebe","potentialAction":[{"@type":"SearchAction","target":{"@type":"EntryPoint","urlTemplate":"https:\/\/sretnabeba.hr\/?s={search_term_string}"},"query-input":{"@type":"PropertyValueSpecification","valueRequired":true,"valueName":"search_term_string"}}],"inLanguage":"hr"},{"@type":"Organization","@id":"https:\/\/sretnabeba.hr\/#organization","name":"Sretna beba","alternateName":"Zastupnik i distributer Lovi i Canpol babies opreme za Hrvatsku","url":"https:\/\/sretnabeba.hr\/","logo":{"@type":"ImageObject","inLanguage":"hr","@id":"https:\/\/sretnabeba.hr\/#\/schema\/logo\/image\/","url":"https:\/\/sretnabeba.hr\/webw3\/wp-content\/uploads\/2023\/06\/logo-sretnabeba.hr-01.png","contentUrl":"https:\/\/sretnabeba.hr\/webw3\/wp-content\/uploads\/2023\/06\/logo-sretnabeba.hr-01.png","width":619,"height":625,"caption":"Sretna beba"},"image":{"@id":"https:\/\/sretnabeba.hr\/#\/schema\/logo\/image\/"}}]}},"_links":{"self":[{"href":"https:\/\/sretnabeba.hr\/index.php\/wp-json\/wp\/v2\/product\/1138","targetHints":{"allow":["GET"]}}],"collection":[{"href":"https:\/\/sretnabeba.hr\/index.php\/wp-json\/wp\/v2\/product"}],"about":[{"href":"https:\/\/sretnabeba.hr\/index.php\/wp-json\/wp\/v2\/types\/product"}],"replies":[{"embeddable":true,"href":"https:\/\/sretnabeba.hr\/index.php\/wp-json\/wp\/v2\/comments?post=1138"}],"wp:featuredmedia":[{"embeddable":true,"href":"https:\/\/sretnabeba.hr\/index.php\/wp-json\/wp\/v2\/media\/1141"}],"wp:attachment":[{"href":"https:\/\/sretnabeba.hr\/index.php\/wp-json\/wp\/v2\/media?parent=1138"}],"wp:term":[{"taxonomy":"product_brand","embeddable":true,"href":"https:\/\/sretnabeba.hr\/index.php\/wp-json\/wp\/v2\/product_brand?post=1138"},{"taxonomy":"product_cat","embeddable":true,"href":"https:\/\/sretnabeba.hr\/index.php\/wp-json\/wp\/v2\/product_cat?post=1138"},{"taxonomy":"product_tag","embeddable":true,"href":"https:\/\/sretnabeba.hr\/index.php\/wp-json\/wp\/v2\/product_tag?post=1138"}],"curies":[{"name":"wp","href":"https:\/\/api.w.org\/{rel}","templated":true}]}}