{"id":1161,"date":"2026-03-13T11:01:20","date_gmt":"2026-03-13T10:01:20","guid":{"rendered":"https:\/\/sretnabeba.hr\/?post_type=product&#038;p=1161"},"modified":"2026-03-13T11:14:59","modified_gmt":"2026-03-13T10:14:59","slug":"canpol-babies-smartsense-elektricna-pumpica-za-grudi-za-grudnjak","status":"publish","type":"product","link":"https:\/\/sretnabeba.hr\/index.php\/proizvod\/canpol-babies-smartsense-elektricna-pumpica-za-grudi-za-grudnjak\/","title":{"rendered":"CANPOL BABIES SmartSense elektri\u010dna pumpica za grudi za grudnjak"},"content":{"rendered":"","protected":false},"excerpt":{"rendered":"<p><span class=\"Y2IQFc\" lang=\"hr\">Diskretna be\u017ei\u010dna pumpa za izdajanje SmartSense kombinira udobnost i slobodu kretanja. Jednostavna za sastavljanje i kori\u0161tenje, idealna za mame kod ku\u0107e, na poslu i u pokretu.<\/span><\/p>\n<div id=\"tw-target-text-container\" class=\"tw-ta-container tw-nfl\" tabindex=\"0\" role=\"text\">\n<p id=\"tw-target-text\" class=\"tw-data-text tw-text-large tw-ta\" dir=\"ltr\" tabindex=\"-1\" role=\"text\" data-placeholder=\"Prijevod\" data-ved=\"2ahUKEwiFi7L0sZqSAxWy1QIHHRSkPO0Q3ewLegQIDBAV\" aria-label=\"Prevedeni tekst: Diskretna be\u017ei\u010dna elektri\u010dna pumpica za grudi SmartSense za grudnjak prikladna je za svaku aktivnu majku, revolucionarna je pumpica nove generacije &quot;shell&quot;. Savr\u0161eno kombinira udobnost sa slobodom kretanja i podr\u017eava majke u njihovim svakodnevnim aktivnostima kod ku\u0107e, na poslu i u pokretu. Nudi izuzetno jednostavnu monta\u017eu i rukovanje.\"><span class=\"Y2IQFc\" lang=\"hr\">Diskretna be\u017ei\u010dna elektri\u010dna pumpica za grudi SmartSense za grudnjak prikladna je za svaku aktivnu majku, revolucionarna je pumpica nove generacije &#8220;shell&#8221;. Savr\u0161eno kombinira udobnost sa slobodom kretanja i podr\u017eava majke u njihovim svakodnevnim aktivnostima kod ku\u0107e, na poslu i u pokretu. Nudi izuzetno jednostavnu monta\u017eu i rukovanje.<\/span><\/p>\n<\/div>\n<div id=\"tw-target-rmn-container\" class=\"tw-target-rmn tw-ta-container tw-nfl\" tabindex=\"-1\" role=\"text\">\n<p id=\"tw-target-rmn\" class=\"tw-data-placeholder tw-text-small tw-ta\" dir=\"ltr\" tabindex=\"-1\" role=\"text\">Zahvaljuju\u0107i SkinFIT tehnologiji, jam\u010di maksimalnu u\u010dinkovitost izdajanja bez bo\u010dnog curenja mlijeka. SkinFIT tehnologija temelji se na \u010dvrstom prianjanju elasti\u010dnog silikonskog lijevka uz dojku, \u0161to pru\u017ea prirodan osje\u0107aj kontakta ko\u017ea na ko\u017eu, pove\u0107ava udobnost i minimizira rizik od curenja mlijeka.<br \/>\nS usisnom snagom do 36 kPa, idealan je pomaga\u010d majkama tijekom cijelog razdoblja dojenja &#8211; od prvih dana kada po\u010dinje laktacija, preko razdoblja isklju\u010divog izdajanja do kasnijih faza. SmartSense nudi 4 jedinstvena na\u010dina izdajanja koji se lako mogu prilagoditi trenutnoj fazi dojenja, razini laktacije i individualnim potrebama svake majke.<\/p>\n<\/div>\n","protected":false},"featured_media":1162,"comment_status":"open","ping_status":"closed","template":"","meta":[],"product_brand":[133],"product_cat":[182,26],"product_tag":[],"class_list":{"0":"post-1161","1":"product","2":"type-product","3":"status-publish","4":"has-post-thumbnail","6":"product_brand-canpol-babies","7":"product_cat-pumpice-za-grudi","8":"product_cat-za-mame","10":"first","11":"instock","12":"featured","13":"taxable","14":"shipping-taxable","15":"purchasable","16":"product-type-simple"},"yoast_head":"<!-- This site is optimized with the Yoast SEO plugin v27.3 - https:\/\/yoast.com\/product\/yoast-seo-wordpress\/ -->\n<title>CANPOL BABIES SmartSense elektri\u010dna pumpica za grudi za grudnjak - Sretna beba<\/title>\n<meta name=\"robots\" content=\"index, follow, max-snippet:-1, max-image-preview:large, max-video-preview:-1\" \/>\n<link rel=\"canonical\" href=\"https:\/\/sretnabeba.hr\/index.php\/proizvod\/canpol-babies-smartsense-elektricna-pumpica-za-grudi-za-grudnjak\/\" \/>\n<meta property=\"og:locale\" content=\"hr_HR\" \/>\n<meta property=\"og:type\" content=\"article\" \/>\n<meta property=\"og:title\" content=\"CANPOL BABIES SmartSense elektri\u010dna pumpica za grudi za grudnjak - Sretna beba\" \/>\n<meta property=\"og:description\" content=\"Diskretna be\u017ei\u010dna pumpa za izdajanje SmartSense kombinira udobnost i slobodu kretanja. Jednostavna za sastavljanje i kori\u0161tenje, idealna za mame kod ku\u0107e, na poslu i u pokretu.  Diskretna be\u017ei\u010dna elektri\u010dna pumpica za grudi SmartSense za grudnjak prikladna je za svaku aktivnu majku, revolucionarna je pumpica nove generacije &quot;shell&quot;. Savr\u0161eno kombinira udobnost sa slobodom kretanja i podr\u017eava majke u njihovim svakodnevnim aktivnostima kod ku\u0107e, na poslu i u pokretu. Nudi izuzetno jednostavnu monta\u017eu i rukovanje.    Zahvaljuju\u0107i SkinFIT tehnologiji, jam\u010di maksimalnu u\u010dinkovitost izdajanja bez bo\u010dnog curenja mlijeka. SkinFIT tehnologija temelji se na \u010dvrstom prianjanju elasti\u010dnog silikonskog lijevka uz dojku, \u0161to pru\u017ea prirodan osje\u0107aj kontakta ko\u017ea na ko\u017eu, pove\u0107ava udobnost i minimizira rizik od curenja mlijeka. S usisnom snagom do 36 kPa, idealan je pomaga\u010d majkama tijekom cijelog razdoblja dojenja - od prvih dana kada po\u010dinje laktacija, preko razdoblja isklju\u010divog izdajanja do kasnijih faza. SmartSense nudi 4 jedinstvena na\u010dina izdajanja koji se lako mogu prilagoditi trenutnoj fazi dojenja, razini laktacije i individualnim potrebama svake majke.\" \/>\n<meta property=\"og:url\" content=\"https:\/\/sretnabeba.hr\/index.php\/proizvod\/canpol-babies-smartsense-elektricna-pumpica-za-grudi-za-grudnjak\/\" \/>\n<meta property=\"og:site_name\" content=\"Sretna beba\" \/>\n<meta property=\"article:modified_time\" content=\"2026-03-13T10:14:59+00:00\" \/>\n<meta property=\"og:image\" content=\"https:\/\/sretnabeba.hr\/webw3\/wp-content\/uploads\/2026\/03\/canpol-babies-smartsense-hordhato-elektromos-mellszivo.jpg\" \/>\n\t<meta property=\"og:image:width\" content=\"1000\" \/>\n\t<meta property=\"og:image:height\" content=\"1000\" \/>\n\t<meta property=\"og:image:type\" content=\"image\/jpeg\" \/>\n<meta name=\"twitter:card\" content=\"summary_large_image\" \/>\n<script type=\"application\/ld+json\" class=\"yoast-schema-graph\">{\"@context\":\"https:\\\/\\\/schema.org\",\"@graph\":[{\"@type\":\"WebPage\",\"@id\":\"https:\\\/\\\/sretnabeba.hr\\\/index.php\\\/proizvod\\\/canpol-babies-smartsense-elektricna-pumpica-za-grudi-za-grudnjak\\\/\",\"url\":\"https:\\\/\\\/sretnabeba.hr\\\/index.php\\\/proizvod\\\/canpol-babies-smartsense-elektricna-pumpica-za-grudi-za-grudnjak\\\/\",\"name\":\"CANPOL BABIES SmartSense elektri\u010dna pumpica za grudi za grudnjak - Sretna beba\",\"isPartOf\":{\"@id\":\"https:\\\/\\\/sretnabeba.hr\\\/#website\"},\"primaryImageOfPage\":{\"@id\":\"https:\\\/\\\/sretnabeba.hr\\\/index.php\\\/proizvod\\\/canpol-babies-smartsense-elektricna-pumpica-za-grudi-za-grudnjak\\\/#primaryimage\"},\"image\":{\"@id\":\"https:\\\/\\\/sretnabeba.hr\\\/index.php\\\/proizvod\\\/canpol-babies-smartsense-elektricna-pumpica-za-grudi-za-grudnjak\\\/#primaryimage\"},\"thumbnailUrl\":\"https:\\\/\\\/sretnabeba.hr\\\/webw3\\\/wp-content\\\/uploads\\\/2026\\\/03\\\/canpol-babies-smartsense-hordhato-elektromos-mellszivo.jpg\",\"datePublished\":\"2026-03-13T10:01:20+00:00\",\"dateModified\":\"2026-03-13T10:14:59+00:00\",\"breadcrumb\":{\"@id\":\"https:\\\/\\\/sretnabeba.hr\\\/index.php\\\/proizvod\\\/canpol-babies-smartsense-elektricna-pumpica-za-grudi-za-grudnjak\\\/#breadcrumb\"},\"inLanguage\":\"hr\",\"potentialAction\":[{\"@type\":\"ReadAction\",\"target\":[\"https:\\\/\\\/sretnabeba.hr\\\/index.php\\\/proizvod\\\/canpol-babies-smartsense-elektricna-pumpica-za-grudi-za-grudnjak\\\/\"]}]},{\"@type\":\"ImageObject\",\"inLanguage\":\"hr\",\"@id\":\"https:\\\/\\\/sretnabeba.hr\\\/index.php\\\/proizvod\\\/canpol-babies-smartsense-elektricna-pumpica-za-grudi-za-grudnjak\\\/#primaryimage\",\"url\":\"https:\\\/\\\/sretnabeba.hr\\\/webw3\\\/wp-content\\\/uploads\\\/2026\\\/03\\\/canpol-babies-smartsense-hordhato-elektromos-mellszivo.jpg\",\"contentUrl\":\"https:\\\/\\\/sretnabeba.hr\\\/webw3\\\/wp-content\\\/uploads\\\/2026\\\/03\\\/canpol-babies-smartsense-hordhato-elektromos-mellszivo.jpg\",\"width\":1000,\"height\":1000},{\"@type\":\"BreadcrumbList\",\"@id\":\"https:\\\/\\\/sretnabeba.hr\\\/index.php\\\/proizvod\\\/canpol-babies-smartsense-elektricna-pumpica-za-grudi-za-grudnjak\\\/#breadcrumb\",\"itemListElement\":[{\"@type\":\"ListItem\",\"position\":1,\"name\":\"Po\u010detna stranica\",\"item\":\"https:\\\/\\\/sretnabeba.hr\\\/\"},{\"@type\":\"ListItem\",\"position\":2,\"name\":\"Shop\",\"item\":\"https:\\\/\\\/sretnabeba.hr\\\/index.php\\\/shop\\\/\"},{\"@type\":\"ListItem\",\"position\":3,\"name\":\"CANPOL BABIES SmartSense elektri\u010dna pumpica za grudi za grudnjak\"}]},{\"@type\":\"WebSite\",\"@id\":\"https:\\\/\\\/sretnabeba.hr\\\/#website\",\"url\":\"https:\\\/\\\/sretnabeba.hr\\\/\",\"name\":\"Sretna beba - LOVI i CANPOL BABIES oprema za bebe\",\"description\":\"Zastupnik i distributer Lovi i Canpol babies opreme za Hrvatsku\",\"publisher\":{\"@id\":\"https:\\\/\\\/sretnabeba.hr\\\/#organization\"},\"alternateName\":\"Oprema za bebe\",\"potentialAction\":[{\"@type\":\"SearchAction\",\"target\":{\"@type\":\"EntryPoint\",\"urlTemplate\":\"https:\\\/\\\/sretnabeba.hr\\\/?s={search_term_string}\"},\"query-input\":{\"@type\":\"PropertyValueSpecification\",\"valueRequired\":true,\"valueName\":\"search_term_string\"}}],\"inLanguage\":\"hr\"},{\"@type\":\"Organization\",\"@id\":\"https:\\\/\\\/sretnabeba.hr\\\/#organization\",\"name\":\"Sretna beba\",\"alternateName\":\"Zastupnik i distributer Lovi i Canpol babies opreme za Hrvatsku\",\"url\":\"https:\\\/\\\/sretnabeba.hr\\\/\",\"logo\":{\"@type\":\"ImageObject\",\"inLanguage\":\"hr\",\"@id\":\"https:\\\/\\\/sretnabeba.hr\\\/#\\\/schema\\\/logo\\\/image\\\/\",\"url\":\"https:\\\/\\\/sretnabeba.hr\\\/webw3\\\/wp-content\\\/uploads\\\/2023\\\/06\\\/logo-sretnabeba.hr-01.png\",\"contentUrl\":\"https:\\\/\\\/sretnabeba.hr\\\/webw3\\\/wp-content\\\/uploads\\\/2023\\\/06\\\/logo-sretnabeba.hr-01.png\",\"width\":619,\"height\":625,\"caption\":\"Sretna beba\"},\"image\":{\"@id\":\"https:\\\/\\\/sretnabeba.hr\\\/#\\\/schema\\\/logo\\\/image\\\/\"}}]}<\/script>\n<!-- \/ Yoast SEO plugin. -->","yoast_head_json":{"title":"CANPOL BABIES SmartSense elektri\u010dna pumpica za grudi za grudnjak - Sretna beba","robots":{"index":"index","follow":"follow","max-snippet":"max-snippet:-1","max-image-preview":"max-image-preview:large","max-video-preview":"max-video-preview:-1"},"canonical":"https:\/\/sretnabeba.hr\/index.php\/proizvod\/canpol-babies-smartsense-elektricna-pumpica-za-grudi-za-grudnjak\/","og_locale":"hr_HR","og_type":"article","og_title":"CANPOL BABIES SmartSense elektri\u010dna pumpica za grudi za grudnjak - Sretna beba","og_description":"Diskretna be\u017ei\u010dna pumpa za izdajanje SmartSense kombinira udobnost i slobodu kretanja. Jednostavna za sastavljanje i kori\u0161tenje, idealna za mame kod ku\u0107e, na poslu i u pokretu.  Diskretna be\u017ei\u010dna elektri\u010dna pumpica za grudi SmartSense za grudnjak prikladna je za svaku aktivnu majku, revolucionarna je pumpica nove generacije \"shell\". Savr\u0161eno kombinira udobnost sa slobodom kretanja i podr\u017eava majke u njihovim svakodnevnim aktivnostima kod ku\u0107e, na poslu i u pokretu. Nudi izuzetno jednostavnu monta\u017eu i rukovanje.    Zahvaljuju\u0107i SkinFIT tehnologiji, jam\u010di maksimalnu u\u010dinkovitost izdajanja bez bo\u010dnog curenja mlijeka. SkinFIT tehnologija temelji se na \u010dvrstom prianjanju elasti\u010dnog silikonskog lijevka uz dojku, \u0161to pru\u017ea prirodan osje\u0107aj kontakta ko\u017ea na ko\u017eu, pove\u0107ava udobnost i minimizira rizik od curenja mlijeka. S usisnom snagom do 36 kPa, idealan je pomaga\u010d majkama tijekom cijelog razdoblja dojenja - od prvih dana kada po\u010dinje laktacija, preko razdoblja isklju\u010divog izdajanja do kasnijih faza. SmartSense nudi 4 jedinstvena na\u010dina izdajanja koji se lako mogu prilagoditi trenutnoj fazi dojenja, razini laktacije i individualnim potrebama svake majke.","og_url":"https:\/\/sretnabeba.hr\/index.php\/proizvod\/canpol-babies-smartsense-elektricna-pumpica-za-grudi-za-grudnjak\/","og_site_name":"Sretna beba","article_modified_time":"2026-03-13T10:14:59+00:00","og_image":[{"width":1000,"height":1000,"url":"https:\/\/sretnabeba.hr\/webw3\/wp-content\/uploads\/2026\/03\/canpol-babies-smartsense-hordhato-elektromos-mellszivo.jpg","type":"image\/jpeg"}],"twitter_card":"summary_large_image","schema":{"@context":"https:\/\/schema.org","@graph":[{"@type":"WebPage","@id":"https:\/\/sretnabeba.hr\/index.php\/proizvod\/canpol-babies-smartsense-elektricna-pumpica-za-grudi-za-grudnjak\/","url":"https:\/\/sretnabeba.hr\/index.php\/proizvod\/canpol-babies-smartsense-elektricna-pumpica-za-grudi-za-grudnjak\/","name":"CANPOL BABIES SmartSense elektri\u010dna pumpica za grudi za grudnjak - Sretna beba","isPartOf":{"@id":"https:\/\/sretnabeba.hr\/#website"},"primaryImageOfPage":{"@id":"https:\/\/sretnabeba.hr\/index.php\/proizvod\/canpol-babies-smartsense-elektricna-pumpica-za-grudi-za-grudnjak\/#primaryimage"},"image":{"@id":"https:\/\/sretnabeba.hr\/index.php\/proizvod\/canpol-babies-smartsense-elektricna-pumpica-za-grudi-za-grudnjak\/#primaryimage"},"thumbnailUrl":"https:\/\/sretnabeba.hr\/webw3\/wp-content\/uploads\/2026\/03\/canpol-babies-smartsense-hordhato-elektromos-mellszivo.jpg","datePublished":"2026-03-13T10:01:20+00:00","dateModified":"2026-03-13T10:14:59+00:00","breadcrumb":{"@id":"https:\/\/sretnabeba.hr\/index.php\/proizvod\/canpol-babies-smartsense-elektricna-pumpica-za-grudi-za-grudnjak\/#breadcrumb"},"inLanguage":"hr","potentialAction":[{"@type":"ReadAction","target":["https:\/\/sretnabeba.hr\/index.php\/proizvod\/canpol-babies-smartsense-elektricna-pumpica-za-grudi-za-grudnjak\/"]}]},{"@type":"ImageObject","inLanguage":"hr","@id":"https:\/\/sretnabeba.hr\/index.php\/proizvod\/canpol-babies-smartsense-elektricna-pumpica-za-grudi-za-grudnjak\/#primaryimage","url":"https:\/\/sretnabeba.hr\/webw3\/wp-content\/uploads\/2026\/03\/canpol-babies-smartsense-hordhato-elektromos-mellszivo.jpg","contentUrl":"https:\/\/sretnabeba.hr\/webw3\/wp-content\/uploads\/2026\/03\/canpol-babies-smartsense-hordhato-elektromos-mellszivo.jpg","width":1000,"height":1000},{"@type":"BreadcrumbList","@id":"https:\/\/sretnabeba.hr\/index.php\/proizvod\/canpol-babies-smartsense-elektricna-pumpica-za-grudi-za-grudnjak\/#breadcrumb","itemListElement":[{"@type":"ListItem","position":1,"name":"Po\u010detna stranica","item":"https:\/\/sretnabeba.hr\/"},{"@type":"ListItem","position":2,"name":"Shop","item":"https:\/\/sretnabeba.hr\/index.php\/shop\/"},{"@type":"ListItem","position":3,"name":"CANPOL BABIES SmartSense elektri\u010dna pumpica za grudi za grudnjak"}]},{"@type":"WebSite","@id":"https:\/\/sretnabeba.hr\/#website","url":"https:\/\/sretnabeba.hr\/","name":"Sretna beba - LOVI i CANPOL BABIES oprema za bebe","description":"Zastupnik i distributer Lovi i Canpol babies opreme za Hrvatsku","publisher":{"@id":"https:\/\/sretnabeba.hr\/#organization"},"alternateName":"Oprema za bebe","potentialAction":[{"@type":"SearchAction","target":{"@type":"EntryPoint","urlTemplate":"https:\/\/sretnabeba.hr\/?s={search_term_string}"},"query-input":{"@type":"PropertyValueSpecification","valueRequired":true,"valueName":"search_term_string"}}],"inLanguage":"hr"},{"@type":"Organization","@id":"https:\/\/sretnabeba.hr\/#organization","name":"Sretna beba","alternateName":"Zastupnik i distributer Lovi i Canpol babies opreme za Hrvatsku","url":"https:\/\/sretnabeba.hr\/","logo":{"@type":"ImageObject","inLanguage":"hr","@id":"https:\/\/sretnabeba.hr\/#\/schema\/logo\/image\/","url":"https:\/\/sretnabeba.hr\/webw3\/wp-content\/uploads\/2023\/06\/logo-sretnabeba.hr-01.png","contentUrl":"https:\/\/sretnabeba.hr\/webw3\/wp-content\/uploads\/2023\/06\/logo-sretnabeba.hr-01.png","width":619,"height":625,"caption":"Sretna beba"},"image":{"@id":"https:\/\/sretnabeba.hr\/#\/schema\/logo\/image\/"}}]}},"_links":{"self":[{"href":"https:\/\/sretnabeba.hr\/index.php\/wp-json\/wp\/v2\/product\/1161","targetHints":{"allow":["GET"]}}],"collection":[{"href":"https:\/\/sretnabeba.hr\/index.php\/wp-json\/wp\/v2\/product"}],"about":[{"href":"https:\/\/sretnabeba.hr\/index.php\/wp-json\/wp\/v2\/types\/product"}],"replies":[{"embeddable":true,"href":"https:\/\/sretnabeba.hr\/index.php\/wp-json\/wp\/v2\/comments?post=1161"}],"wp:featuredmedia":[{"embeddable":true,"href":"https:\/\/sretnabeba.hr\/index.php\/wp-json\/wp\/v2\/media\/1162"}],"wp:attachment":[{"href":"https:\/\/sretnabeba.hr\/index.php\/wp-json\/wp\/v2\/media?parent=1161"}],"wp:term":[{"taxonomy":"product_brand","embeddable":true,"href":"https:\/\/sretnabeba.hr\/index.php\/wp-json\/wp\/v2\/product_brand?post=1161"},{"taxonomy":"product_cat","embeddable":true,"href":"https:\/\/sretnabeba.hr\/index.php\/wp-json\/wp\/v2\/product_cat?post=1161"},{"taxonomy":"product_tag","embeddable":true,"href":"https:\/\/sretnabeba.hr\/index.php\/wp-json\/wp\/v2\/product_tag?post=1161"}],"curies":[{"name":"wp","href":"https:\/\/api.w.org\/{rel}","templated":true}]}}