{"id":1485,"date":"2026-03-30T13:06:47","date_gmt":"2026-03-30T11:06:47","guid":{"rendered":"https:\/\/sretnabeba.hr\/?post_type=product&#038;p=1485"},"modified":"2026-03-30T13:43:38","modified_gmt":"2026-03-30T11:43:38","slug":"lovi-silikonska-dinamicna-duda-prime-6-18-mjeseci-2-kom-pistacio-zelena","status":"publish","type":"product","link":"https:\/\/sretnabeba.hr\/index.php\/proizvod\/lovi-silikonska-dinamicna-duda-prime-6-18-mjeseci-2-kom-pistacio-zelena\/","title":{"rendered":"LOVI silikonska dinami\u010dna duda PRIME 6-18mj\/18+mj, 2 kom, Pistacio\/Zelena"},"content":{"rendered":"","protected":false},"excerpt":{"rendered":"<p id=\"tw-target-text\" class=\"tw-data-text tw-text-large tw-ta\" dir=\"ltr\" tabindex=\"-1\" role=\"text\" data-placeholder=\"Prijevod\" data-ved=\"2ahUKEwj1zLaY87KSAxVd3QIHHW1BJloQ3ewLegQIDBAV\" aria-label=\"Prevedeni tekst: Dinami\u010dna duda LOVI iz PRIME kolekcije sigurna je za refleks sisanja i ne ometa razvoj govora i ugriza*. Dinami\u010dna duda, zahvaljuju\u0107i svojoj jedinstvenoj konstrukciji od silikona razli\u010ditih debljina, raste\u017ee se i skuplja prema ritmu sisanja bebe. To \u0161titi njihov refleks sisanja i ne utje\u010de negativno na dojenje. Simetri\u010dni oblik vrha temelji se na obliku bradavice ispunjene mlijekom, \u0161to bebi pru\u017ea poznati osje\u0107aj sli\u010dan osje\u0107aju dojke. Etiketa dude posebno je oblikovana kako bi se olak\u0161alo disanje na nos i gutanje sline, ba\u0161 kao kod dojke. Oblikovana etiketa \u0161to je manje mogu\u0107e prianja uz bebinu ko\u017eu, \u0161to olak\u0161ava slobodan protok zraka i smanjuje rizik od iritacije ko\u017ee.\"><span class=\"Y2IQFc\" lang=\"hr\">Dinami\u010dna duda LOVI iz PRIME kolekcije sigurna je za refleks sisanja i ne ometa razvoj govora i ugriza*. <\/span><\/p>\n<p class=\"tw-data-text tw-text-large tw-ta\" dir=\"ltr\" tabindex=\"-1\" role=\"text\" data-placeholder=\"Prijevod\" data-ved=\"2ahUKEwj1zLaY87KSAxVd3QIHHW1BJloQ3ewLegQIDBAV\" aria-label=\"Prevedeni tekst: Dinami\u010dna duda LOVI iz PRIME kolekcije sigurna je za refleks sisanja i ne ometa razvoj govora i ugriza*. Dinami\u010dna duda, zahvaljuju\u0107i svojoj jedinstvenoj konstrukciji od silikona razli\u010ditih debljina, raste\u017ee se i skuplja prema ritmu sisanja bebe. To \u0161titi njihov refleks sisanja i ne utje\u010de negativno na dojenje. Simetri\u010dni oblik vrha temelji se na obliku bradavice ispunjene mlijekom, \u0161to bebi pru\u017ea poznati osje\u0107aj sli\u010dan osje\u0107aju dojke. Etiketa dude posebno je oblikovana kako bi se olak\u0161alo disanje na nos i gutanje sline, ba\u0161 kao kod dojke. Oblikovana etiketa \u0161to je manje mogu\u0107e prianja uz bebinu ko\u017eu, \u0161to olak\u0161ava slobodan protok zraka i smanjuje rizik od iritacije ko\u017ee.\"><span class=\"Y2IQFc\" lang=\"hr\">Dinami\u010dna duda, zahvaljuju\u0107i svojoj jedinstvenoj konstrukciji od silikona razli\u010ditih debljina, raste\u017ee se i skuplja prema ritmu sisanja bebe. To \u0161titi njihov refleks sisanja i ne utje\u010de negativno na dojenje. <\/span><\/p>\n<p class=\"tw-data-text tw-text-large tw-ta\" dir=\"ltr\" tabindex=\"-1\" role=\"text\" data-placeholder=\"Prijevod\" data-ved=\"2ahUKEwj1zLaY87KSAxVd3QIHHW1BJloQ3ewLegQIDBAV\" aria-label=\"Prevedeni tekst: Dinami\u010dna duda LOVI iz PRIME kolekcije sigurna je za refleks sisanja i ne ometa razvoj govora i ugriza*. Dinami\u010dna duda, zahvaljuju\u0107i svojoj jedinstvenoj konstrukciji od silikona razli\u010ditih debljina, raste\u017ee se i skuplja prema ritmu sisanja bebe. To \u0161titi njihov refleks sisanja i ne utje\u010de negativno na dojenje. Simetri\u010dni oblik vrha temelji se na obliku bradavice ispunjene mlijekom, \u0161to bebi pru\u017ea poznati osje\u0107aj sli\u010dan osje\u0107aju dojke. Etiketa dude posebno je oblikovana kako bi se olak\u0161alo disanje na nos i gutanje sline, ba\u0161 kao kod dojke. Oblikovana etiketa \u0161to je manje mogu\u0107e prianja uz bebinu ko\u017eu, \u0161to olak\u0161ava slobodan protok zraka i smanjuje rizik od iritacije ko\u017ee.\"><span class=\"Y2IQFc\" lang=\"hr\">Simetri\u010dni oblik vrha temelji se na obliku bradavice ispunjene mlijekom, \u0161to bebi pru\u017ea poznati osje\u0107aj sli\u010dan osje\u0107aju dojke. <\/span><\/p>\n<p class=\"tw-data-text tw-text-large tw-ta\" dir=\"ltr\" tabindex=\"-1\" role=\"text\" data-placeholder=\"Prijevod\" data-ved=\"2ahUKEwj1zLaY87KSAxVd3QIHHW1BJloQ3ewLegQIDBAV\" aria-label=\"Prevedeni tekst: Dinami\u010dna duda LOVI iz PRIME kolekcije sigurna je za refleks sisanja i ne ometa razvoj govora i ugriza*. Dinami\u010dna duda, zahvaljuju\u0107i svojoj jedinstvenoj konstrukciji od silikona razli\u010ditih debljina, raste\u017ee se i skuplja prema ritmu sisanja bebe. To \u0161titi njihov refleks sisanja i ne utje\u010de negativno na dojenje. Simetri\u010dni oblik vrha temelji se na obliku bradavice ispunjene mlijekom, \u0161to bebi pru\u017ea poznati osje\u0107aj sli\u010dan osje\u0107aju dojke. Etiketa dude posebno je oblikovana kako bi se olak\u0161alo disanje na nos i gutanje sline, ba\u0161 kao kod dojke. Oblikovana etiketa \u0161to je manje mogu\u0107e prianja uz bebinu ko\u017eu, \u0161to olak\u0161ava slobodan protok zraka i smanjuje rizik od iritacije ko\u017ee.\"><span class=\"Y2IQFc\" lang=\"hr\">Etiketa dude posebno je oblikovana kako bi se olak\u0161alo disanje na nos i gutanje sline, ba\u0161 kao kod dojke. Oblikovana etiketa \u0161to je manje mogu\u0107e prianja uz bebinu ko\u017eu, \u0161to olak\u0161ava slobodan protok zraka i smanjuje rizik od iritacije ko\u017ee.<\/span><\/p>\n<div id=\"tw-target-text-container\" class=\"tw-ta-container tw-nfl\" tabindex=\"0\" role=\"text\">\n<p id=\"tw-target-text\" class=\"tw-data-text tw-text-large tw-ta\" dir=\"ltr\" tabindex=\"-1\" role=\"text\" data-placeholder=\"Prijevod\" data-ved=\"2ahUKEwiGksLT9bKSAxUo8QIHHUrlBx8Q3ewLegQIDBAV\" aria-label=\"Prevedeni tekst: Duda je lagana, ne optere\u0107uje djetetova usta. Vrh je izra\u0111en od silikona, tako da se ne deformira prilikom kori\u0161tenja u djetetovim ustima. LOVI PRIME duda ima atraktivan, moderan dizajn - savr\u0161en je dodatak dje\u010djoj opremi, boje dude su u skladu s najnovijim trendovima.\"><span class=\"Y2IQFc\" lang=\"hr\">Duda je lagana, ne optere\u0107uje djetetova usta. Vrh je izra\u0111en od silikona, tako da se ne deformira prilikom kori\u0161tenja u djetetovim ustima. <\/span><\/p>\n<p class=\"tw-data-text tw-text-large tw-ta\" dir=\"ltr\" tabindex=\"-1\" role=\"text\" data-placeholder=\"Prijevod\" data-ved=\"2ahUKEwiGksLT9bKSAxUo8QIHHUrlBx8Q3ewLegQIDBAV\" aria-label=\"Prevedeni tekst: Duda je lagana, ne optere\u0107uje djetetova usta. Vrh je izra\u0111en od silikona, tako da se ne deformira prilikom kori\u0161tenja u djetetovim ustima. LOVI PRIME duda ima atraktivan, moderan dizajn - savr\u0161en je dodatak dje\u010djoj opremi, boje dude su u skladu s najnovijim trendovima.\"><span class=\"Y2IQFc\" lang=\"hr\">LOVI PRIME duda ima atraktivan, moderan dizajn &#8211; savr\u0161en je dodatak dje\u010djoj opremi, boje dude su u skladu s najnovijim trendovima.<\/span><\/p>\n<p id=\"tw-target-text\" class=\"tw-data-text tw-text-large tw-ta\" dir=\"ltr\" tabindex=\"-1\" role=\"text\" data-placeholder=\"Prijevod\" data-ved=\"2ahUKEwiGksLT9bKSAxUo8QIHHUrlBx8Q3ewLegQIDBAV\" aria-label=\"Prevedeni tekst: *pod uvjetom da se slijede ortodontske i neurolo\u0161ke preporuke.\"><em><span class=\"Y2IQFc\" lang=\"hr\">*pod uvjetom da se slijede ortodontske i neurolo\u0161ke preporuke.<\/span><\/em><\/p>\n<\/div>\n<div id=\"tw-target-rmn-container\" class=\"tw-target-rmn tw-ta-container tw-nfl\" tabindex=\"-1\" role=\"text\">\n<pre id=\"tw-target-rmn\" class=\"tw-data-placeholder tw-text-small tw-ta\" dir=\"ltr\" tabindex=\"-1\" role=\"text\" data-placeholder=\"\"><\/pre>\n<\/div>\n","protected":false},"featured_media":1486,"comment_status":"open","ping_status":"closed","template":"","meta":[],"product_brand":[132],"product_cat":[29,141],"product_tag":[],"class_list":{"0":"post-1485","1":"product","2":"type-product","3":"status-publish","4":"has-post-thumbnail","6":"product_brand-lovi","7":"product_cat-dude","8":"product_cat-silikonske-dude","10":"first","11":"instock","12":"taxable","13":"shipping-taxable","14":"purchasable","15":"product-type-variable"},"yoast_head":"<!-- This site is optimized with the Yoast SEO plugin v27.3 - https:\/\/yoast.com\/product\/yoast-seo-wordpress\/ -->\n<title>LOVI silikonska dinami\u010dna duda PRIME 6-18mj\/18+mj, 2 kom, Pistacio\/Zelena - Sretna beba<\/title>\n<meta name=\"robots\" content=\"index, follow, max-snippet:-1, max-image-preview:large, max-video-preview:-1\" \/>\n<link rel=\"canonical\" href=\"https:\/\/sretnabeba.hr\/index.php\/proizvod\/lovi-silikonska-dinamicna-duda-prime-6-18-mjeseci-2-kom-pistacio-zelena\/\" \/>\n<meta property=\"og:locale\" content=\"hr_HR\" \/>\n<meta property=\"og:type\" content=\"article\" \/>\n<meta property=\"og:title\" content=\"LOVI silikonska dinami\u010dna duda PRIME 6-18mj\/18+mj, 2 kom, Pistacio\/Zelena - Sretna beba\" \/>\n<meta property=\"og:description\" content=\"Dinami\u010dna duda LOVI iz PRIME kolekcije sigurna je za refleks sisanja i ne ometa razvoj govora i ugriza*.  Dinami\u010dna duda, zahvaljuju\u0107i svojoj jedinstvenoj konstrukciji od silikona razli\u010ditih debljina, raste\u017ee se i skuplja prema ritmu sisanja bebe. To \u0161titi njihov refleks sisanja i ne utje\u010de negativno na dojenje.  Simetri\u010dni oblik vrha temelji se na obliku bradavice ispunjene mlijekom, \u0161to bebi pru\u017ea poznati osje\u0107aj sli\u010dan osje\u0107aju dojke.  Etiketa dude posebno je oblikovana kako bi se olak\u0161alo disanje na nos i gutanje sline, ba\u0161 kao kod dojke. Oblikovana etiketa \u0161to je manje mogu\u0107e prianja uz bebinu ko\u017eu, \u0161to olak\u0161ava slobodan protok zraka i smanjuje rizik od iritacije ko\u017ee.   Duda je lagana, ne optere\u0107uje djetetova usta. Vrh je izra\u0111en od silikona, tako da se ne deformira prilikom kori\u0161tenja u djetetovim ustima.  LOVI PRIME duda ima atraktivan, moderan dizajn - savr\u0161en je dodatak dje\u010djoj opremi, boje dude su u skladu s najnovijim trendovima. *pod uvjetom da se slijede ortodontske i neurolo\u0161ke preporuke.\" \/>\n<meta property=\"og:url\" content=\"https:\/\/sretnabeba.hr\/index.php\/proizvod\/lovi-silikonska-dinamicna-duda-prime-6-18-mjeseci-2-kom-pistacio-zelena\/\" \/>\n<meta property=\"og:site_name\" content=\"Sretna beba\" \/>\n<meta property=\"article:modified_time\" content=\"2026-03-30T11:43:38+00:00\" \/>\n<meta property=\"og:image\" content=\"https:\/\/sretnabeba.hr\/webw3\/wp-content\/uploads\/2026\/03\/lovi-dudlik-silikonovy-dynamicky-prime-18m-2ks-pistachiogreen.jpg\" \/>\n\t<meta property=\"og:image:width\" content=\"1000\" \/>\n\t<meta property=\"og:image:height\" content=\"1000\" \/>\n\t<meta property=\"og:image:type\" content=\"image\/jpeg\" \/>\n<meta name=\"twitter:card\" content=\"summary_large_image\" \/>\n<meta name=\"twitter:label1\" content=\"Procijenjeno vrijeme \u010ditanja\" \/>\n\t<meta name=\"twitter:data1\" content=\"1 minuta\" \/>\n<script type=\"application\/ld+json\" class=\"yoast-schema-graph\">{\"@context\":\"https:\\\/\\\/schema.org\",\"@graph\":[{\"@type\":\"WebPage\",\"@id\":\"https:\\\/\\\/sretnabeba.hr\\\/index.php\\\/proizvod\\\/lovi-silikonska-dinamicna-duda-prime-6-18-mjeseci-2-kom-pistacio-zelena\\\/\",\"url\":\"https:\\\/\\\/sretnabeba.hr\\\/index.php\\\/proizvod\\\/lovi-silikonska-dinamicna-duda-prime-6-18-mjeseci-2-kom-pistacio-zelena\\\/\",\"name\":\"LOVI silikonska dinami\u010dna duda PRIME 6-18mj\\\/18+mj, 2 kom, Pistacio\\\/Zelena - Sretna beba\",\"isPartOf\":{\"@id\":\"https:\\\/\\\/sretnabeba.hr\\\/#website\"},\"primaryImageOfPage\":{\"@id\":\"https:\\\/\\\/sretnabeba.hr\\\/index.php\\\/proizvod\\\/lovi-silikonska-dinamicna-duda-prime-6-18-mjeseci-2-kom-pistacio-zelena\\\/#primaryimage\"},\"image\":{\"@id\":\"https:\\\/\\\/sretnabeba.hr\\\/index.php\\\/proizvod\\\/lovi-silikonska-dinamicna-duda-prime-6-18-mjeseci-2-kom-pistacio-zelena\\\/#primaryimage\"},\"thumbnailUrl\":\"https:\\\/\\\/sretnabeba.hr\\\/webw3\\\/wp-content\\\/uploads\\\/2026\\\/03\\\/lovi-dudlik-silikonovy-dynamicky-prime-18m-2ks-pistachiogreen.jpg\",\"datePublished\":\"2026-03-30T11:06:47+00:00\",\"dateModified\":\"2026-03-30T11:43:38+00:00\",\"breadcrumb\":{\"@id\":\"https:\\\/\\\/sretnabeba.hr\\\/index.php\\\/proizvod\\\/lovi-silikonska-dinamicna-duda-prime-6-18-mjeseci-2-kom-pistacio-zelena\\\/#breadcrumb\"},\"inLanguage\":\"hr\",\"potentialAction\":[{\"@type\":\"ReadAction\",\"target\":[\"https:\\\/\\\/sretnabeba.hr\\\/index.php\\\/proizvod\\\/lovi-silikonska-dinamicna-duda-prime-6-18-mjeseci-2-kom-pistacio-zelena\\\/\"]}]},{\"@type\":\"ImageObject\",\"inLanguage\":\"hr\",\"@id\":\"https:\\\/\\\/sretnabeba.hr\\\/index.php\\\/proizvod\\\/lovi-silikonska-dinamicna-duda-prime-6-18-mjeseci-2-kom-pistacio-zelena\\\/#primaryimage\",\"url\":\"https:\\\/\\\/sretnabeba.hr\\\/webw3\\\/wp-content\\\/uploads\\\/2026\\\/03\\\/lovi-dudlik-silikonovy-dynamicky-prime-18m-2ks-pistachiogreen.jpg\",\"contentUrl\":\"https:\\\/\\\/sretnabeba.hr\\\/webw3\\\/wp-content\\\/uploads\\\/2026\\\/03\\\/lovi-dudlik-silikonovy-dynamicky-prime-18m-2ks-pistachiogreen.jpg\",\"width\":1000,\"height\":1000},{\"@type\":\"BreadcrumbList\",\"@id\":\"https:\\\/\\\/sretnabeba.hr\\\/index.php\\\/proizvod\\\/lovi-silikonska-dinamicna-duda-prime-6-18-mjeseci-2-kom-pistacio-zelena\\\/#breadcrumb\",\"itemListElement\":[{\"@type\":\"ListItem\",\"position\":1,\"name\":\"Po\u010detna stranica\",\"item\":\"https:\\\/\\\/sretnabeba.hr\\\/\"},{\"@type\":\"ListItem\",\"position\":2,\"name\":\"Shop\",\"item\":\"https:\\\/\\\/sretnabeba.hr\\\/index.php\\\/shop\\\/\"},{\"@type\":\"ListItem\",\"position\":3,\"name\":\"LOVI silikonska dinami\u010dna duda PRIME 6-18mj\\\/18+mj, 2 kom, Pistacio\\\/Zelena\"}]},{\"@type\":\"WebSite\",\"@id\":\"https:\\\/\\\/sretnabeba.hr\\\/#website\",\"url\":\"https:\\\/\\\/sretnabeba.hr\\\/\",\"name\":\"Sretna beba - LOVI i CANPOL BABIES oprema za bebe\",\"description\":\"Zastupnik i distributer Lovi i Canpol babies opreme za Hrvatsku\",\"publisher\":{\"@id\":\"https:\\\/\\\/sretnabeba.hr\\\/#organization\"},\"alternateName\":\"Oprema za bebe\",\"potentialAction\":[{\"@type\":\"SearchAction\",\"target\":{\"@type\":\"EntryPoint\",\"urlTemplate\":\"https:\\\/\\\/sretnabeba.hr\\\/?s={search_term_string}\"},\"query-input\":{\"@type\":\"PropertyValueSpecification\",\"valueRequired\":true,\"valueName\":\"search_term_string\"}}],\"inLanguage\":\"hr\"},{\"@type\":\"Organization\",\"@id\":\"https:\\\/\\\/sretnabeba.hr\\\/#organization\",\"name\":\"Sretna beba\",\"alternateName\":\"Zastupnik i distributer Lovi i Canpol babies opreme za Hrvatsku\",\"url\":\"https:\\\/\\\/sretnabeba.hr\\\/\",\"logo\":{\"@type\":\"ImageObject\",\"inLanguage\":\"hr\",\"@id\":\"https:\\\/\\\/sretnabeba.hr\\\/#\\\/schema\\\/logo\\\/image\\\/\",\"url\":\"https:\\\/\\\/sretnabeba.hr\\\/webw3\\\/wp-content\\\/uploads\\\/2023\\\/06\\\/logo-sretnabeba.hr-01.png\",\"contentUrl\":\"https:\\\/\\\/sretnabeba.hr\\\/webw3\\\/wp-content\\\/uploads\\\/2023\\\/06\\\/logo-sretnabeba.hr-01.png\",\"width\":619,\"height\":625,\"caption\":\"Sretna beba\"},\"image\":{\"@id\":\"https:\\\/\\\/sretnabeba.hr\\\/#\\\/schema\\\/logo\\\/image\\\/\"}}]}<\/script>\n<!-- \/ Yoast SEO plugin. -->","yoast_head_json":{"title":"LOVI silikonska dinami\u010dna duda PRIME 6-18mj\/18+mj, 2 kom, Pistacio\/Zelena - Sretna beba","robots":{"index":"index","follow":"follow","max-snippet":"max-snippet:-1","max-image-preview":"max-image-preview:large","max-video-preview":"max-video-preview:-1"},"canonical":"https:\/\/sretnabeba.hr\/index.php\/proizvod\/lovi-silikonska-dinamicna-duda-prime-6-18-mjeseci-2-kom-pistacio-zelena\/","og_locale":"hr_HR","og_type":"article","og_title":"LOVI silikonska dinami\u010dna duda PRIME 6-18mj\/18+mj, 2 kom, Pistacio\/Zelena - Sretna beba","og_description":"Dinami\u010dna duda LOVI iz PRIME kolekcije sigurna je za refleks sisanja i ne ometa razvoj govora i ugriza*.  Dinami\u010dna duda, zahvaljuju\u0107i svojoj jedinstvenoj konstrukciji od silikona razli\u010ditih debljina, raste\u017ee se i skuplja prema ritmu sisanja bebe. To \u0161titi njihov refleks sisanja i ne utje\u010de negativno na dojenje.  Simetri\u010dni oblik vrha temelji se na obliku bradavice ispunjene mlijekom, \u0161to bebi pru\u017ea poznati osje\u0107aj sli\u010dan osje\u0107aju dojke.  Etiketa dude posebno je oblikovana kako bi se olak\u0161alo disanje na nos i gutanje sline, ba\u0161 kao kod dojke. Oblikovana etiketa \u0161to je manje mogu\u0107e prianja uz bebinu ko\u017eu, \u0161to olak\u0161ava slobodan protok zraka i smanjuje rizik od iritacije ko\u017ee.   Duda je lagana, ne optere\u0107uje djetetova usta. Vrh je izra\u0111en od silikona, tako da se ne deformira prilikom kori\u0161tenja u djetetovim ustima.  LOVI PRIME duda ima atraktivan, moderan dizajn - savr\u0161en je dodatak dje\u010djoj opremi, boje dude su u skladu s najnovijim trendovima. *pod uvjetom da se slijede ortodontske i neurolo\u0161ke preporuke.","og_url":"https:\/\/sretnabeba.hr\/index.php\/proizvod\/lovi-silikonska-dinamicna-duda-prime-6-18-mjeseci-2-kom-pistacio-zelena\/","og_site_name":"Sretna beba","article_modified_time":"2026-03-30T11:43:38+00:00","og_image":[{"width":1000,"height":1000,"url":"https:\/\/sretnabeba.hr\/webw3\/wp-content\/uploads\/2026\/03\/lovi-dudlik-silikonovy-dynamicky-prime-18m-2ks-pistachiogreen.jpg","type":"image\/jpeg"}],"twitter_card":"summary_large_image","twitter_misc":{"Procijenjeno vrijeme \u010ditanja":"1 minuta"},"schema":{"@context":"https:\/\/schema.org","@graph":[{"@type":"WebPage","@id":"https:\/\/sretnabeba.hr\/index.php\/proizvod\/lovi-silikonska-dinamicna-duda-prime-6-18-mjeseci-2-kom-pistacio-zelena\/","url":"https:\/\/sretnabeba.hr\/index.php\/proizvod\/lovi-silikonska-dinamicna-duda-prime-6-18-mjeseci-2-kom-pistacio-zelena\/","name":"LOVI silikonska dinami\u010dna duda PRIME 6-18mj\/18+mj, 2 kom, Pistacio\/Zelena - Sretna beba","isPartOf":{"@id":"https:\/\/sretnabeba.hr\/#website"},"primaryImageOfPage":{"@id":"https:\/\/sretnabeba.hr\/index.php\/proizvod\/lovi-silikonska-dinamicna-duda-prime-6-18-mjeseci-2-kom-pistacio-zelena\/#primaryimage"},"image":{"@id":"https:\/\/sretnabeba.hr\/index.php\/proizvod\/lovi-silikonska-dinamicna-duda-prime-6-18-mjeseci-2-kom-pistacio-zelena\/#primaryimage"},"thumbnailUrl":"https:\/\/sretnabeba.hr\/webw3\/wp-content\/uploads\/2026\/03\/lovi-dudlik-silikonovy-dynamicky-prime-18m-2ks-pistachiogreen.jpg","datePublished":"2026-03-30T11:06:47+00:00","dateModified":"2026-03-30T11:43:38+00:00","breadcrumb":{"@id":"https:\/\/sretnabeba.hr\/index.php\/proizvod\/lovi-silikonska-dinamicna-duda-prime-6-18-mjeseci-2-kom-pistacio-zelena\/#breadcrumb"},"inLanguage":"hr","potentialAction":[{"@type":"ReadAction","target":["https:\/\/sretnabeba.hr\/index.php\/proizvod\/lovi-silikonska-dinamicna-duda-prime-6-18-mjeseci-2-kom-pistacio-zelena\/"]}]},{"@type":"ImageObject","inLanguage":"hr","@id":"https:\/\/sretnabeba.hr\/index.php\/proizvod\/lovi-silikonska-dinamicna-duda-prime-6-18-mjeseci-2-kom-pistacio-zelena\/#primaryimage","url":"https:\/\/sretnabeba.hr\/webw3\/wp-content\/uploads\/2026\/03\/lovi-dudlik-silikonovy-dynamicky-prime-18m-2ks-pistachiogreen.jpg","contentUrl":"https:\/\/sretnabeba.hr\/webw3\/wp-content\/uploads\/2026\/03\/lovi-dudlik-silikonovy-dynamicky-prime-18m-2ks-pistachiogreen.jpg","width":1000,"height":1000},{"@type":"BreadcrumbList","@id":"https:\/\/sretnabeba.hr\/index.php\/proizvod\/lovi-silikonska-dinamicna-duda-prime-6-18-mjeseci-2-kom-pistacio-zelena\/#breadcrumb","itemListElement":[{"@type":"ListItem","position":1,"name":"Po\u010detna stranica","item":"https:\/\/sretnabeba.hr\/"},{"@type":"ListItem","position":2,"name":"Shop","item":"https:\/\/sretnabeba.hr\/index.php\/shop\/"},{"@type":"ListItem","position":3,"name":"LOVI silikonska dinami\u010dna duda PRIME 6-18mj\/18+mj, 2 kom, Pistacio\/Zelena"}]},{"@type":"WebSite","@id":"https:\/\/sretnabeba.hr\/#website","url":"https:\/\/sretnabeba.hr\/","name":"Sretna beba - LOVI i CANPOL BABIES oprema za bebe","description":"Zastupnik i distributer Lovi i Canpol babies opreme za Hrvatsku","publisher":{"@id":"https:\/\/sretnabeba.hr\/#organization"},"alternateName":"Oprema za bebe","potentialAction":[{"@type":"SearchAction","target":{"@type":"EntryPoint","urlTemplate":"https:\/\/sretnabeba.hr\/?s={search_term_string}"},"query-input":{"@type":"PropertyValueSpecification","valueRequired":true,"valueName":"search_term_string"}}],"inLanguage":"hr"},{"@type":"Organization","@id":"https:\/\/sretnabeba.hr\/#organization","name":"Sretna beba","alternateName":"Zastupnik i distributer Lovi i Canpol babies opreme za Hrvatsku","url":"https:\/\/sretnabeba.hr\/","logo":{"@type":"ImageObject","inLanguage":"hr","@id":"https:\/\/sretnabeba.hr\/#\/schema\/logo\/image\/","url":"https:\/\/sretnabeba.hr\/webw3\/wp-content\/uploads\/2023\/06\/logo-sretnabeba.hr-01.png","contentUrl":"https:\/\/sretnabeba.hr\/webw3\/wp-content\/uploads\/2023\/06\/logo-sretnabeba.hr-01.png","width":619,"height":625,"caption":"Sretna beba"},"image":{"@id":"https:\/\/sretnabeba.hr\/#\/schema\/logo\/image\/"}}]}},"_links":{"self":[{"href":"https:\/\/sretnabeba.hr\/index.php\/wp-json\/wp\/v2\/product\/1485","targetHints":{"allow":["GET"]}}],"collection":[{"href":"https:\/\/sretnabeba.hr\/index.php\/wp-json\/wp\/v2\/product"}],"about":[{"href":"https:\/\/sretnabeba.hr\/index.php\/wp-json\/wp\/v2\/types\/product"}],"replies":[{"embeddable":true,"href":"https:\/\/sretnabeba.hr\/index.php\/wp-json\/wp\/v2\/comments?post=1485"}],"wp:featuredmedia":[{"embeddable":true,"href":"https:\/\/sretnabeba.hr\/index.php\/wp-json\/wp\/v2\/media\/1486"}],"wp:attachment":[{"href":"https:\/\/sretnabeba.hr\/index.php\/wp-json\/wp\/v2\/media?parent=1485"}],"wp:term":[{"taxonomy":"product_brand","embeddable":true,"href":"https:\/\/sretnabeba.hr\/index.php\/wp-json\/wp\/v2\/product_brand?post=1485"},{"taxonomy":"product_cat","embeddable":true,"href":"https:\/\/sretnabeba.hr\/index.php\/wp-json\/wp\/v2\/product_cat?post=1485"},{"taxonomy":"product_tag","embeddable":true,"href":"https:\/\/sretnabeba.hr\/index.php\/wp-json\/wp\/v2\/product_tag?post=1485"}],"curies":[{"name":"wp","href":"https:\/\/api.w.org\/{rel}","templated":true}]}}