{"id":1571,"date":"2026-03-30T15:12:09","date_gmt":"2026-03-30T13:12:09","guid":{"rendered":"https:\/\/sretnabeba.hr\/?post_type=product&#038;p=1571"},"modified":"2026-03-30T15:12:56","modified_gmt":"2026-03-30T13:12:56","slug":"lovi-cvrsta-kutijica-za-dudu-ruzicasta","status":"publish","type":"product","link":"https:\/\/sretnabeba.hr\/index.php\/proizvod\/lovi-cvrsta-kutijica-za-dudu-ruzicasta\/","title":{"rendered":"LOVI \u010dvrsta kutijica za dudu, ru\u017ei\u010dasta"},"content":{"rendered":"","protected":false},"excerpt":{"rendered":"<p>Kutijica je namijenjena za pohranu dude. Sprje\u010dava njezino prljanje ili gubitak. Prakti\u010dno se i jednostavno pri\u010dvr\u0161\u0107uje na kolica, kreveti\u0107 ili autosjedalicu. Njezine prednosti cijenit \u0107ete posebno u \u0161etnji.<\/p>\n<p>Dvije prakti\u010dne ru\u010dke omogu\u0107uju vam brzo vje\u0161anje navlake na torbu, kolica, autosjedalicu ili pojas.<\/p>\n<p>Kutija za otvaranje \u0161titi dudu od prljanja. Izra\u0111ena je od sigurne plastike koja se lako \u010disti.<\/p>\n<p>Upute za uporabu:<\/p>\n<ul>\n<li>Odr\u017eavajte \u010distom, perite u toploj vodi s proizvodom namijenjenim djeci, povremeno prelijte kipu\u0107om vodom. Ne kuhajte, ne sterilizirajte.<\/li>\n<li>Koristite samo pod izravnim nadzorom odrasle osobe. Prije svake uporabe temeljito provjerite proizvod. Pri prvim znakovima o\u0161te\u0107enja ili istro\u0161enosti, odmah bacite proizvod i nemojte ga dalje koristiti. Proizvod nije igra\u010dka. \u010cuvajte izvan dohvata djece.<\/li>\n<\/ul>\n<p>Ambala\u017ea je u skladu sa zahtjevima: Direktive 2001\/95\/EZ Europskog parlamenta i Vije\u0107a o op\u0107oj sigurnosti proizvoda.<\/p>\n","protected":false},"featured_media":1576,"comment_status":"open","ping_status":"closed","template":"","meta":[],"product_brand":[132],"product_cat":[29,153],"product_tag":[],"class_list":{"0":"post-1571","1":"product","2":"type-product","3":"status-publish","4":"has-post-thumbnail","6":"product_brand-lovi","7":"product_cat-dude","8":"product_cat-kutijice-za-dude","10":"first","11":"instock","12":"taxable","13":"shipping-taxable","14":"purchasable","15":"product-type-simple"},"yoast_head":"<!-- This site is optimized with the Yoast SEO plugin v27.3 - https:\/\/yoast.com\/product\/yoast-seo-wordpress\/ -->\n<title>LOVI \u010dvrsta kutijica za dudu, ru\u017ei\u010dasta - Sretna beba<\/title>\n<meta name=\"robots\" content=\"index, follow, max-snippet:-1, max-image-preview:large, max-video-preview:-1\" \/>\n<link rel=\"canonical\" href=\"https:\/\/sretnabeba.hr\/index.php\/proizvod\/lovi-cvrsta-kutijica-za-dudu-ruzicasta\/\" \/>\n<meta property=\"og:locale\" content=\"hr_HR\" \/>\n<meta property=\"og:type\" content=\"article\" \/>\n<meta property=\"og:title\" content=\"LOVI \u010dvrsta kutijica za dudu, ru\u017ei\u010dasta - Sretna beba\" \/>\n<meta property=\"og:description\" content=\"Kutijica je namijenjena za pohranu dude. Sprje\u010dava njezino prljanje ili gubitak. Prakti\u010dno se i jednostavno pri\u010dvr\u0161\u0107uje na kolica, kreveti\u0107 ili autosjedalicu. Njezine prednosti cijenit \u0107ete posebno u \u0161etnji.  Dvije prakti\u010dne ru\u010dke omogu\u0107uju vam brzo vje\u0161anje navlake na torbu, kolica, autosjedalicu ili pojas.  Kutija za otvaranje \u0161titi dudu od prljanja. Izra\u0111ena je od sigurne plastike koja se lako \u010disti.  Upute za uporabu:   Odr\u017eavajte \u010distom, perite u toploj vodi s proizvodom namijenjenim djeci, povremeno prelijte kipu\u0107om vodom. Ne kuhajte, ne sterilizirajte.  Koristite samo pod izravnim nadzorom odrasle osobe. Prije svake uporabe temeljito provjerite proizvod. Pri prvim znakovima o\u0161te\u0107enja ili istro\u0161enosti, odmah bacite proizvod i nemojte ga dalje koristiti. Proizvod nije igra\u010dka. \u010cuvajte izvan dohvata djece.  Ambala\u017ea je u skladu sa zahtjevima: Direktive 2001\/95\/EZ Europskog parlamenta i Vije\u0107a o op\u0107oj sigurnosti proizvoda.\" \/>\n<meta property=\"og:url\" content=\"https:\/\/sretnabeba.hr\/index.php\/proizvod\/lovi-cvrsta-kutijica-za-dudu-ruzicasta\/\" \/>\n<meta property=\"og:site_name\" content=\"Sretna beba\" \/>\n<meta property=\"article:modified_time\" content=\"2026-03-30T13:12:56+00:00\" \/>\n<meta property=\"og:image\" content=\"https:\/\/sretnabeba.hr\/webw3\/wp-content\/uploads\/2026\/03\/lovi-obal-na-dudlik-ruzovy.jpg\" \/>\n\t<meta property=\"og:image:width\" content=\"1000\" \/>\n\t<meta property=\"og:image:height\" content=\"1000\" \/>\n\t<meta property=\"og:image:type\" content=\"image\/jpeg\" \/>\n<meta name=\"twitter:card\" content=\"summary_large_image\" \/>\n<meta name=\"twitter:label1\" content=\"Procijenjeno vrijeme \u010ditanja\" \/>\n\t<meta name=\"twitter:data1\" content=\"1 minuta\" \/>\n<script type=\"application\/ld+json\" class=\"yoast-schema-graph\">{\"@context\":\"https:\\\/\\\/schema.org\",\"@graph\":[{\"@type\":\"WebPage\",\"@id\":\"https:\\\/\\\/sretnabeba.hr\\\/index.php\\\/proizvod\\\/lovi-cvrsta-kutijica-za-dudu-ruzicasta\\\/\",\"url\":\"https:\\\/\\\/sretnabeba.hr\\\/index.php\\\/proizvod\\\/lovi-cvrsta-kutijica-za-dudu-ruzicasta\\\/\",\"name\":\"LOVI \u010dvrsta kutijica za dudu, ru\u017ei\u010dasta - Sretna beba\",\"isPartOf\":{\"@id\":\"https:\\\/\\\/sretnabeba.hr\\\/#website\"},\"primaryImageOfPage\":{\"@id\":\"https:\\\/\\\/sretnabeba.hr\\\/index.php\\\/proizvod\\\/lovi-cvrsta-kutijica-za-dudu-ruzicasta\\\/#primaryimage\"},\"image\":{\"@id\":\"https:\\\/\\\/sretnabeba.hr\\\/index.php\\\/proizvod\\\/lovi-cvrsta-kutijica-za-dudu-ruzicasta\\\/#primaryimage\"},\"thumbnailUrl\":\"https:\\\/\\\/sretnabeba.hr\\\/webw3\\\/wp-content\\\/uploads\\\/2026\\\/03\\\/lovi-obal-na-dudlik-ruzovy.jpg\",\"datePublished\":\"2026-03-30T13:12:09+00:00\",\"dateModified\":\"2026-03-30T13:12:56+00:00\",\"breadcrumb\":{\"@id\":\"https:\\\/\\\/sretnabeba.hr\\\/index.php\\\/proizvod\\\/lovi-cvrsta-kutijica-za-dudu-ruzicasta\\\/#breadcrumb\"},\"inLanguage\":\"hr\",\"potentialAction\":[{\"@type\":\"ReadAction\",\"target\":[\"https:\\\/\\\/sretnabeba.hr\\\/index.php\\\/proizvod\\\/lovi-cvrsta-kutijica-za-dudu-ruzicasta\\\/\"]}]},{\"@type\":\"ImageObject\",\"inLanguage\":\"hr\",\"@id\":\"https:\\\/\\\/sretnabeba.hr\\\/index.php\\\/proizvod\\\/lovi-cvrsta-kutijica-za-dudu-ruzicasta\\\/#primaryimage\",\"url\":\"https:\\\/\\\/sretnabeba.hr\\\/webw3\\\/wp-content\\\/uploads\\\/2026\\\/03\\\/lovi-obal-na-dudlik-ruzovy.jpg\",\"contentUrl\":\"https:\\\/\\\/sretnabeba.hr\\\/webw3\\\/wp-content\\\/uploads\\\/2026\\\/03\\\/lovi-obal-na-dudlik-ruzovy.jpg\",\"width\":1000,\"height\":1000},{\"@type\":\"BreadcrumbList\",\"@id\":\"https:\\\/\\\/sretnabeba.hr\\\/index.php\\\/proizvod\\\/lovi-cvrsta-kutijica-za-dudu-ruzicasta\\\/#breadcrumb\",\"itemListElement\":[{\"@type\":\"ListItem\",\"position\":1,\"name\":\"Po\u010detna stranica\",\"item\":\"https:\\\/\\\/sretnabeba.hr\\\/\"},{\"@type\":\"ListItem\",\"position\":2,\"name\":\"Shop\",\"item\":\"https:\\\/\\\/sretnabeba.hr\\\/index.php\\\/shop\\\/\"},{\"@type\":\"ListItem\",\"position\":3,\"name\":\"LOVI \u010dvrsta kutijica za dudu, ru\u017ei\u010dasta\"}]},{\"@type\":\"WebSite\",\"@id\":\"https:\\\/\\\/sretnabeba.hr\\\/#website\",\"url\":\"https:\\\/\\\/sretnabeba.hr\\\/\",\"name\":\"Sretna beba - LOVI i CANPOL BABIES oprema za bebe\",\"description\":\"Zastupnik i distributer Lovi i Canpol babies opreme za Hrvatsku\",\"publisher\":{\"@id\":\"https:\\\/\\\/sretnabeba.hr\\\/#organization\"},\"alternateName\":\"Oprema za bebe\",\"potentialAction\":[{\"@type\":\"SearchAction\",\"target\":{\"@type\":\"EntryPoint\",\"urlTemplate\":\"https:\\\/\\\/sretnabeba.hr\\\/?s={search_term_string}\"},\"query-input\":{\"@type\":\"PropertyValueSpecification\",\"valueRequired\":true,\"valueName\":\"search_term_string\"}}],\"inLanguage\":\"hr\"},{\"@type\":\"Organization\",\"@id\":\"https:\\\/\\\/sretnabeba.hr\\\/#organization\",\"name\":\"Sretna beba\",\"alternateName\":\"Zastupnik i distributer Lovi i Canpol babies opreme za Hrvatsku\",\"url\":\"https:\\\/\\\/sretnabeba.hr\\\/\",\"logo\":{\"@type\":\"ImageObject\",\"inLanguage\":\"hr\",\"@id\":\"https:\\\/\\\/sretnabeba.hr\\\/#\\\/schema\\\/logo\\\/image\\\/\",\"url\":\"https:\\\/\\\/sretnabeba.hr\\\/webw3\\\/wp-content\\\/uploads\\\/2023\\\/06\\\/logo-sretnabeba.hr-01.png\",\"contentUrl\":\"https:\\\/\\\/sretnabeba.hr\\\/webw3\\\/wp-content\\\/uploads\\\/2023\\\/06\\\/logo-sretnabeba.hr-01.png\",\"width\":619,\"height\":625,\"caption\":\"Sretna beba\"},\"image\":{\"@id\":\"https:\\\/\\\/sretnabeba.hr\\\/#\\\/schema\\\/logo\\\/image\\\/\"}}]}<\/script>\n<!-- \/ Yoast SEO plugin. -->","yoast_head_json":{"title":"LOVI \u010dvrsta kutijica za dudu, ru\u017ei\u010dasta - Sretna beba","robots":{"index":"index","follow":"follow","max-snippet":"max-snippet:-1","max-image-preview":"max-image-preview:large","max-video-preview":"max-video-preview:-1"},"canonical":"https:\/\/sretnabeba.hr\/index.php\/proizvod\/lovi-cvrsta-kutijica-za-dudu-ruzicasta\/","og_locale":"hr_HR","og_type":"article","og_title":"LOVI \u010dvrsta kutijica za dudu, ru\u017ei\u010dasta - Sretna beba","og_description":"Kutijica je namijenjena za pohranu dude. Sprje\u010dava njezino prljanje ili gubitak. Prakti\u010dno se i jednostavno pri\u010dvr\u0161\u0107uje na kolica, kreveti\u0107 ili autosjedalicu. Njezine prednosti cijenit \u0107ete posebno u \u0161etnji.  Dvije prakti\u010dne ru\u010dke omogu\u0107uju vam brzo vje\u0161anje navlake na torbu, kolica, autosjedalicu ili pojas.  Kutija za otvaranje \u0161titi dudu od prljanja. Izra\u0111ena je od sigurne plastike koja se lako \u010disti.  Upute za uporabu:   Odr\u017eavajte \u010distom, perite u toploj vodi s proizvodom namijenjenim djeci, povremeno prelijte kipu\u0107om vodom. Ne kuhajte, ne sterilizirajte.  Koristite samo pod izravnim nadzorom odrasle osobe. Prije svake uporabe temeljito provjerite proizvod. Pri prvim znakovima o\u0161te\u0107enja ili istro\u0161enosti, odmah bacite proizvod i nemojte ga dalje koristiti. Proizvod nije igra\u010dka. \u010cuvajte izvan dohvata djece.  Ambala\u017ea je u skladu sa zahtjevima: Direktive 2001\/95\/EZ Europskog parlamenta i Vije\u0107a o op\u0107oj sigurnosti proizvoda.","og_url":"https:\/\/sretnabeba.hr\/index.php\/proizvod\/lovi-cvrsta-kutijica-za-dudu-ruzicasta\/","og_site_name":"Sretna beba","article_modified_time":"2026-03-30T13:12:56+00:00","og_image":[{"width":1000,"height":1000,"url":"https:\/\/sretnabeba.hr\/webw3\/wp-content\/uploads\/2026\/03\/lovi-obal-na-dudlik-ruzovy.jpg","type":"image\/jpeg"}],"twitter_card":"summary_large_image","twitter_misc":{"Procijenjeno vrijeme \u010ditanja":"1 minuta"},"schema":{"@context":"https:\/\/schema.org","@graph":[{"@type":"WebPage","@id":"https:\/\/sretnabeba.hr\/index.php\/proizvod\/lovi-cvrsta-kutijica-za-dudu-ruzicasta\/","url":"https:\/\/sretnabeba.hr\/index.php\/proizvod\/lovi-cvrsta-kutijica-za-dudu-ruzicasta\/","name":"LOVI \u010dvrsta kutijica za dudu, ru\u017ei\u010dasta - Sretna beba","isPartOf":{"@id":"https:\/\/sretnabeba.hr\/#website"},"primaryImageOfPage":{"@id":"https:\/\/sretnabeba.hr\/index.php\/proizvod\/lovi-cvrsta-kutijica-za-dudu-ruzicasta\/#primaryimage"},"image":{"@id":"https:\/\/sretnabeba.hr\/index.php\/proizvod\/lovi-cvrsta-kutijica-za-dudu-ruzicasta\/#primaryimage"},"thumbnailUrl":"https:\/\/sretnabeba.hr\/webw3\/wp-content\/uploads\/2026\/03\/lovi-obal-na-dudlik-ruzovy.jpg","datePublished":"2026-03-30T13:12:09+00:00","dateModified":"2026-03-30T13:12:56+00:00","breadcrumb":{"@id":"https:\/\/sretnabeba.hr\/index.php\/proizvod\/lovi-cvrsta-kutijica-za-dudu-ruzicasta\/#breadcrumb"},"inLanguage":"hr","potentialAction":[{"@type":"ReadAction","target":["https:\/\/sretnabeba.hr\/index.php\/proizvod\/lovi-cvrsta-kutijica-za-dudu-ruzicasta\/"]}]},{"@type":"ImageObject","inLanguage":"hr","@id":"https:\/\/sretnabeba.hr\/index.php\/proizvod\/lovi-cvrsta-kutijica-za-dudu-ruzicasta\/#primaryimage","url":"https:\/\/sretnabeba.hr\/webw3\/wp-content\/uploads\/2026\/03\/lovi-obal-na-dudlik-ruzovy.jpg","contentUrl":"https:\/\/sretnabeba.hr\/webw3\/wp-content\/uploads\/2026\/03\/lovi-obal-na-dudlik-ruzovy.jpg","width":1000,"height":1000},{"@type":"BreadcrumbList","@id":"https:\/\/sretnabeba.hr\/index.php\/proizvod\/lovi-cvrsta-kutijica-za-dudu-ruzicasta\/#breadcrumb","itemListElement":[{"@type":"ListItem","position":1,"name":"Po\u010detna stranica","item":"https:\/\/sretnabeba.hr\/"},{"@type":"ListItem","position":2,"name":"Shop","item":"https:\/\/sretnabeba.hr\/index.php\/shop\/"},{"@type":"ListItem","position":3,"name":"LOVI \u010dvrsta kutijica za dudu, ru\u017ei\u010dasta"}]},{"@type":"WebSite","@id":"https:\/\/sretnabeba.hr\/#website","url":"https:\/\/sretnabeba.hr\/","name":"Sretna beba - LOVI i CANPOL BABIES oprema za bebe","description":"Zastupnik i distributer Lovi i Canpol babies opreme za Hrvatsku","publisher":{"@id":"https:\/\/sretnabeba.hr\/#organization"},"alternateName":"Oprema za bebe","potentialAction":[{"@type":"SearchAction","target":{"@type":"EntryPoint","urlTemplate":"https:\/\/sretnabeba.hr\/?s={search_term_string}"},"query-input":{"@type":"PropertyValueSpecification","valueRequired":true,"valueName":"search_term_string"}}],"inLanguage":"hr"},{"@type":"Organization","@id":"https:\/\/sretnabeba.hr\/#organization","name":"Sretna beba","alternateName":"Zastupnik i distributer Lovi i Canpol babies opreme za Hrvatsku","url":"https:\/\/sretnabeba.hr\/","logo":{"@type":"ImageObject","inLanguage":"hr","@id":"https:\/\/sretnabeba.hr\/#\/schema\/logo\/image\/","url":"https:\/\/sretnabeba.hr\/webw3\/wp-content\/uploads\/2023\/06\/logo-sretnabeba.hr-01.png","contentUrl":"https:\/\/sretnabeba.hr\/webw3\/wp-content\/uploads\/2023\/06\/logo-sretnabeba.hr-01.png","width":619,"height":625,"caption":"Sretna beba"},"image":{"@id":"https:\/\/sretnabeba.hr\/#\/schema\/logo\/image\/"}}]}},"_links":{"self":[{"href":"https:\/\/sretnabeba.hr\/index.php\/wp-json\/wp\/v2\/product\/1571","targetHints":{"allow":["GET"]}}],"collection":[{"href":"https:\/\/sretnabeba.hr\/index.php\/wp-json\/wp\/v2\/product"}],"about":[{"href":"https:\/\/sretnabeba.hr\/index.php\/wp-json\/wp\/v2\/types\/product"}],"replies":[{"embeddable":true,"href":"https:\/\/sretnabeba.hr\/index.php\/wp-json\/wp\/v2\/comments?post=1571"}],"wp:featuredmedia":[{"embeddable":true,"href":"https:\/\/sretnabeba.hr\/index.php\/wp-json\/wp\/v2\/media\/1576"}],"wp:attachment":[{"href":"https:\/\/sretnabeba.hr\/index.php\/wp-json\/wp\/v2\/media?parent=1571"}],"wp:term":[{"taxonomy":"product_brand","embeddable":true,"href":"https:\/\/sretnabeba.hr\/index.php\/wp-json\/wp\/v2\/product_brand?post=1571"},{"taxonomy":"product_cat","embeddable":true,"href":"https:\/\/sretnabeba.hr\/index.php\/wp-json\/wp\/v2\/product_cat?post=1571"},{"taxonomy":"product_tag","embeddable":true,"href":"https:\/\/sretnabeba.hr\/index.php\/wp-json\/wp\/v2\/product_tag?post=1571"}],"curies":[{"name":"wp","href":"https:\/\/api.w.org\/{rel}","templated":true}]}}