{"id":430,"date":"2026-01-20T12:08:28","date_gmt":"2026-01-20T11:08:28","guid":{"rendered":"https:\/\/sretnabeba.hr\/?post_type=product&#038;p=430"},"modified":"2026-03-30T12:30:26","modified_gmt":"2026-03-30T10:30:26","slug":"lovi-svjetleca-silikonska-duda-dinamicna-nightday-2-kom-plava","status":"publish","type":"product","link":"https:\/\/sretnabeba.hr\/index.php\/proizvod\/lovi-svjetleca-silikonska-duda-dinamicna-nightday-2-kom-plava\/","title":{"rendered":"LOVI Svjetle\u0107a silikonska duda dinami\u010dna NIGHT&#038;DAY, 2 kom, plava"},"content":{"rendered":"","protected":false},"excerpt":{"rendered":"<p><img loading=\"lazy\" decoding=\"async\" class=\"wp-image-437 alignleft\" src=\"https:\/\/sretnabeba.hr\/webw3\/wp-content\/themes\/woodmart\/images\/lazy.svg\" data-src=\"https:\/\/sretnabeba.hr\/webw3\/wp-content\/uploads\/2026\/01\/GlowsInDark_white-282x300.jpg\" alt=\"\" width=\"60\" height=\"64\" srcset=\"\" data-srcset=\"https:\/\/sretnabeba.hr\/webw3\/wp-content\/uploads\/2026\/01\/GlowsInDark_white-282x300.jpg 282w, https:\/\/sretnabeba.hr\/webw3\/wp-content\/uploads\/2026\/01\/GlowsInDark_white-150x159.jpg 150w, https:\/\/sretnabeba.hr\/webw3\/wp-content\/uploads\/2026\/01\/GlowsInDark_white.jpg 382w\" sizes=\"auto, (max-width: 60px) 100vw, 60px\" \/>Dinami\u010dna duda LOVI iz kolekcije NIGHT&amp;DAY sigurna je za refleks sisanja i ne ometa razvoj govora i ugriza*.<\/p>\n<p>Zahvaljuju\u0107i jedinstvenoj konstrukciji od silikona razli\u010ditih debljina, duda se raste\u017ee i skuplja prema ritmu sisanja bebe. Zahvaljuju\u0107i tome, \u0161titi njegov refleks sisanja i ne utje\u010de negativno na dojenje.<\/p>\n<p>Simetri\u010dni oblik vrha temelji se na obliku bradavice ispunjene mlijekom, \u0161to bebi pru\u017ea poznati osje\u0107aj sli\u010dan osje\u0107aju dojke.<\/p>\n<p>Dinami\u010dna duda NIGHT&amp;DAY tako\u0111er ne ometa razvoj govora i ugriza*. Vrh je spljo\u0161ten, a vrat je toliko tanak da omogu\u0107uje bebi da slobodno zatvori usta i pravilno radi desnima prilikom sisanja, te pru\u017ea dovoljno prostora u ustima za rad jezika, \u0161to smanjuje rizik od malokluzije i govornih mana*.<\/p>\n<h5>Duda ima ru\u010dku koja svijetli u mraku, \u0161to olak\u0161ava pronala\u017eenje no\u0107u.<\/h5>\n<p id=\"tw-target-text\" class=\"tw-data-text tw-text-large tw-ta\" dir=\"ltr\" tabindex=\"-1\" role=\"text\" data-placeholder=\"Prijevod\" data-ved=\"2ahUKEwiwnLrV4JeSAxVD4gIHHf8HIu8Q3ewLegQIDBAV\" aria-label=\"Prevedeni tekst: *pod uvjetom da se slijede ortodontske i neurolo\u0161ke preporuke.\"><em><span class=\"Y2IQFc\" lang=\"hr\">*pod uvjetom da se slijede ortodontske i neurolo\u0161ke preporuke.<\/span><\/em><\/p>\n","protected":false},"featured_media":434,"comment_status":"open","ping_status":"closed","template":"","meta":[],"product_brand":[132],"product_cat":[29,141],"product_tag":[],"class_list":{"0":"post-430","1":"product","2":"type-product","3":"status-publish","4":"has-post-thumbnail","6":"product_brand-lovi","7":"product_cat-dude","8":"product_cat-silikonske-dude","10":"first","11":"instock","12":"taxable","13":"shipping-taxable","14":"purchasable","15":"product-type-variable"},"yoast_head":"<!-- This site is optimized with the Yoast SEO plugin v27.3 - https:\/\/yoast.com\/product\/yoast-seo-wordpress\/ -->\n<title>LOVI Svjetle\u0107a silikonska duda dinami\u010dna NIGHT&amp;DAY, 2 kom, plava - Sretna beba<\/title>\n<meta name=\"robots\" content=\"index, follow, max-snippet:-1, max-image-preview:large, max-video-preview:-1\" \/>\n<link rel=\"canonical\" href=\"https:\/\/sretnabeba.hr\/index.php\/proizvod\/lovi-svjetleca-silikonska-duda-dinamicna-nightday-2-kom-plava\/\" \/>\n<meta property=\"og:locale\" content=\"hr_HR\" \/>\n<meta property=\"og:type\" content=\"article\" \/>\n<meta property=\"og:title\" content=\"LOVI Svjetle\u0107a silikonska duda dinami\u010dna NIGHT&amp;DAY, 2 kom, plava - Sretna beba\" \/>\n<meta property=\"og:description\" content=\"Dinami\u010dna duda LOVI iz kolekcije NIGHT&amp;DAY sigurna je za refleks sisanja i ne ometa razvoj govora i ugriza*.  Zahvaljuju\u0107i jedinstvenoj konstrukciji od silikona razli\u010ditih debljina, duda se raste\u017ee i skuplja prema ritmu sisanja bebe. Zahvaljuju\u0107i tome, \u0161titi njegov refleks sisanja i ne utje\u010de negativno na dojenje.  Simetri\u010dni oblik vrha temelji se na obliku bradavice ispunjene mlijekom, \u0161to bebi pru\u017ea poznati osje\u0107aj sli\u010dan osje\u0107aju dojke.  Dinami\u010dna duda NIGHT&amp;DAY tako\u0111er ne ometa razvoj govora i ugriza*. Vrh je spljo\u0161ten, a vrat je toliko tanak da omogu\u0107uje bebi da slobodno zatvori usta i pravilno radi desnima prilikom sisanja, te pru\u017ea dovoljno prostora u ustima za rad jezika, \u0161to smanjuje rizik od malokluzije i govornih mana*. Duda ima ru\u010dku koja svijetli u mraku, \u0161to olak\u0161ava pronala\u017eenje no\u0107u. *pod uvjetom da se slijede ortodontske i neurolo\u0161ke preporuke.\" \/>\n<meta property=\"og:url\" content=\"https:\/\/sretnabeba.hr\/index.php\/proizvod\/lovi-svjetleca-silikonska-duda-dinamicna-nightday-2-kom-plava\/\" \/>\n<meta property=\"og:site_name\" content=\"Sretna beba\" \/>\n<meta property=\"article:modified_time\" content=\"2026-03-30T10:30:26+00:00\" \/>\n<meta property=\"og:image\" content=\"https:\/\/sretnabeba.hr\/webw3\/wp-content\/uploads\/2026\/01\/lovi-dudlik-svitici-silikonovy-dynamicky-nightday-0-6m-2ks-kluk.jpg\" \/>\n\t<meta property=\"og:image:width\" content=\"1000\" \/>\n\t<meta property=\"og:image:height\" content=\"1000\" \/>\n\t<meta property=\"og:image:type\" content=\"image\/jpeg\" \/>\n<meta name=\"twitter:card\" content=\"summary_large_image\" \/>\n<meta name=\"twitter:label1\" content=\"Procijenjeno vrijeme \u010ditanja\" \/>\n\t<meta name=\"twitter:data1\" content=\"1 minuta\" \/>\n<script type=\"application\/ld+json\" class=\"yoast-schema-graph\">{\"@context\":\"https:\\\/\\\/schema.org\",\"@graph\":[{\"@type\":\"WebPage\",\"@id\":\"https:\\\/\\\/sretnabeba.hr\\\/index.php\\\/proizvod\\\/lovi-svjetleca-silikonska-duda-dinamicna-nightday-2-kom-plava\\\/\",\"url\":\"https:\\\/\\\/sretnabeba.hr\\\/index.php\\\/proizvod\\\/lovi-svjetleca-silikonska-duda-dinamicna-nightday-2-kom-plava\\\/\",\"name\":\"LOVI Svjetle\u0107a silikonska duda dinami\u010dna NIGHT&DAY, 2 kom, plava - Sretna beba\",\"isPartOf\":{\"@id\":\"https:\\\/\\\/sretnabeba.hr\\\/#website\"},\"primaryImageOfPage\":{\"@id\":\"https:\\\/\\\/sretnabeba.hr\\\/index.php\\\/proizvod\\\/lovi-svjetleca-silikonska-duda-dinamicna-nightday-2-kom-plava\\\/#primaryimage\"},\"image\":{\"@id\":\"https:\\\/\\\/sretnabeba.hr\\\/index.php\\\/proizvod\\\/lovi-svjetleca-silikonska-duda-dinamicna-nightday-2-kom-plava\\\/#primaryimage\"},\"thumbnailUrl\":\"https:\\\/\\\/sretnabeba.hr\\\/webw3\\\/wp-content\\\/uploads\\\/2026\\\/01\\\/lovi-dudlik-svitici-silikonovy-dynamicky-nightday-0-6m-2ks-kluk.jpg\",\"datePublished\":\"2026-01-20T11:08:28+00:00\",\"dateModified\":\"2026-03-30T10:30:26+00:00\",\"breadcrumb\":{\"@id\":\"https:\\\/\\\/sretnabeba.hr\\\/index.php\\\/proizvod\\\/lovi-svjetleca-silikonska-duda-dinamicna-nightday-2-kom-plava\\\/#breadcrumb\"},\"inLanguage\":\"hr\",\"potentialAction\":[{\"@type\":\"ReadAction\",\"target\":[\"https:\\\/\\\/sretnabeba.hr\\\/index.php\\\/proizvod\\\/lovi-svjetleca-silikonska-duda-dinamicna-nightday-2-kom-plava\\\/\"]}]},{\"@type\":\"ImageObject\",\"inLanguage\":\"hr\",\"@id\":\"https:\\\/\\\/sretnabeba.hr\\\/index.php\\\/proizvod\\\/lovi-svjetleca-silikonska-duda-dinamicna-nightday-2-kom-plava\\\/#primaryimage\",\"url\":\"https:\\\/\\\/sretnabeba.hr\\\/webw3\\\/wp-content\\\/uploads\\\/2026\\\/01\\\/lovi-dudlik-svitici-silikonovy-dynamicky-nightday-0-6m-2ks-kluk.jpg\",\"contentUrl\":\"https:\\\/\\\/sretnabeba.hr\\\/webw3\\\/wp-content\\\/uploads\\\/2026\\\/01\\\/lovi-dudlik-svitici-silikonovy-dynamicky-nightday-0-6m-2ks-kluk.jpg\",\"width\":1000,\"height\":1000},{\"@type\":\"BreadcrumbList\",\"@id\":\"https:\\\/\\\/sretnabeba.hr\\\/index.php\\\/proizvod\\\/lovi-svjetleca-silikonska-duda-dinamicna-nightday-2-kom-plava\\\/#breadcrumb\",\"itemListElement\":[{\"@type\":\"ListItem\",\"position\":1,\"name\":\"Po\u010detna stranica\",\"item\":\"https:\\\/\\\/sretnabeba.hr\\\/\"},{\"@type\":\"ListItem\",\"position\":2,\"name\":\"Shop\",\"item\":\"https:\\\/\\\/sretnabeba.hr\\\/index.php\\\/shop\\\/\"},{\"@type\":\"ListItem\",\"position\":3,\"name\":\"LOVI Svjetle\u0107a silikonska duda dinami\u010dna NIGHT&#038;DAY, 2 kom, plava\"}]},{\"@type\":\"WebSite\",\"@id\":\"https:\\\/\\\/sretnabeba.hr\\\/#website\",\"url\":\"https:\\\/\\\/sretnabeba.hr\\\/\",\"name\":\"Sretna beba - LOVI i CANPOL BABIES oprema za bebe\",\"description\":\"Zastupnik i distributer Lovi i Canpol babies opreme za Hrvatsku\",\"publisher\":{\"@id\":\"https:\\\/\\\/sretnabeba.hr\\\/#organization\"},\"alternateName\":\"Oprema za bebe\",\"potentialAction\":[{\"@type\":\"SearchAction\",\"target\":{\"@type\":\"EntryPoint\",\"urlTemplate\":\"https:\\\/\\\/sretnabeba.hr\\\/?s={search_term_string}\"},\"query-input\":{\"@type\":\"PropertyValueSpecification\",\"valueRequired\":true,\"valueName\":\"search_term_string\"}}],\"inLanguage\":\"hr\"},{\"@type\":\"Organization\",\"@id\":\"https:\\\/\\\/sretnabeba.hr\\\/#organization\",\"name\":\"Sretna beba\",\"alternateName\":\"Zastupnik i distributer Lovi i Canpol babies opreme za Hrvatsku\",\"url\":\"https:\\\/\\\/sretnabeba.hr\\\/\",\"logo\":{\"@type\":\"ImageObject\",\"inLanguage\":\"hr\",\"@id\":\"https:\\\/\\\/sretnabeba.hr\\\/#\\\/schema\\\/logo\\\/image\\\/\",\"url\":\"https:\\\/\\\/sretnabeba.hr\\\/webw3\\\/wp-content\\\/uploads\\\/2023\\\/06\\\/logo-sretnabeba.hr-01.png\",\"contentUrl\":\"https:\\\/\\\/sretnabeba.hr\\\/webw3\\\/wp-content\\\/uploads\\\/2023\\\/06\\\/logo-sretnabeba.hr-01.png\",\"width\":619,\"height\":625,\"caption\":\"Sretna beba\"},\"image\":{\"@id\":\"https:\\\/\\\/sretnabeba.hr\\\/#\\\/schema\\\/logo\\\/image\\\/\"}}]}<\/script>\n<!-- \/ Yoast SEO plugin. -->","yoast_head_json":{"title":"LOVI Svjetle\u0107a silikonska duda dinami\u010dna NIGHT&DAY, 2 kom, plava - Sretna beba","robots":{"index":"index","follow":"follow","max-snippet":"max-snippet:-1","max-image-preview":"max-image-preview:large","max-video-preview":"max-video-preview:-1"},"canonical":"https:\/\/sretnabeba.hr\/index.php\/proizvod\/lovi-svjetleca-silikonska-duda-dinamicna-nightday-2-kom-plava\/","og_locale":"hr_HR","og_type":"article","og_title":"LOVI Svjetle\u0107a silikonska duda dinami\u010dna NIGHT&DAY, 2 kom, plava - Sretna beba","og_description":"Dinami\u010dna duda LOVI iz kolekcije NIGHT&amp;DAY sigurna je za refleks sisanja i ne ometa razvoj govora i ugriza*.  Zahvaljuju\u0107i jedinstvenoj konstrukciji od silikona razli\u010ditih debljina, duda se raste\u017ee i skuplja prema ritmu sisanja bebe. Zahvaljuju\u0107i tome, \u0161titi njegov refleks sisanja i ne utje\u010de negativno na dojenje.  Simetri\u010dni oblik vrha temelji se na obliku bradavice ispunjene mlijekom, \u0161to bebi pru\u017ea poznati osje\u0107aj sli\u010dan osje\u0107aju dojke.  Dinami\u010dna duda NIGHT&amp;DAY tako\u0111er ne ometa razvoj govora i ugriza*. Vrh je spljo\u0161ten, a vrat je toliko tanak da omogu\u0107uje bebi da slobodno zatvori usta i pravilno radi desnima prilikom sisanja, te pru\u017ea dovoljno prostora u ustima za rad jezika, \u0161to smanjuje rizik od malokluzije i govornih mana*. Duda ima ru\u010dku koja svijetli u mraku, \u0161to olak\u0161ava pronala\u017eenje no\u0107u. *pod uvjetom da se slijede ortodontske i neurolo\u0161ke preporuke.","og_url":"https:\/\/sretnabeba.hr\/index.php\/proizvod\/lovi-svjetleca-silikonska-duda-dinamicna-nightday-2-kom-plava\/","og_site_name":"Sretna beba","article_modified_time":"2026-03-30T10:30:26+00:00","og_image":[{"width":1000,"height":1000,"url":"https:\/\/sretnabeba.hr\/webw3\/wp-content\/uploads\/2026\/01\/lovi-dudlik-svitici-silikonovy-dynamicky-nightday-0-6m-2ks-kluk.jpg","type":"image\/jpeg"}],"twitter_card":"summary_large_image","twitter_misc":{"Procijenjeno vrijeme \u010ditanja":"1 minuta"},"schema":{"@context":"https:\/\/schema.org","@graph":[{"@type":"WebPage","@id":"https:\/\/sretnabeba.hr\/index.php\/proizvod\/lovi-svjetleca-silikonska-duda-dinamicna-nightday-2-kom-plava\/","url":"https:\/\/sretnabeba.hr\/index.php\/proizvod\/lovi-svjetleca-silikonska-duda-dinamicna-nightday-2-kom-plava\/","name":"LOVI Svjetle\u0107a silikonska duda dinami\u010dna NIGHT&DAY, 2 kom, plava - Sretna beba","isPartOf":{"@id":"https:\/\/sretnabeba.hr\/#website"},"primaryImageOfPage":{"@id":"https:\/\/sretnabeba.hr\/index.php\/proizvod\/lovi-svjetleca-silikonska-duda-dinamicna-nightday-2-kom-plava\/#primaryimage"},"image":{"@id":"https:\/\/sretnabeba.hr\/index.php\/proizvod\/lovi-svjetleca-silikonska-duda-dinamicna-nightday-2-kom-plava\/#primaryimage"},"thumbnailUrl":"https:\/\/sretnabeba.hr\/webw3\/wp-content\/uploads\/2026\/01\/lovi-dudlik-svitici-silikonovy-dynamicky-nightday-0-6m-2ks-kluk.jpg","datePublished":"2026-01-20T11:08:28+00:00","dateModified":"2026-03-30T10:30:26+00:00","breadcrumb":{"@id":"https:\/\/sretnabeba.hr\/index.php\/proizvod\/lovi-svjetleca-silikonska-duda-dinamicna-nightday-2-kom-plava\/#breadcrumb"},"inLanguage":"hr","potentialAction":[{"@type":"ReadAction","target":["https:\/\/sretnabeba.hr\/index.php\/proizvod\/lovi-svjetleca-silikonska-duda-dinamicna-nightday-2-kom-plava\/"]}]},{"@type":"ImageObject","inLanguage":"hr","@id":"https:\/\/sretnabeba.hr\/index.php\/proizvod\/lovi-svjetleca-silikonska-duda-dinamicna-nightday-2-kom-plava\/#primaryimage","url":"https:\/\/sretnabeba.hr\/webw3\/wp-content\/uploads\/2026\/01\/lovi-dudlik-svitici-silikonovy-dynamicky-nightday-0-6m-2ks-kluk.jpg","contentUrl":"https:\/\/sretnabeba.hr\/webw3\/wp-content\/uploads\/2026\/01\/lovi-dudlik-svitici-silikonovy-dynamicky-nightday-0-6m-2ks-kluk.jpg","width":1000,"height":1000},{"@type":"BreadcrumbList","@id":"https:\/\/sretnabeba.hr\/index.php\/proizvod\/lovi-svjetleca-silikonska-duda-dinamicna-nightday-2-kom-plava\/#breadcrumb","itemListElement":[{"@type":"ListItem","position":1,"name":"Po\u010detna stranica","item":"https:\/\/sretnabeba.hr\/"},{"@type":"ListItem","position":2,"name":"Shop","item":"https:\/\/sretnabeba.hr\/index.php\/shop\/"},{"@type":"ListItem","position":3,"name":"LOVI Svjetle\u0107a silikonska duda dinami\u010dna NIGHT&#038;DAY, 2 kom, plava"}]},{"@type":"WebSite","@id":"https:\/\/sretnabeba.hr\/#website","url":"https:\/\/sretnabeba.hr\/","name":"Sretna beba - LOVI i CANPOL BABIES oprema za bebe","description":"Zastupnik i distributer Lovi i Canpol babies opreme za Hrvatsku","publisher":{"@id":"https:\/\/sretnabeba.hr\/#organization"},"alternateName":"Oprema za bebe","potentialAction":[{"@type":"SearchAction","target":{"@type":"EntryPoint","urlTemplate":"https:\/\/sretnabeba.hr\/?s={search_term_string}"},"query-input":{"@type":"PropertyValueSpecification","valueRequired":true,"valueName":"search_term_string"}}],"inLanguage":"hr"},{"@type":"Organization","@id":"https:\/\/sretnabeba.hr\/#organization","name":"Sretna beba","alternateName":"Zastupnik i distributer Lovi i Canpol babies opreme za Hrvatsku","url":"https:\/\/sretnabeba.hr\/","logo":{"@type":"ImageObject","inLanguage":"hr","@id":"https:\/\/sretnabeba.hr\/#\/schema\/logo\/image\/","url":"https:\/\/sretnabeba.hr\/webw3\/wp-content\/uploads\/2023\/06\/logo-sretnabeba.hr-01.png","contentUrl":"https:\/\/sretnabeba.hr\/webw3\/wp-content\/uploads\/2023\/06\/logo-sretnabeba.hr-01.png","width":619,"height":625,"caption":"Sretna beba"},"image":{"@id":"https:\/\/sretnabeba.hr\/#\/schema\/logo\/image\/"}}]}},"_links":{"self":[{"href":"https:\/\/sretnabeba.hr\/index.php\/wp-json\/wp\/v2\/product\/430","targetHints":{"allow":["GET"]}}],"collection":[{"href":"https:\/\/sretnabeba.hr\/index.php\/wp-json\/wp\/v2\/product"}],"about":[{"href":"https:\/\/sretnabeba.hr\/index.php\/wp-json\/wp\/v2\/types\/product"}],"replies":[{"embeddable":true,"href":"https:\/\/sretnabeba.hr\/index.php\/wp-json\/wp\/v2\/comments?post=430"}],"wp:featuredmedia":[{"embeddable":true,"href":"https:\/\/sretnabeba.hr\/index.php\/wp-json\/wp\/v2\/media\/434"}],"wp:attachment":[{"href":"https:\/\/sretnabeba.hr\/index.php\/wp-json\/wp\/v2\/media?parent=430"}],"wp:term":[{"taxonomy":"product_brand","embeddable":true,"href":"https:\/\/sretnabeba.hr\/index.php\/wp-json\/wp\/v2\/product_brand?post=430"},{"taxonomy":"product_cat","embeddable":true,"href":"https:\/\/sretnabeba.hr\/index.php\/wp-json\/wp\/v2\/product_cat?post=430"},{"taxonomy":"product_tag","embeddable":true,"href":"https:\/\/sretnabeba.hr\/index.php\/wp-json\/wp\/v2\/product_tag?post=430"}],"curies":[{"name":"wp","href":"https:\/\/api.w.org\/{rel}","templated":true}]}}