{"id":480,"date":"2026-01-20T12:45:41","date_gmt":"2026-01-20T11:45:41","guid":{"rendered":"https:\/\/sretnabeba.hr\/?post_type=product&#038;p=480"},"modified":"2026-03-30T12:39:35","modified_gmt":"2026-03-30T10:39:35","slug":"lovi-silikonska-duda-dinamicna-blossom-2-kom-roza","status":"publish","type":"product","link":"https:\/\/sretnabeba.hr\/index.php\/proizvod\/lovi-silikonska-duda-dinamicna-blossom-2-kom-roza\/","title":{"rendered":"LOVI silikonska duda dinami\u010dna BLOSSOM, 2 kom, roza"},"content":{"rendered":"","protected":false},"excerpt":{"rendered":"<p><span class=\"Y2IQFc\" lang=\"hr\">Dinami\u010dna silikonska duda LOVI BLOSSOM ne remeti bebin refleks sisanja, vrlo je lagana i dijete se ne napre\u017ee prilikom sisanja. Prilago\u0111ena starijoj djeci.<\/span><\/p>\n<p><span class=\"Y2IQFc\" lang=\"hr\">Dinami\u010dna duda LOVI ne ometa bebin refleks sisanja, razvoj govora i zagriza, pod uvjetom da se slijede ostale ortodontske i neurologopedske preporuke. Duda je vrlo lagana, beba se ne napre\u017ee prilikom sisanja.<\/span><\/p>\n<p><span class=\"Y2IQFc\" lang=\"hr\">Oblik silikonskog vrha prilago\u0111en je prirodnom refleksu sisanja, silikonski dio je uzak na po\u010detku blizu oznake, a pro\u0161iren na kraju tako da se vrh raste\u017ee i skuplja prema ritmu sisanja bebe. To \u0161titi refleks sisanja bebe i sisanje dude ne utje\u010de negativno na dojenje. Simetri\u010dni oblik vrha temelji se na obliku maj\u010dine bradavice ispunjene mlijekom, \u0161to bebi pru\u017ea poznati osje\u0107aj sli\u010dan osje\u0107aju sisanja iz dojke. Vrh je spljo\u0161ten, a kraj dude je toliko tanak da omogu\u0107uje bebi da slobodno zatvori usta i pravilno radi desnima prilikom sisanja, a istovremeno osigurava dovoljno prostora u ustima za rad jezika, \u0161to smanjuje rizik od malokluzije i govornih mana*.<\/span><\/p>\n<p><em><span class=\"Y2IQFc\" lang=\"hr\">*<\/span><span class=\"Y2IQFc\" lang=\"hr\">Studija o kori\u0161tenju dude varalice provedena u klini\u010dkim uvjetima na skupini od 150 dojen\u010dadi u dobi od 0 do 18 mjeseci u specijaliziranim regionalnim pedijatrijskim i neurolo\u0161kim klinikama u Poljskoj, pod okriljem Nacionalnog zdravstvenog fonda, u Katowicama, Rzesz\u00f3wu i Bydgoszczu, u kojoj su sudjelovale primalje i roditelji, 2010. godine.<\/span><\/em><\/p>\n<p>&nbsp;<\/p>\n","protected":false},"featured_media":484,"comment_status":"open","ping_status":"closed","template":"","meta":[],"product_brand":[132],"product_cat":[29,141],"product_tag":[],"class_list":{"0":"post-480","1":"product","2":"type-product","3":"status-publish","4":"has-post-thumbnail","6":"product_brand-lovi","7":"product_cat-dude","8":"product_cat-silikonske-dude","10":"first","11":"instock","12":"taxable","13":"shipping-taxable","14":"purchasable","15":"product-type-variable"},"yoast_head":"<!-- This site is optimized with the Yoast SEO plugin v27.3 - https:\/\/yoast.com\/product\/yoast-seo-wordpress\/ -->\n<title>LOVI silikonska duda dinami\u010dna BLOSSOM, 2 kom, roza - Sretna beba<\/title>\n<meta name=\"robots\" content=\"index, follow, max-snippet:-1, max-image-preview:large, max-video-preview:-1\" \/>\n<link rel=\"canonical\" href=\"https:\/\/sretnabeba.hr\/index.php\/proizvod\/lovi-silikonska-duda-dinamicna-blossom-2-kom-roza\/\" \/>\n<meta property=\"og:locale\" content=\"hr_HR\" \/>\n<meta property=\"og:type\" content=\"article\" \/>\n<meta property=\"og:title\" content=\"LOVI silikonska duda dinami\u010dna BLOSSOM, 2 kom, roza - Sretna beba\" \/>\n<meta property=\"og:description\" content=\"Dinami\u010dna silikonska duda LOVI BLOSSOM ne remeti bebin refleks sisanja, vrlo je lagana i dijete se ne napre\u017ee prilikom sisanja. Prilago\u0111ena starijoj djeci.  Dinami\u010dna duda LOVI ne ometa bebin refleks sisanja, razvoj govora i zagriza, pod uvjetom da se slijede ostale ortodontske i neurologopedske preporuke. Duda je vrlo lagana, beba se ne napre\u017ee prilikom sisanja.  Oblik silikonskog vrha prilago\u0111en je prirodnom refleksu sisanja, silikonski dio je uzak na po\u010detku blizu oznake, a pro\u0161iren na kraju tako da se vrh raste\u017ee i skuplja prema ritmu sisanja bebe. To \u0161titi refleks sisanja bebe i sisanje dude ne utje\u010de negativno na dojenje. Simetri\u010dni oblik vrha temelji se na obliku maj\u010dine bradavice ispunjene mlijekom, \u0161to bebi pru\u017ea poznati osje\u0107aj sli\u010dan osje\u0107aju sisanja iz dojke. Vrh je spljo\u0161ten, a kraj dude je toliko tanak da omogu\u0107uje bebi da slobodno zatvori usta i pravilno radi desnima prilikom sisanja, a istovremeno osigurava dovoljno prostora u ustima za rad jezika, \u0161to smanjuje rizik od malokluzije i govornih mana*.  *Studija o kori\u0161tenju dude varalice provedena u klini\u010dkim uvjetima na skupini od 150 dojen\u010dadi u dobi od 0 do 18 mjeseci u specijaliziranim regionalnim pedijatrijskim i neurolo\u0161kim klinikama u Poljskoj, pod okriljem Nacionalnog zdravstvenog fonda, u Katowicama, Rzesz\u00f3wu i Bydgoszczu, u kojoj su sudjelovale primalje i roditelji, 2010. godine.  &nbsp;\" \/>\n<meta property=\"og:url\" content=\"https:\/\/sretnabeba.hr\/index.php\/proizvod\/lovi-silikonska-duda-dinamicna-blossom-2-kom-roza\/\" \/>\n<meta property=\"og:site_name\" content=\"Sretna beba\" \/>\n<meta property=\"article:modified_time\" content=\"2026-03-30T10:39:35+00:00\" \/>\n<meta property=\"og:image\" content=\"https:\/\/sretnabeba.hr\/webw3\/wp-content\/uploads\/2026\/01\/lovi-dudlik-silikonovy-dynamicky-blossom-18m-2ks-holka.jpg\" \/>\n\t<meta property=\"og:image:width\" content=\"1000\" \/>\n\t<meta property=\"og:image:height\" content=\"1000\" \/>\n\t<meta property=\"og:image:type\" content=\"image\/jpeg\" \/>\n<meta name=\"twitter:card\" content=\"summary_large_image\" \/>\n<meta name=\"twitter:label1\" content=\"Procijenjeno vrijeme \u010ditanja\" \/>\n\t<meta name=\"twitter:data1\" content=\"1 minuta\" \/>\n<script type=\"application\/ld+json\" class=\"yoast-schema-graph\">{\"@context\":\"https:\\\/\\\/schema.org\",\"@graph\":[{\"@type\":\"WebPage\",\"@id\":\"https:\\\/\\\/sretnabeba.hr\\\/index.php\\\/proizvod\\\/lovi-silikonska-duda-dinamicna-blossom-2-kom-roza\\\/\",\"url\":\"https:\\\/\\\/sretnabeba.hr\\\/index.php\\\/proizvod\\\/lovi-silikonska-duda-dinamicna-blossom-2-kom-roza\\\/\",\"name\":\"LOVI silikonska duda dinami\u010dna BLOSSOM, 2 kom, roza - Sretna beba\",\"isPartOf\":{\"@id\":\"https:\\\/\\\/sretnabeba.hr\\\/#website\"},\"primaryImageOfPage\":{\"@id\":\"https:\\\/\\\/sretnabeba.hr\\\/index.php\\\/proizvod\\\/lovi-silikonska-duda-dinamicna-blossom-2-kom-roza\\\/#primaryimage\"},\"image\":{\"@id\":\"https:\\\/\\\/sretnabeba.hr\\\/index.php\\\/proizvod\\\/lovi-silikonska-duda-dinamicna-blossom-2-kom-roza\\\/#primaryimage\"},\"thumbnailUrl\":\"https:\\\/\\\/sretnabeba.hr\\\/webw3\\\/wp-content\\\/uploads\\\/2026\\\/01\\\/lovi-dudlik-silikonovy-dynamicky-blossom-18m-2ks-holka.jpg\",\"datePublished\":\"2026-01-20T11:45:41+00:00\",\"dateModified\":\"2026-03-30T10:39:35+00:00\",\"breadcrumb\":{\"@id\":\"https:\\\/\\\/sretnabeba.hr\\\/index.php\\\/proizvod\\\/lovi-silikonska-duda-dinamicna-blossom-2-kom-roza\\\/#breadcrumb\"},\"inLanguage\":\"hr\",\"potentialAction\":[{\"@type\":\"ReadAction\",\"target\":[\"https:\\\/\\\/sretnabeba.hr\\\/index.php\\\/proizvod\\\/lovi-silikonska-duda-dinamicna-blossom-2-kom-roza\\\/\"]}]},{\"@type\":\"ImageObject\",\"inLanguage\":\"hr\",\"@id\":\"https:\\\/\\\/sretnabeba.hr\\\/index.php\\\/proizvod\\\/lovi-silikonska-duda-dinamicna-blossom-2-kom-roza\\\/#primaryimage\",\"url\":\"https:\\\/\\\/sretnabeba.hr\\\/webw3\\\/wp-content\\\/uploads\\\/2026\\\/01\\\/lovi-dudlik-silikonovy-dynamicky-blossom-18m-2ks-holka.jpg\",\"contentUrl\":\"https:\\\/\\\/sretnabeba.hr\\\/webw3\\\/wp-content\\\/uploads\\\/2026\\\/01\\\/lovi-dudlik-silikonovy-dynamicky-blossom-18m-2ks-holka.jpg\",\"width\":1000,\"height\":1000},{\"@type\":\"BreadcrumbList\",\"@id\":\"https:\\\/\\\/sretnabeba.hr\\\/index.php\\\/proizvod\\\/lovi-silikonska-duda-dinamicna-blossom-2-kom-roza\\\/#breadcrumb\",\"itemListElement\":[{\"@type\":\"ListItem\",\"position\":1,\"name\":\"Po\u010detna stranica\",\"item\":\"https:\\\/\\\/sretnabeba.hr\\\/\"},{\"@type\":\"ListItem\",\"position\":2,\"name\":\"Shop\",\"item\":\"https:\\\/\\\/sretnabeba.hr\\\/index.php\\\/shop\\\/\"},{\"@type\":\"ListItem\",\"position\":3,\"name\":\"LOVI silikonska duda dinami\u010dna BLOSSOM, 2 kom, roza\"}]},{\"@type\":\"WebSite\",\"@id\":\"https:\\\/\\\/sretnabeba.hr\\\/#website\",\"url\":\"https:\\\/\\\/sretnabeba.hr\\\/\",\"name\":\"Sretna beba - LOVI i CANPOL BABIES oprema za bebe\",\"description\":\"Zastupnik i distributer Lovi i Canpol babies opreme za Hrvatsku\",\"publisher\":{\"@id\":\"https:\\\/\\\/sretnabeba.hr\\\/#organization\"},\"alternateName\":\"Oprema za bebe\",\"potentialAction\":[{\"@type\":\"SearchAction\",\"target\":{\"@type\":\"EntryPoint\",\"urlTemplate\":\"https:\\\/\\\/sretnabeba.hr\\\/?s={search_term_string}\"},\"query-input\":{\"@type\":\"PropertyValueSpecification\",\"valueRequired\":true,\"valueName\":\"search_term_string\"}}],\"inLanguage\":\"hr\"},{\"@type\":\"Organization\",\"@id\":\"https:\\\/\\\/sretnabeba.hr\\\/#organization\",\"name\":\"Sretna beba\",\"alternateName\":\"Zastupnik i distributer Lovi i Canpol babies opreme za Hrvatsku\",\"url\":\"https:\\\/\\\/sretnabeba.hr\\\/\",\"logo\":{\"@type\":\"ImageObject\",\"inLanguage\":\"hr\",\"@id\":\"https:\\\/\\\/sretnabeba.hr\\\/#\\\/schema\\\/logo\\\/image\\\/\",\"url\":\"https:\\\/\\\/sretnabeba.hr\\\/webw3\\\/wp-content\\\/uploads\\\/2023\\\/06\\\/logo-sretnabeba.hr-01.png\",\"contentUrl\":\"https:\\\/\\\/sretnabeba.hr\\\/webw3\\\/wp-content\\\/uploads\\\/2023\\\/06\\\/logo-sretnabeba.hr-01.png\",\"width\":619,\"height\":625,\"caption\":\"Sretna beba\"},\"image\":{\"@id\":\"https:\\\/\\\/sretnabeba.hr\\\/#\\\/schema\\\/logo\\\/image\\\/\"}}]}<\/script>\n<!-- \/ Yoast SEO plugin. -->","yoast_head_json":{"title":"LOVI silikonska duda dinami\u010dna BLOSSOM, 2 kom, roza - Sretna beba","robots":{"index":"index","follow":"follow","max-snippet":"max-snippet:-1","max-image-preview":"max-image-preview:large","max-video-preview":"max-video-preview:-1"},"canonical":"https:\/\/sretnabeba.hr\/index.php\/proizvod\/lovi-silikonska-duda-dinamicna-blossom-2-kom-roza\/","og_locale":"hr_HR","og_type":"article","og_title":"LOVI silikonska duda dinami\u010dna BLOSSOM, 2 kom, roza - Sretna beba","og_description":"Dinami\u010dna silikonska duda LOVI BLOSSOM ne remeti bebin refleks sisanja, vrlo je lagana i dijete se ne napre\u017ee prilikom sisanja. Prilago\u0111ena starijoj djeci.  Dinami\u010dna duda LOVI ne ometa bebin refleks sisanja, razvoj govora i zagriza, pod uvjetom da se slijede ostale ortodontske i neurologopedske preporuke. Duda je vrlo lagana, beba se ne napre\u017ee prilikom sisanja.  Oblik silikonskog vrha prilago\u0111en je prirodnom refleksu sisanja, silikonski dio je uzak na po\u010detku blizu oznake, a pro\u0161iren na kraju tako da se vrh raste\u017ee i skuplja prema ritmu sisanja bebe. To \u0161titi refleks sisanja bebe i sisanje dude ne utje\u010de negativno na dojenje. Simetri\u010dni oblik vrha temelji se na obliku maj\u010dine bradavice ispunjene mlijekom, \u0161to bebi pru\u017ea poznati osje\u0107aj sli\u010dan osje\u0107aju sisanja iz dojke. Vrh je spljo\u0161ten, a kraj dude je toliko tanak da omogu\u0107uje bebi da slobodno zatvori usta i pravilno radi desnima prilikom sisanja, a istovremeno osigurava dovoljno prostora u ustima za rad jezika, \u0161to smanjuje rizik od malokluzije i govornih mana*.  *Studija o kori\u0161tenju dude varalice provedena u klini\u010dkim uvjetima na skupini od 150 dojen\u010dadi u dobi od 0 do 18 mjeseci u specijaliziranim regionalnim pedijatrijskim i neurolo\u0161kim klinikama u Poljskoj, pod okriljem Nacionalnog zdravstvenog fonda, u Katowicama, Rzesz\u00f3wu i Bydgoszczu, u kojoj su sudjelovale primalje i roditelji, 2010. godine.  &nbsp;","og_url":"https:\/\/sretnabeba.hr\/index.php\/proizvod\/lovi-silikonska-duda-dinamicna-blossom-2-kom-roza\/","og_site_name":"Sretna beba","article_modified_time":"2026-03-30T10:39:35+00:00","og_image":[{"width":1000,"height":1000,"url":"https:\/\/sretnabeba.hr\/webw3\/wp-content\/uploads\/2026\/01\/lovi-dudlik-silikonovy-dynamicky-blossom-18m-2ks-holka.jpg","type":"image\/jpeg"}],"twitter_card":"summary_large_image","twitter_misc":{"Procijenjeno vrijeme \u010ditanja":"1 minuta"},"schema":{"@context":"https:\/\/schema.org","@graph":[{"@type":"WebPage","@id":"https:\/\/sretnabeba.hr\/index.php\/proizvod\/lovi-silikonska-duda-dinamicna-blossom-2-kom-roza\/","url":"https:\/\/sretnabeba.hr\/index.php\/proizvod\/lovi-silikonska-duda-dinamicna-blossom-2-kom-roza\/","name":"LOVI silikonska duda dinami\u010dna BLOSSOM, 2 kom, roza - Sretna beba","isPartOf":{"@id":"https:\/\/sretnabeba.hr\/#website"},"primaryImageOfPage":{"@id":"https:\/\/sretnabeba.hr\/index.php\/proizvod\/lovi-silikonska-duda-dinamicna-blossom-2-kom-roza\/#primaryimage"},"image":{"@id":"https:\/\/sretnabeba.hr\/index.php\/proizvod\/lovi-silikonska-duda-dinamicna-blossom-2-kom-roza\/#primaryimage"},"thumbnailUrl":"https:\/\/sretnabeba.hr\/webw3\/wp-content\/uploads\/2026\/01\/lovi-dudlik-silikonovy-dynamicky-blossom-18m-2ks-holka.jpg","datePublished":"2026-01-20T11:45:41+00:00","dateModified":"2026-03-30T10:39:35+00:00","breadcrumb":{"@id":"https:\/\/sretnabeba.hr\/index.php\/proizvod\/lovi-silikonska-duda-dinamicna-blossom-2-kom-roza\/#breadcrumb"},"inLanguage":"hr","potentialAction":[{"@type":"ReadAction","target":["https:\/\/sretnabeba.hr\/index.php\/proizvod\/lovi-silikonska-duda-dinamicna-blossom-2-kom-roza\/"]}]},{"@type":"ImageObject","inLanguage":"hr","@id":"https:\/\/sretnabeba.hr\/index.php\/proizvod\/lovi-silikonska-duda-dinamicna-blossom-2-kom-roza\/#primaryimage","url":"https:\/\/sretnabeba.hr\/webw3\/wp-content\/uploads\/2026\/01\/lovi-dudlik-silikonovy-dynamicky-blossom-18m-2ks-holka.jpg","contentUrl":"https:\/\/sretnabeba.hr\/webw3\/wp-content\/uploads\/2026\/01\/lovi-dudlik-silikonovy-dynamicky-blossom-18m-2ks-holka.jpg","width":1000,"height":1000},{"@type":"BreadcrumbList","@id":"https:\/\/sretnabeba.hr\/index.php\/proizvod\/lovi-silikonska-duda-dinamicna-blossom-2-kom-roza\/#breadcrumb","itemListElement":[{"@type":"ListItem","position":1,"name":"Po\u010detna stranica","item":"https:\/\/sretnabeba.hr\/"},{"@type":"ListItem","position":2,"name":"Shop","item":"https:\/\/sretnabeba.hr\/index.php\/shop\/"},{"@type":"ListItem","position":3,"name":"LOVI silikonska duda dinami\u010dna BLOSSOM, 2 kom, roza"}]},{"@type":"WebSite","@id":"https:\/\/sretnabeba.hr\/#website","url":"https:\/\/sretnabeba.hr\/","name":"Sretna beba - LOVI i CANPOL BABIES oprema za bebe","description":"Zastupnik i distributer Lovi i Canpol babies opreme za Hrvatsku","publisher":{"@id":"https:\/\/sretnabeba.hr\/#organization"},"alternateName":"Oprema za bebe","potentialAction":[{"@type":"SearchAction","target":{"@type":"EntryPoint","urlTemplate":"https:\/\/sretnabeba.hr\/?s={search_term_string}"},"query-input":{"@type":"PropertyValueSpecification","valueRequired":true,"valueName":"search_term_string"}}],"inLanguage":"hr"},{"@type":"Organization","@id":"https:\/\/sretnabeba.hr\/#organization","name":"Sretna beba","alternateName":"Zastupnik i distributer Lovi i Canpol babies opreme za Hrvatsku","url":"https:\/\/sretnabeba.hr\/","logo":{"@type":"ImageObject","inLanguage":"hr","@id":"https:\/\/sretnabeba.hr\/#\/schema\/logo\/image\/","url":"https:\/\/sretnabeba.hr\/webw3\/wp-content\/uploads\/2023\/06\/logo-sretnabeba.hr-01.png","contentUrl":"https:\/\/sretnabeba.hr\/webw3\/wp-content\/uploads\/2023\/06\/logo-sretnabeba.hr-01.png","width":619,"height":625,"caption":"Sretna beba"},"image":{"@id":"https:\/\/sretnabeba.hr\/#\/schema\/logo\/image\/"}}]}},"_links":{"self":[{"href":"https:\/\/sretnabeba.hr\/index.php\/wp-json\/wp\/v2\/product\/480","targetHints":{"allow":["GET"]}}],"collection":[{"href":"https:\/\/sretnabeba.hr\/index.php\/wp-json\/wp\/v2\/product"}],"about":[{"href":"https:\/\/sretnabeba.hr\/index.php\/wp-json\/wp\/v2\/types\/product"}],"replies":[{"embeddable":true,"href":"https:\/\/sretnabeba.hr\/index.php\/wp-json\/wp\/v2\/comments?post=480"}],"wp:featuredmedia":[{"embeddable":true,"href":"https:\/\/sretnabeba.hr\/index.php\/wp-json\/wp\/v2\/media\/484"}],"wp:attachment":[{"href":"https:\/\/sretnabeba.hr\/index.php\/wp-json\/wp\/v2\/media?parent=480"}],"wp:term":[{"taxonomy":"product_brand","embeddable":true,"href":"https:\/\/sretnabeba.hr\/index.php\/wp-json\/wp\/v2\/product_brand?post=480"},{"taxonomy":"product_cat","embeddable":true,"href":"https:\/\/sretnabeba.hr\/index.php\/wp-json\/wp\/v2\/product_cat?post=480"},{"taxonomy":"product_tag","embeddable":true,"href":"https:\/\/sretnabeba.hr\/index.php\/wp-json\/wp\/v2\/product_tag?post=480"}],"curies":[{"name":"wp","href":"https:\/\/api.w.org\/{rel}","templated":true}]}}