{"id":579,"date":"2026-01-21T10:06:09","date_gmt":"2026-01-21T09:06:09","guid":{"rendered":"https:\/\/sretnabeba.hr\/?post_type=product&#038;p=579"},"modified":"2026-01-21T10:06:51","modified_gmt":"2026-01-21T09:06:51","slug":"canpol-babies-gumena-kaucuk-duda-nude-plava","status":"publish","type":"product","link":"https:\/\/sretnabeba.hr\/index.php\/proizvod\/canpol-babies-gumena-kaucuk-duda-nude-plava\/","title":{"rendered":"CANPOL BABIES gumena kau\u010duk duda NUDE plava"},"content":{"rendered":"","protected":false},"excerpt":{"rendered":"<p><span class=\"HwtZe\" lang=\"hr\"><span class=\"jCAhz ChMk0b\"><span class=\"ryNqvb\">Gumena duda iz kolekcije NUDE\u00a0<\/span><\/span><\/span><span class=\"HwtZe\" lang=\"hr\"><span class=\"jCAhz ChMk0b\"><span class=\"ryNqvb\"> izra\u0111ena je od prirodne gume koja je \u017eu\u0107kasta, blago mat.<\/span><\/span> <span class=\"jCAhz ChMk0b\"><span class=\"ryNqvb\">Vrh dude je oblikovan poput tre\u0161nje, posebni ventilacijski otvori u etiketi osiguravaju pravilan protok zraka i minimiziraju rizik od iritacije ko\u017ee.<\/span><\/span> <span class=\"jCAhz ChMk0b\"><span class=\"ryNqvb\">Udobna ru\u010dka olak\u0161ava davanje dude djetetu i pri\u010dvr\u0161\u0107ivanje na lan\u010di\u0107 ili vrpcu.<\/span><\/span><\/span><\/p>\n<p><span class=\"HwtZe\" lang=\"hr\"><span class=\"jCAhz ChMk0b\"><span class=\"ryNqvb\">Ne sadr\u017ei BPA.<\/span><\/span><\/span><\/p>\n","protected":false},"featured_media":582,"comment_status":"open","ping_status":"closed","template":"","meta":[],"product_brand":[133],"product_cat":[29,142],"product_tag":[],"class_list":{"0":"post-579","1":"product","2":"type-product","3":"status-publish","4":"has-post-thumbnail","6":"product_brand-canpol-babies","7":"product_cat-dude","8":"product_cat-kaucuk-dude","10":"first","11":"instock","12":"taxable","13":"shipping-taxable","14":"product-type-variable"},"yoast_head":"<!-- This site is optimized with the Yoast SEO plugin v27.3 - https:\/\/yoast.com\/product\/yoast-seo-wordpress\/ -->\n<title>CANPOL BABIES gumena kau\u010duk duda NUDE plava - Sretna beba<\/title>\n<meta name=\"robots\" content=\"index, follow, max-snippet:-1, max-image-preview:large, max-video-preview:-1\" \/>\n<link rel=\"canonical\" href=\"https:\/\/sretnabeba.hr\/index.php\/proizvod\/canpol-babies-gumena-kaucuk-duda-nude-plava\/\" \/>\n<meta property=\"og:locale\" content=\"hr_HR\" \/>\n<meta property=\"og:type\" content=\"article\" \/>\n<meta property=\"og:title\" content=\"CANPOL BABIES gumena kau\u010duk duda NUDE plava - Sretna beba\" \/>\n<meta property=\"og:description\" content=\"Gumena duda iz kolekcije NUDE\u00a0 izra\u0111ena je od prirodne gume koja je \u017eu\u0107kasta, blago mat. Vrh dude je oblikovan poput tre\u0161nje, posebni ventilacijski otvori u etiketi osiguravaju pravilan protok zraka i minimiziraju rizik od iritacije ko\u017ee. Udobna ru\u010dka olak\u0161ava davanje dude djetetu i pri\u010dvr\u0161\u0107ivanje na lan\u010di\u0107 ili vrpcu.  Ne sadr\u017ei BPA.\" \/>\n<meta property=\"og:url\" content=\"https:\/\/sretnabeba.hr\/index.php\/proizvod\/canpol-babies-gumena-kaucuk-duda-nude-plava\/\" \/>\n<meta property=\"og:site_name\" content=\"Sretna beba\" \/>\n<meta property=\"article:modified_time\" content=\"2026-01-21T09:06:51+00:00\" \/>\n<meta property=\"og:image\" content=\"https:\/\/sretnabeba.hr\/webw3\/wp-content\/uploads\/2026\/01\/canpol-babies-dudlik-kaucukovy-tresinka-nude-6-18m-1ks-modry.jpg\" \/>\n\t<meta property=\"og:image:width\" content=\"1000\" \/>\n\t<meta property=\"og:image:height\" content=\"1000\" \/>\n\t<meta property=\"og:image:type\" content=\"image\/jpeg\" \/>\n<meta name=\"twitter:card\" content=\"summary_large_image\" \/>\n<script type=\"application\/ld+json\" class=\"yoast-schema-graph\">{\"@context\":\"https:\\\/\\\/schema.org\",\"@graph\":[{\"@type\":\"WebPage\",\"@id\":\"https:\\\/\\\/sretnabeba.hr\\\/index.php\\\/proizvod\\\/canpol-babies-gumena-kaucuk-duda-nude-plava\\\/\",\"url\":\"https:\\\/\\\/sretnabeba.hr\\\/index.php\\\/proizvod\\\/canpol-babies-gumena-kaucuk-duda-nude-plava\\\/\",\"name\":\"CANPOL BABIES gumena kau\u010duk duda NUDE plava - Sretna beba\",\"isPartOf\":{\"@id\":\"https:\\\/\\\/sretnabeba.hr\\\/#website\"},\"primaryImageOfPage\":{\"@id\":\"https:\\\/\\\/sretnabeba.hr\\\/index.php\\\/proizvod\\\/canpol-babies-gumena-kaucuk-duda-nude-plava\\\/#primaryimage\"},\"image\":{\"@id\":\"https:\\\/\\\/sretnabeba.hr\\\/index.php\\\/proizvod\\\/canpol-babies-gumena-kaucuk-duda-nude-plava\\\/#primaryimage\"},\"thumbnailUrl\":\"https:\\\/\\\/sretnabeba.hr\\\/webw3\\\/wp-content\\\/uploads\\\/2026\\\/01\\\/canpol-babies-dudlik-kaucukovy-tresinka-nude-6-18m-1ks-modry.jpg\",\"datePublished\":\"2026-01-21T09:06:09+00:00\",\"dateModified\":\"2026-01-21T09:06:51+00:00\",\"breadcrumb\":{\"@id\":\"https:\\\/\\\/sretnabeba.hr\\\/index.php\\\/proizvod\\\/canpol-babies-gumena-kaucuk-duda-nude-plava\\\/#breadcrumb\"},\"inLanguage\":\"hr\",\"potentialAction\":[{\"@type\":\"ReadAction\",\"target\":[\"https:\\\/\\\/sretnabeba.hr\\\/index.php\\\/proizvod\\\/canpol-babies-gumena-kaucuk-duda-nude-plava\\\/\"]}]},{\"@type\":\"ImageObject\",\"inLanguage\":\"hr\",\"@id\":\"https:\\\/\\\/sretnabeba.hr\\\/index.php\\\/proizvod\\\/canpol-babies-gumena-kaucuk-duda-nude-plava\\\/#primaryimage\",\"url\":\"https:\\\/\\\/sretnabeba.hr\\\/webw3\\\/wp-content\\\/uploads\\\/2026\\\/01\\\/canpol-babies-dudlik-kaucukovy-tresinka-nude-6-18m-1ks-modry.jpg\",\"contentUrl\":\"https:\\\/\\\/sretnabeba.hr\\\/webw3\\\/wp-content\\\/uploads\\\/2026\\\/01\\\/canpol-babies-dudlik-kaucukovy-tresinka-nude-6-18m-1ks-modry.jpg\",\"width\":1000,\"height\":1000},{\"@type\":\"BreadcrumbList\",\"@id\":\"https:\\\/\\\/sretnabeba.hr\\\/index.php\\\/proizvod\\\/canpol-babies-gumena-kaucuk-duda-nude-plava\\\/#breadcrumb\",\"itemListElement\":[{\"@type\":\"ListItem\",\"position\":1,\"name\":\"Po\u010detna stranica\",\"item\":\"https:\\\/\\\/sretnabeba.hr\\\/\"},{\"@type\":\"ListItem\",\"position\":2,\"name\":\"Shop\",\"item\":\"https:\\\/\\\/sretnabeba.hr\\\/index.php\\\/shop\\\/\"},{\"@type\":\"ListItem\",\"position\":3,\"name\":\"CANPOL BABIES gumena kau\u010duk duda NUDE plava\"}]},{\"@type\":\"WebSite\",\"@id\":\"https:\\\/\\\/sretnabeba.hr\\\/#website\",\"url\":\"https:\\\/\\\/sretnabeba.hr\\\/\",\"name\":\"Sretna beba - LOVI i CANPOL BABIES oprema za bebe\",\"description\":\"Zastupnik i distributer Lovi i Canpol babies opreme za Hrvatsku\",\"publisher\":{\"@id\":\"https:\\\/\\\/sretnabeba.hr\\\/#organization\"},\"alternateName\":\"Oprema za bebe\",\"potentialAction\":[{\"@type\":\"SearchAction\",\"target\":{\"@type\":\"EntryPoint\",\"urlTemplate\":\"https:\\\/\\\/sretnabeba.hr\\\/?s={search_term_string}\"},\"query-input\":{\"@type\":\"PropertyValueSpecification\",\"valueRequired\":true,\"valueName\":\"search_term_string\"}}],\"inLanguage\":\"hr\"},{\"@type\":\"Organization\",\"@id\":\"https:\\\/\\\/sretnabeba.hr\\\/#organization\",\"name\":\"Sretna beba\",\"alternateName\":\"Zastupnik i distributer Lovi i Canpol babies opreme za Hrvatsku\",\"url\":\"https:\\\/\\\/sretnabeba.hr\\\/\",\"logo\":{\"@type\":\"ImageObject\",\"inLanguage\":\"hr\",\"@id\":\"https:\\\/\\\/sretnabeba.hr\\\/#\\\/schema\\\/logo\\\/image\\\/\",\"url\":\"https:\\\/\\\/sretnabeba.hr\\\/webw3\\\/wp-content\\\/uploads\\\/2023\\\/06\\\/logo-sretnabeba.hr-01.png\",\"contentUrl\":\"https:\\\/\\\/sretnabeba.hr\\\/webw3\\\/wp-content\\\/uploads\\\/2023\\\/06\\\/logo-sretnabeba.hr-01.png\",\"width\":619,\"height\":625,\"caption\":\"Sretna beba\"},\"image\":{\"@id\":\"https:\\\/\\\/sretnabeba.hr\\\/#\\\/schema\\\/logo\\\/image\\\/\"}}]}<\/script>\n<!-- \/ Yoast SEO plugin. -->","yoast_head_json":{"title":"CANPOL BABIES gumena kau\u010duk duda NUDE plava - Sretna beba","robots":{"index":"index","follow":"follow","max-snippet":"max-snippet:-1","max-image-preview":"max-image-preview:large","max-video-preview":"max-video-preview:-1"},"canonical":"https:\/\/sretnabeba.hr\/index.php\/proizvod\/canpol-babies-gumena-kaucuk-duda-nude-plava\/","og_locale":"hr_HR","og_type":"article","og_title":"CANPOL BABIES gumena kau\u010duk duda NUDE plava - Sretna beba","og_description":"Gumena duda iz kolekcije NUDE\u00a0 izra\u0111ena je od prirodne gume koja je \u017eu\u0107kasta, blago mat. Vrh dude je oblikovan poput tre\u0161nje, posebni ventilacijski otvori u etiketi osiguravaju pravilan protok zraka i minimiziraju rizik od iritacije ko\u017ee. Udobna ru\u010dka olak\u0161ava davanje dude djetetu i pri\u010dvr\u0161\u0107ivanje na lan\u010di\u0107 ili vrpcu.  Ne sadr\u017ei BPA.","og_url":"https:\/\/sretnabeba.hr\/index.php\/proizvod\/canpol-babies-gumena-kaucuk-duda-nude-plava\/","og_site_name":"Sretna beba","article_modified_time":"2026-01-21T09:06:51+00:00","og_image":[{"width":1000,"height":1000,"url":"https:\/\/sretnabeba.hr\/webw3\/wp-content\/uploads\/2026\/01\/canpol-babies-dudlik-kaucukovy-tresinka-nude-6-18m-1ks-modry.jpg","type":"image\/jpeg"}],"twitter_card":"summary_large_image","schema":{"@context":"https:\/\/schema.org","@graph":[{"@type":"WebPage","@id":"https:\/\/sretnabeba.hr\/index.php\/proizvod\/canpol-babies-gumena-kaucuk-duda-nude-plava\/","url":"https:\/\/sretnabeba.hr\/index.php\/proizvod\/canpol-babies-gumena-kaucuk-duda-nude-plava\/","name":"CANPOL BABIES gumena kau\u010duk duda NUDE plava - Sretna beba","isPartOf":{"@id":"https:\/\/sretnabeba.hr\/#website"},"primaryImageOfPage":{"@id":"https:\/\/sretnabeba.hr\/index.php\/proizvod\/canpol-babies-gumena-kaucuk-duda-nude-plava\/#primaryimage"},"image":{"@id":"https:\/\/sretnabeba.hr\/index.php\/proizvod\/canpol-babies-gumena-kaucuk-duda-nude-plava\/#primaryimage"},"thumbnailUrl":"https:\/\/sretnabeba.hr\/webw3\/wp-content\/uploads\/2026\/01\/canpol-babies-dudlik-kaucukovy-tresinka-nude-6-18m-1ks-modry.jpg","datePublished":"2026-01-21T09:06:09+00:00","dateModified":"2026-01-21T09:06:51+00:00","breadcrumb":{"@id":"https:\/\/sretnabeba.hr\/index.php\/proizvod\/canpol-babies-gumena-kaucuk-duda-nude-plava\/#breadcrumb"},"inLanguage":"hr","potentialAction":[{"@type":"ReadAction","target":["https:\/\/sretnabeba.hr\/index.php\/proizvod\/canpol-babies-gumena-kaucuk-duda-nude-plava\/"]}]},{"@type":"ImageObject","inLanguage":"hr","@id":"https:\/\/sretnabeba.hr\/index.php\/proizvod\/canpol-babies-gumena-kaucuk-duda-nude-plava\/#primaryimage","url":"https:\/\/sretnabeba.hr\/webw3\/wp-content\/uploads\/2026\/01\/canpol-babies-dudlik-kaucukovy-tresinka-nude-6-18m-1ks-modry.jpg","contentUrl":"https:\/\/sretnabeba.hr\/webw3\/wp-content\/uploads\/2026\/01\/canpol-babies-dudlik-kaucukovy-tresinka-nude-6-18m-1ks-modry.jpg","width":1000,"height":1000},{"@type":"BreadcrumbList","@id":"https:\/\/sretnabeba.hr\/index.php\/proizvod\/canpol-babies-gumena-kaucuk-duda-nude-plava\/#breadcrumb","itemListElement":[{"@type":"ListItem","position":1,"name":"Po\u010detna stranica","item":"https:\/\/sretnabeba.hr\/"},{"@type":"ListItem","position":2,"name":"Shop","item":"https:\/\/sretnabeba.hr\/index.php\/shop\/"},{"@type":"ListItem","position":3,"name":"CANPOL BABIES gumena kau\u010duk duda NUDE plava"}]},{"@type":"WebSite","@id":"https:\/\/sretnabeba.hr\/#website","url":"https:\/\/sretnabeba.hr\/","name":"Sretna beba - LOVI i CANPOL BABIES oprema za bebe","description":"Zastupnik i distributer Lovi i Canpol babies opreme za Hrvatsku","publisher":{"@id":"https:\/\/sretnabeba.hr\/#organization"},"alternateName":"Oprema za bebe","potentialAction":[{"@type":"SearchAction","target":{"@type":"EntryPoint","urlTemplate":"https:\/\/sretnabeba.hr\/?s={search_term_string}"},"query-input":{"@type":"PropertyValueSpecification","valueRequired":true,"valueName":"search_term_string"}}],"inLanguage":"hr"},{"@type":"Organization","@id":"https:\/\/sretnabeba.hr\/#organization","name":"Sretna beba","alternateName":"Zastupnik i distributer Lovi i Canpol babies opreme za Hrvatsku","url":"https:\/\/sretnabeba.hr\/","logo":{"@type":"ImageObject","inLanguage":"hr","@id":"https:\/\/sretnabeba.hr\/#\/schema\/logo\/image\/","url":"https:\/\/sretnabeba.hr\/webw3\/wp-content\/uploads\/2023\/06\/logo-sretnabeba.hr-01.png","contentUrl":"https:\/\/sretnabeba.hr\/webw3\/wp-content\/uploads\/2023\/06\/logo-sretnabeba.hr-01.png","width":619,"height":625,"caption":"Sretna beba"},"image":{"@id":"https:\/\/sretnabeba.hr\/#\/schema\/logo\/image\/"}}]}},"_links":{"self":[{"href":"https:\/\/sretnabeba.hr\/index.php\/wp-json\/wp\/v2\/product\/579","targetHints":{"allow":["GET"]}}],"collection":[{"href":"https:\/\/sretnabeba.hr\/index.php\/wp-json\/wp\/v2\/product"}],"about":[{"href":"https:\/\/sretnabeba.hr\/index.php\/wp-json\/wp\/v2\/types\/product"}],"replies":[{"embeddable":true,"href":"https:\/\/sretnabeba.hr\/index.php\/wp-json\/wp\/v2\/comments?post=579"}],"wp:featuredmedia":[{"embeddable":true,"href":"https:\/\/sretnabeba.hr\/index.php\/wp-json\/wp\/v2\/media\/582"}],"wp:attachment":[{"href":"https:\/\/sretnabeba.hr\/index.php\/wp-json\/wp\/v2\/media?parent=579"}],"wp:term":[{"taxonomy":"product_brand","embeddable":true,"href":"https:\/\/sretnabeba.hr\/index.php\/wp-json\/wp\/v2\/product_brand?post=579"},{"taxonomy":"product_cat","embeddable":true,"href":"https:\/\/sretnabeba.hr\/index.php\/wp-json\/wp\/v2\/product_cat?post=579"},{"taxonomy":"product_tag","embeddable":true,"href":"https:\/\/sretnabeba.hr\/index.php\/wp-json\/wp\/v2\/product_tag?post=579"}],"curies":[{"name":"wp","href":"https:\/\/api.w.org\/{rel}","templated":true}]}}