{"id":633,"date":"2026-01-21T11:10:46","date_gmt":"2026-01-21T10:10:46","guid":{"rendered":"https:\/\/sretnabeba.hr\/?post_type=product&#038;p=633"},"modified":"2026-03-30T14:37:36","modified_gmt":"2026-03-30T12:37:36","slug":"lovi-silikonska-kutijica-za-dudu-smeda","status":"publish","type":"product","link":"https:\/\/sretnabeba.hr\/index.php\/proizvod\/lovi-silikonska-kutijica-za-dudu-smeda\/","title":{"rendered":"LOVI silikonska kutijica za dudu, sme\u0111a"},"content":{"rendered":"","protected":false},"excerpt":{"rendered":"<p id=\"tw-target-text\" class=\"tw-data-text tw-text-large tw-ta\" dir=\"ltr\" tabindex=\"-1\" role=\"text\" data-placeholder=\"Prijevod\" data-ved=\"2ahUKEwiKutXRq5ySAxVt1gIHHdV5OscQ3ewLegQIDBAV\" aria-label=\"Prevedeni tekst: Moderna silikonska futrola \u0161titi dudu od gubitka ili prljav\u0161tine. Pogodna za 2 LOVI dude. Futrola se lako pri\u010dvr\u0161\u0107uje na kolica, torbicu.\"><span class=\"Y2IQFc\" lang=\"hr\">Moderna silikonska futrola \u0161titi dudu od gubitka ili prljav\u0161tine. Pogodna za 2 LOVI dude. Futrola se lako pri\u010dvr\u0161\u0107uje na kolica ili torbicu.<\/span><\/p>\n<p id=\"tw-target-text\" class=\"tw-data-text tw-text-large tw-ta\" dir=\"ltr\" tabindex=\"-1\" role=\"text\" data-placeholder=\"Prijevod\" data-ved=\"2ahUKEwiKutXRq5ySAxVt1gIHHdV5OscQ3ewLegQIDBAV\" aria-label=\"Prevedeni tekst: Silikonska kutijica za\u0161titit \u0107e omiljenu dudu va\u0161e bebe od gubitka ili prljanja ne samo kod ku\u0107e, ve\u0107 i na putovanju ili u \u0161etnji. U kutijicu se mogu staviti do dvije dude, tako da mo\u017eete nositi ne samo omiljenu dudu va\u0161e bebe, ve\u0107 i rezervnu dudu.\"><span class=\"Y2IQFc\" lang=\"hr\">Silikonska kutijica za\u0161titit \u0107e omiljenu dudu va\u0161e bebe od gubitka ili prljanja ne samo kod ku\u0107e, ve\u0107 i na putovanju ili u \u0161etnji. U kutijicu se mogu staviti do dvije dude, tako da mo\u017eete nositi ne samo omiljenu dudu va\u0161e bebe, ve\u0107 i rezervnu dudu.<\/span><\/p>\n<div id=\"tw-target-text-container\" class=\"tw-ta-container tw-nfl\" tabindex=\"0\" role=\"text\">\n<p id=\"tw-target-text\" class=\"tw-data-text tw-text-large tw-ta\" dir=\"ltr\" tabindex=\"-1\" role=\"text\" data-placeholder=\"Prijevod\" data-ved=\"2ahUKEwiKutXRq5ySAxVt1gIHHdV5OscQ3ewLegQIDBAV\" aria-label=\"Prevedeni tekst: Fleksibilna ru\u010dka kutijice mo\u017ee se lako pri\u010dvrstiti na torbu ili kolica, a posebno dizajniran bo\u010dni otvor omogu\u0107uje umetanje i va\u0111enje dude bez potrebe za odvajanjem cijele kutijice. Silikonska kutijica ima poseban antistati\u010dki tretman koji je otporniji na nakupljanje pra\u0161ine, \u0161to kutijicu \u010dini lakom za \u010di\u0161\u0107enje.\"><span class=\"Y2IQFc\" lang=\"hr\">Fleksibilna ru\u010dka kutijice mo\u017ee se lako pri\u010dvrstiti na torbu ili kolica, a posebno dizajniran bo\u010dni otvor omogu\u0107uje umetanje i va\u0111enje dude bez potrebe za odvajanjem cijele kutijice. Silikonska kutijica ima poseban antistati\u010dki premaz koji je otporan na nakupljanje pra\u0161ine, \u0161to kutijicu \u010dini lakom za \u010di\u0161\u0107enje.<\/span><\/p>\n<p id=\"tw-target-text\" class=\"tw-data-text tw-text-large tw-ta\" dir=\"ltr\" tabindex=\"-1\" role=\"text\" data-placeholder=\"Prijevod\" data-ved=\"2ahUKEwiKutXRq5ySAxVt1gIHHdV5OscQ3ewLegQIDBAV\" aria-label=\"Prevedeni tekst: Ako kutiju okrenete naopa\u010dke, mo\u017eete je prati u perilici posu\u0111a. Minimalisti\u010dki dizajn kutije stane u svaku torbicu. Vrlo je prakti\u010dan dodatak za vas i va\u0161e dijete.\"><span class=\"Y2IQFc\" lang=\"hr\">Minimalisti\u010dki dizajn kutije stane u svaku torbicu. Vrlo prakti\u010dan dodatak za vas i va\u0161e dijete.<\/span><\/p>\n<\/div>\n<div id=\"tw-target-rmn-container\" class=\"tw-target-rmn tw-ta-container tw-nfl\" tabindex=\"-1\" role=\"text\">\n<p id=\"tw-target-rmn\" class=\"tw-data-placeholder tw-text-small tw-ta\" dir=\"ltr\" tabindex=\"-1\" role=\"text\">\n<\/div>\n","protected":false},"featured_media":634,"comment_status":"open","ping_status":"closed","template":"","meta":[],"product_brand":[132],"product_cat":[29,153],"product_tag":[],"class_list":{"0":"post-633","1":"product","2":"type-product","3":"status-publish","4":"has-post-thumbnail","6":"product_brand-lovi","7":"product_cat-dude","8":"product_cat-kutijice-za-dude","10":"first","11":"instock","12":"taxable","13":"shipping-taxable","14":"purchasable","15":"product-type-simple"},"yoast_head":"<!-- This site is optimized with the Yoast SEO plugin v27.3 - https:\/\/yoast.com\/product\/yoast-seo-wordpress\/ -->\n<title>LOVI silikonska kutijica za dudu, sme\u0111a - Sretna beba<\/title>\n<meta name=\"robots\" content=\"index, follow, max-snippet:-1, max-image-preview:large, max-video-preview:-1\" \/>\n<link rel=\"canonical\" href=\"https:\/\/sretnabeba.hr\/index.php\/proizvod\/lovi-silikonska-kutijica-za-dudu-smeda\/\" \/>\n<meta property=\"og:locale\" content=\"hr_HR\" \/>\n<meta property=\"og:type\" content=\"article\" \/>\n<meta property=\"og:title\" content=\"LOVI silikonska kutijica za dudu, sme\u0111a - Sretna beba\" \/>\n<meta property=\"og:description\" content=\"Moderna silikonska futrola \u0161titi dudu od gubitka ili prljav\u0161tine. Pogodna za 2 LOVI dude. Futrola se lako pri\u010dvr\u0161\u0107uje na kolica ili torbicu. Silikonska kutijica za\u0161titit \u0107e omiljenu dudu va\u0161e bebe od gubitka ili prljanja ne samo kod ku\u0107e, ve\u0107 i na putovanju ili u \u0161etnji. U kutijicu se mogu staviti do dvije dude, tako da mo\u017eete nositi ne samo omiljenu dudu va\u0161e bebe, ve\u0107 i rezervnu dudu.   Fleksibilna ru\u010dka kutijice mo\u017ee se lako pri\u010dvrstiti na torbu ili kolica, a posebno dizajniran bo\u010dni otvor omogu\u0107uje umetanje i va\u0111enje dude bez potrebe za odvajanjem cijele kutijice. Silikonska kutijica ima poseban antistati\u010dki premaz koji je otporan na nakupljanje pra\u0161ine, \u0161to kutijicu \u010dini lakom za \u010di\u0161\u0107enje. Minimalisti\u010dki dizajn kutije stane u svaku torbicu. Vrlo prakti\u010dan dodatak za vas i va\u0161e dijete.\" \/>\n<meta property=\"og:url\" content=\"https:\/\/sretnabeba.hr\/index.php\/proizvod\/lovi-silikonska-kutijica-za-dudu-smeda\/\" \/>\n<meta property=\"og:site_name\" content=\"Sretna beba\" \/>\n<meta property=\"article:modified_time\" content=\"2026-03-30T12:37:36+00:00\" \/>\n<meta property=\"og:image\" content=\"https:\/\/sretnabeba.hr\/webw3\/wp-content\/uploads\/2026\/01\/lovi-silikonove-pouzdro-na-dudlik-granola.jpg\" \/>\n\t<meta property=\"og:image:width\" content=\"1000\" \/>\n\t<meta property=\"og:image:height\" content=\"1000\" \/>\n\t<meta property=\"og:image:type\" content=\"image\/jpeg\" \/>\n<meta name=\"twitter:card\" content=\"summary_large_image\" \/>\n<meta name=\"twitter:label1\" content=\"Procijenjeno vrijeme \u010ditanja\" \/>\n\t<meta name=\"twitter:data1\" content=\"1 minuta\" \/>\n<script type=\"application\/ld+json\" class=\"yoast-schema-graph\">{\"@context\":\"https:\\\/\\\/schema.org\",\"@graph\":[{\"@type\":\"WebPage\",\"@id\":\"https:\\\/\\\/sretnabeba.hr\\\/index.php\\\/proizvod\\\/lovi-silikonska-kutijica-za-dudu-smeda\\\/\",\"url\":\"https:\\\/\\\/sretnabeba.hr\\\/index.php\\\/proizvod\\\/lovi-silikonska-kutijica-za-dudu-smeda\\\/\",\"name\":\"LOVI silikonska kutijica za dudu, sme\u0111a - Sretna beba\",\"isPartOf\":{\"@id\":\"https:\\\/\\\/sretnabeba.hr\\\/#website\"},\"primaryImageOfPage\":{\"@id\":\"https:\\\/\\\/sretnabeba.hr\\\/index.php\\\/proizvod\\\/lovi-silikonska-kutijica-za-dudu-smeda\\\/#primaryimage\"},\"image\":{\"@id\":\"https:\\\/\\\/sretnabeba.hr\\\/index.php\\\/proizvod\\\/lovi-silikonska-kutijica-za-dudu-smeda\\\/#primaryimage\"},\"thumbnailUrl\":\"https:\\\/\\\/sretnabeba.hr\\\/webw3\\\/wp-content\\\/uploads\\\/2026\\\/01\\\/lovi-silikonove-pouzdro-na-dudlik-granola.jpg\",\"datePublished\":\"2026-01-21T10:10:46+00:00\",\"dateModified\":\"2026-03-30T12:37:36+00:00\",\"breadcrumb\":{\"@id\":\"https:\\\/\\\/sretnabeba.hr\\\/index.php\\\/proizvod\\\/lovi-silikonska-kutijica-za-dudu-smeda\\\/#breadcrumb\"},\"inLanguage\":\"hr\",\"potentialAction\":[{\"@type\":\"ReadAction\",\"target\":[\"https:\\\/\\\/sretnabeba.hr\\\/index.php\\\/proizvod\\\/lovi-silikonska-kutijica-za-dudu-smeda\\\/\"]}]},{\"@type\":\"ImageObject\",\"inLanguage\":\"hr\",\"@id\":\"https:\\\/\\\/sretnabeba.hr\\\/index.php\\\/proizvod\\\/lovi-silikonska-kutijica-za-dudu-smeda\\\/#primaryimage\",\"url\":\"https:\\\/\\\/sretnabeba.hr\\\/webw3\\\/wp-content\\\/uploads\\\/2026\\\/01\\\/lovi-silikonove-pouzdro-na-dudlik-granola.jpg\",\"contentUrl\":\"https:\\\/\\\/sretnabeba.hr\\\/webw3\\\/wp-content\\\/uploads\\\/2026\\\/01\\\/lovi-silikonove-pouzdro-na-dudlik-granola.jpg\",\"width\":1000,\"height\":1000},{\"@type\":\"BreadcrumbList\",\"@id\":\"https:\\\/\\\/sretnabeba.hr\\\/index.php\\\/proizvod\\\/lovi-silikonska-kutijica-za-dudu-smeda\\\/#breadcrumb\",\"itemListElement\":[{\"@type\":\"ListItem\",\"position\":1,\"name\":\"Po\u010detna stranica\",\"item\":\"https:\\\/\\\/sretnabeba.hr\\\/\"},{\"@type\":\"ListItem\",\"position\":2,\"name\":\"Shop\",\"item\":\"https:\\\/\\\/sretnabeba.hr\\\/index.php\\\/shop\\\/\"},{\"@type\":\"ListItem\",\"position\":3,\"name\":\"LOVI silikonska kutijica za dudu, sme\u0111a\"}]},{\"@type\":\"WebSite\",\"@id\":\"https:\\\/\\\/sretnabeba.hr\\\/#website\",\"url\":\"https:\\\/\\\/sretnabeba.hr\\\/\",\"name\":\"Sretna beba - LOVI i CANPOL BABIES oprema za bebe\",\"description\":\"Zastupnik i distributer Lovi i Canpol babies opreme za Hrvatsku\",\"publisher\":{\"@id\":\"https:\\\/\\\/sretnabeba.hr\\\/#organization\"},\"alternateName\":\"Oprema za bebe\",\"potentialAction\":[{\"@type\":\"SearchAction\",\"target\":{\"@type\":\"EntryPoint\",\"urlTemplate\":\"https:\\\/\\\/sretnabeba.hr\\\/?s={search_term_string}\"},\"query-input\":{\"@type\":\"PropertyValueSpecification\",\"valueRequired\":true,\"valueName\":\"search_term_string\"}}],\"inLanguage\":\"hr\"},{\"@type\":\"Organization\",\"@id\":\"https:\\\/\\\/sretnabeba.hr\\\/#organization\",\"name\":\"Sretna beba\",\"alternateName\":\"Zastupnik i distributer Lovi i Canpol babies opreme za Hrvatsku\",\"url\":\"https:\\\/\\\/sretnabeba.hr\\\/\",\"logo\":{\"@type\":\"ImageObject\",\"inLanguage\":\"hr\",\"@id\":\"https:\\\/\\\/sretnabeba.hr\\\/#\\\/schema\\\/logo\\\/image\\\/\",\"url\":\"https:\\\/\\\/sretnabeba.hr\\\/webw3\\\/wp-content\\\/uploads\\\/2023\\\/06\\\/logo-sretnabeba.hr-01.png\",\"contentUrl\":\"https:\\\/\\\/sretnabeba.hr\\\/webw3\\\/wp-content\\\/uploads\\\/2023\\\/06\\\/logo-sretnabeba.hr-01.png\",\"width\":619,\"height\":625,\"caption\":\"Sretna beba\"},\"image\":{\"@id\":\"https:\\\/\\\/sretnabeba.hr\\\/#\\\/schema\\\/logo\\\/image\\\/\"}}]}<\/script>\n<!-- \/ Yoast SEO plugin. -->","yoast_head_json":{"title":"LOVI silikonska kutijica za dudu, sme\u0111a - Sretna beba","robots":{"index":"index","follow":"follow","max-snippet":"max-snippet:-1","max-image-preview":"max-image-preview:large","max-video-preview":"max-video-preview:-1"},"canonical":"https:\/\/sretnabeba.hr\/index.php\/proizvod\/lovi-silikonska-kutijica-za-dudu-smeda\/","og_locale":"hr_HR","og_type":"article","og_title":"LOVI silikonska kutijica za dudu, sme\u0111a - Sretna beba","og_description":"Moderna silikonska futrola \u0161titi dudu od gubitka ili prljav\u0161tine. Pogodna za 2 LOVI dude. Futrola se lako pri\u010dvr\u0161\u0107uje na kolica ili torbicu. Silikonska kutijica za\u0161titit \u0107e omiljenu dudu va\u0161e bebe od gubitka ili prljanja ne samo kod ku\u0107e, ve\u0107 i na putovanju ili u \u0161etnji. U kutijicu se mogu staviti do dvije dude, tako da mo\u017eete nositi ne samo omiljenu dudu va\u0161e bebe, ve\u0107 i rezervnu dudu.   Fleksibilna ru\u010dka kutijice mo\u017ee se lako pri\u010dvrstiti na torbu ili kolica, a posebno dizajniran bo\u010dni otvor omogu\u0107uje umetanje i va\u0111enje dude bez potrebe za odvajanjem cijele kutijice. Silikonska kutijica ima poseban antistati\u010dki premaz koji je otporan na nakupljanje pra\u0161ine, \u0161to kutijicu \u010dini lakom za \u010di\u0161\u0107enje. Minimalisti\u010dki dizajn kutije stane u svaku torbicu. Vrlo prakti\u010dan dodatak za vas i va\u0161e dijete.","og_url":"https:\/\/sretnabeba.hr\/index.php\/proizvod\/lovi-silikonska-kutijica-za-dudu-smeda\/","og_site_name":"Sretna beba","article_modified_time":"2026-03-30T12:37:36+00:00","og_image":[{"width":1000,"height":1000,"url":"https:\/\/sretnabeba.hr\/webw3\/wp-content\/uploads\/2026\/01\/lovi-silikonove-pouzdro-na-dudlik-granola.jpg","type":"image\/jpeg"}],"twitter_card":"summary_large_image","twitter_misc":{"Procijenjeno vrijeme \u010ditanja":"1 minuta"},"schema":{"@context":"https:\/\/schema.org","@graph":[{"@type":"WebPage","@id":"https:\/\/sretnabeba.hr\/index.php\/proizvod\/lovi-silikonska-kutijica-za-dudu-smeda\/","url":"https:\/\/sretnabeba.hr\/index.php\/proizvod\/lovi-silikonska-kutijica-za-dudu-smeda\/","name":"LOVI silikonska kutijica za dudu, sme\u0111a - Sretna beba","isPartOf":{"@id":"https:\/\/sretnabeba.hr\/#website"},"primaryImageOfPage":{"@id":"https:\/\/sretnabeba.hr\/index.php\/proizvod\/lovi-silikonska-kutijica-za-dudu-smeda\/#primaryimage"},"image":{"@id":"https:\/\/sretnabeba.hr\/index.php\/proizvod\/lovi-silikonska-kutijica-za-dudu-smeda\/#primaryimage"},"thumbnailUrl":"https:\/\/sretnabeba.hr\/webw3\/wp-content\/uploads\/2026\/01\/lovi-silikonove-pouzdro-na-dudlik-granola.jpg","datePublished":"2026-01-21T10:10:46+00:00","dateModified":"2026-03-30T12:37:36+00:00","breadcrumb":{"@id":"https:\/\/sretnabeba.hr\/index.php\/proizvod\/lovi-silikonska-kutijica-za-dudu-smeda\/#breadcrumb"},"inLanguage":"hr","potentialAction":[{"@type":"ReadAction","target":["https:\/\/sretnabeba.hr\/index.php\/proizvod\/lovi-silikonska-kutijica-za-dudu-smeda\/"]}]},{"@type":"ImageObject","inLanguage":"hr","@id":"https:\/\/sretnabeba.hr\/index.php\/proizvod\/lovi-silikonska-kutijica-za-dudu-smeda\/#primaryimage","url":"https:\/\/sretnabeba.hr\/webw3\/wp-content\/uploads\/2026\/01\/lovi-silikonove-pouzdro-na-dudlik-granola.jpg","contentUrl":"https:\/\/sretnabeba.hr\/webw3\/wp-content\/uploads\/2026\/01\/lovi-silikonove-pouzdro-na-dudlik-granola.jpg","width":1000,"height":1000},{"@type":"BreadcrumbList","@id":"https:\/\/sretnabeba.hr\/index.php\/proizvod\/lovi-silikonska-kutijica-za-dudu-smeda\/#breadcrumb","itemListElement":[{"@type":"ListItem","position":1,"name":"Po\u010detna stranica","item":"https:\/\/sretnabeba.hr\/"},{"@type":"ListItem","position":2,"name":"Shop","item":"https:\/\/sretnabeba.hr\/index.php\/shop\/"},{"@type":"ListItem","position":3,"name":"LOVI silikonska kutijica za dudu, sme\u0111a"}]},{"@type":"WebSite","@id":"https:\/\/sretnabeba.hr\/#website","url":"https:\/\/sretnabeba.hr\/","name":"Sretna beba - LOVI i CANPOL BABIES oprema za bebe","description":"Zastupnik i distributer Lovi i Canpol babies opreme za Hrvatsku","publisher":{"@id":"https:\/\/sretnabeba.hr\/#organization"},"alternateName":"Oprema za bebe","potentialAction":[{"@type":"SearchAction","target":{"@type":"EntryPoint","urlTemplate":"https:\/\/sretnabeba.hr\/?s={search_term_string}"},"query-input":{"@type":"PropertyValueSpecification","valueRequired":true,"valueName":"search_term_string"}}],"inLanguage":"hr"},{"@type":"Organization","@id":"https:\/\/sretnabeba.hr\/#organization","name":"Sretna beba","alternateName":"Zastupnik i distributer Lovi i Canpol babies opreme za Hrvatsku","url":"https:\/\/sretnabeba.hr\/","logo":{"@type":"ImageObject","inLanguage":"hr","@id":"https:\/\/sretnabeba.hr\/#\/schema\/logo\/image\/","url":"https:\/\/sretnabeba.hr\/webw3\/wp-content\/uploads\/2023\/06\/logo-sretnabeba.hr-01.png","contentUrl":"https:\/\/sretnabeba.hr\/webw3\/wp-content\/uploads\/2023\/06\/logo-sretnabeba.hr-01.png","width":619,"height":625,"caption":"Sretna beba"},"image":{"@id":"https:\/\/sretnabeba.hr\/#\/schema\/logo\/image\/"}}]}},"_links":{"self":[{"href":"https:\/\/sretnabeba.hr\/index.php\/wp-json\/wp\/v2\/product\/633","targetHints":{"allow":["GET"]}}],"collection":[{"href":"https:\/\/sretnabeba.hr\/index.php\/wp-json\/wp\/v2\/product"}],"about":[{"href":"https:\/\/sretnabeba.hr\/index.php\/wp-json\/wp\/v2\/types\/product"}],"replies":[{"embeddable":true,"href":"https:\/\/sretnabeba.hr\/index.php\/wp-json\/wp\/v2\/comments?post=633"}],"wp:featuredmedia":[{"embeddable":true,"href":"https:\/\/sretnabeba.hr\/index.php\/wp-json\/wp\/v2\/media\/634"}],"wp:attachment":[{"href":"https:\/\/sretnabeba.hr\/index.php\/wp-json\/wp\/v2\/media?parent=633"}],"wp:term":[{"taxonomy":"product_brand","embeddable":true,"href":"https:\/\/sretnabeba.hr\/index.php\/wp-json\/wp\/v2\/product_brand?post=633"},{"taxonomy":"product_cat","embeddable":true,"href":"https:\/\/sretnabeba.hr\/index.php\/wp-json\/wp\/v2\/product_cat?post=633"},{"taxonomy":"product_tag","embeddable":true,"href":"https:\/\/sretnabeba.hr\/index.php\/wp-json\/wp\/v2\/product_tag?post=633"}],"curies":[{"name":"wp","href":"https:\/\/api.w.org\/{rel}","templated":true}]}}