{"id":648,"date":"2026-01-21T11:24:44","date_gmt":"2026-01-21T10:24:44","guid":{"rendered":"https:\/\/sretnabeba.hr\/?post_type=product&#038;p=648"},"modified":"2026-03-13T14:40:40","modified_gmt":"2026-03-13T13:40:40","slug":"canpol-babies-silikonska-kutijica-za-dudu-ruzicasta","status":"publish","type":"product","link":"https:\/\/sretnabeba.hr\/index.php\/proizvod\/canpol-babies-silikonska-kutijica-za-dudu-ruzicasta\/","title":{"rendered":"CANPOL BABIES silikonska kutijica za dudu, ru\u017ei\u010dasta"},"content":{"rendered":"","protected":false},"excerpt":{"rendered":"<p id=\"tw-target-text\" class=\"tw-data-text tw-text-large tw-ta\" dir=\"ltr\" tabindex=\"-1\" role=\"text\" data-placeholder=\"Prijevod\" data-ved=\"2ahUKEwiKutXRq5ySAxVt1gIHHdV5OscQ3ewLegQIDBAV\" aria-label=\"Prevedeni tekst: Moderna silikonska futrola \u0161titi dudu od gubitka ili prljav\u0161tine. Pogodna za 2 LOVI dude. Futrola se lako pri\u010dvr\u0161\u0107uje na kolica, torbicu.\"><span class=\"Y2IQFc\" lang=\"hr\">Moderna silikonska futrola \u0161titi dudu od gubitka ili prljav\u0161tine. Pogodna za 2 dude. Futrola se lako pri\u010dvr\u0161\u0107uje na kolica ili torbicu.<\/span><\/p>\n<p id=\"tw-target-text\" class=\"tw-data-text tw-text-large tw-ta\" dir=\"ltr\" tabindex=\"-1\" role=\"text\" data-placeholder=\"Prijevod\" data-ved=\"2ahUKEwiKutXRq5ySAxVt1gIHHdV5OscQ3ewLegQIDBAV\" aria-label=\"Prevedeni tekst: Silikonska kutijica za\u0161titit \u0107e omiljenu dudu va\u0161e bebe od gubitka ili prljanja ne samo kod ku\u0107e, ve\u0107 i na putovanju ili u \u0161etnji. U kutijicu se mogu staviti do dvije dude, tako da mo\u017eete nositi ne samo omiljenu dudu va\u0161e bebe, ve\u0107 i rezervnu dudu.\"><span class=\"Y2IQFc\" lang=\"hr\">Silikonska kutijica za\u0161titit \u0107e omiljenu dudu va\u0161e bebe od gubitka ili prljanja ne samo kod ku\u0107e, ve\u0107 i na putovanju ili u \u0161etnji. U kutijicu se mogu staviti do dvije dude, tako da mo\u017eete nositi ne samo omiljenu dudu va\u0161e bebe, ve\u0107 i rezervnu dudu.<\/span><\/p>\n<div id=\"tw-target-text-container\" class=\"tw-ta-container tw-nfl\" tabindex=\"0\" role=\"text\">\n<p id=\"tw-target-text\" class=\"tw-data-text tw-text-large tw-ta\" dir=\"ltr\" tabindex=\"-1\" role=\"text\" data-placeholder=\"Prijevod\" data-ved=\"2ahUKEwiKutXRq5ySAxVt1gIHHdV5OscQ3ewLegQIDBAV\" aria-label=\"Prevedeni tekst: Fleksibilna ru\u010dka kutijice mo\u017ee se lako pri\u010dvrstiti na torbu ili kolica, a posebno dizajniran bo\u010dni otvor omogu\u0107uje umetanje i va\u0111enje dude bez potrebe za odvajanjem cijele kutijice. Silikonska kutijica ima poseban antistati\u010dki tretman koji je otporniji na nakupljanje pra\u0161ine, \u0161to kutijicu \u010dini lakom za \u010di\u0161\u0107enje.\"><span class=\"Y2IQFc\" lang=\"hr\">Fleksibilna ru\u010dka kutijice mo\u017ee se lako pri\u010dvrstiti na torbu ili kolica, a posebno dizajniran bo\u010dni otvor omogu\u0107uje umetanje i va\u0111enje dude bez potrebe za odvajanjem cijele kutijice. Silikonska kutijica ima poseban antistati\u010dki premaz koji je otporan na nakupljanje pra\u0161ine, \u0161to kutijicu \u010dini lakom za \u010di\u0161\u0107enje.<\/span><\/p>\n<p id=\"tw-target-text\" class=\"tw-data-text tw-text-large tw-ta\" dir=\"ltr\" tabindex=\"-1\" role=\"text\" data-placeholder=\"Prijevod\" data-ved=\"2ahUKEwiRic6itJySAxVzzwIHHVaeF1QQ3ewLegQIDRAV\" aria-label=\"Prevedeni tekst: Silikonska futrola za dudu za\u0161titit \u0107e omiljenu dudu va\u0161e bebe tijekom \u0161etnje, putovanja i kod ku\u0107e. Prekrasna i prakti\u010dna silikonska futrola za dudu mo\u017ee dr\u017eati dvije dude standardne veli\u010dine, koje \u0107e uvijek biti \u010diste i spremne za upotrebu. Futrola ima kompaktan oblik i udobnu prakti\u010dnu ru\u010dku, pomo\u0107u koje se lako pri\u010dvr\u0161\u0107uje na kolica, kreveti\u0107 ili torbu tako da su dude uvijek pri ruci. Futrola za dudu Canpol babies izra\u0111ena je od fleksibilnog i mekog silikona, \u0161to je \u010dini udobnom za kori\u0161tenje i lakom za \u010di\u0161\u0107enje. Minimalisti\u010dki dizajn stane u torbicu svake majke.\"><span class=\"Y2IQFc\" lang=\"hr\">Canpol babies izra\u0111ena je od fleksibilnog i mekog silikona, \u0161to je \u010dini udobnom za kori\u0161tenje i lakom za \u010di\u0161\u0107enje. Minimalisti\u010dki dizajn stane u svaku torbicu.<\/span><\/p>\n<\/div>\n<div id=\"tw-target-rmn-container\" class=\"tw-target-rmn tw-ta-container tw-nfl\" tabindex=\"-1\" role=\"text\">\n<p id=\"tw-target-rmn\" class=\"tw-data-placeholder tw-text-small tw-ta\" dir=\"ltr\" tabindex=\"-1\" role=\"text\">\n<\/div>\n","protected":false},"featured_media":649,"comment_status":"open","ping_status":"closed","template":"","meta":[],"product_brand":[133],"product_cat":[29,153],"product_tag":[],"class_list":{"0":"post-648","1":"product","2":"type-product","3":"status-publish","4":"has-post-thumbnail","6":"product_brand-canpol-babies","7":"product_cat-dude","8":"product_cat-kutijice-za-dude","10":"first","11":"instock","12":"taxable","13":"shipping-taxable","14":"purchasable","15":"product-type-simple"},"yoast_head":"<!-- This site is optimized with the Yoast SEO plugin v27.3 - https:\/\/yoast.com\/product\/yoast-seo-wordpress\/ -->\n<title>CANPOL BABIES silikonska kutijica za dudu, ru\u017ei\u010dasta - Sretna beba<\/title>\n<meta name=\"robots\" content=\"index, follow, max-snippet:-1, max-image-preview:large, max-video-preview:-1\" \/>\n<link rel=\"canonical\" href=\"https:\/\/sretnabeba.hr\/index.php\/proizvod\/canpol-babies-silikonska-kutijica-za-dudu-ruzicasta\/\" \/>\n<meta property=\"og:locale\" content=\"hr_HR\" \/>\n<meta property=\"og:type\" content=\"article\" \/>\n<meta property=\"og:title\" content=\"CANPOL BABIES silikonska kutijica za dudu, ru\u017ei\u010dasta - Sretna beba\" \/>\n<meta property=\"og:description\" content=\"Moderna silikonska futrola \u0161titi dudu od gubitka ili prljav\u0161tine. Pogodna za 2 dude. Futrola se lako pri\u010dvr\u0161\u0107uje na kolica ili torbicu. Silikonska kutijica za\u0161titit \u0107e omiljenu dudu va\u0161e bebe od gubitka ili prljanja ne samo kod ku\u0107e, ve\u0107 i na putovanju ili u \u0161etnji. U kutijicu se mogu staviti do dvije dude, tako da mo\u017eete nositi ne samo omiljenu dudu va\u0161e bebe, ve\u0107 i rezervnu dudu.   Fleksibilna ru\u010dka kutijice mo\u017ee se lako pri\u010dvrstiti na torbu ili kolica, a posebno dizajniran bo\u010dni otvor omogu\u0107uje umetanje i va\u0111enje dude bez potrebe za odvajanjem cijele kutijice. Silikonska kutijica ima poseban antistati\u010dki premaz koji je otporan na nakupljanje pra\u0161ine, \u0161to kutijicu \u010dini lakom za \u010di\u0161\u0107enje. Canpol babies izra\u0111ena je od fleksibilnog i mekog silikona, \u0161to je \u010dini udobnom za kori\u0161tenje i lakom za \u010di\u0161\u0107enje. Minimalisti\u010dki dizajn stane u svaku torbicu.\" \/>\n<meta property=\"og:url\" content=\"https:\/\/sretnabeba.hr\/index.php\/proizvod\/canpol-babies-silikonska-kutijica-za-dudu-ruzicasta\/\" \/>\n<meta property=\"og:site_name\" content=\"Sretna beba\" \/>\n<meta property=\"article:modified_time\" content=\"2026-03-13T13:40:40+00:00\" \/>\n<meta property=\"og:image\" content=\"https:\/\/sretnabeba.hr\/webw3\/wp-content\/uploads\/2026\/01\/canpol-babies-silikonove-pouzdro-na-dudlik-ruzove.jpg\" \/>\n\t<meta property=\"og:image:width\" content=\"1000\" \/>\n\t<meta property=\"og:image:height\" content=\"1000\" \/>\n\t<meta property=\"og:image:type\" content=\"image\/jpeg\" \/>\n<meta name=\"twitter:card\" content=\"summary_large_image\" \/>\n<meta name=\"twitter:label1\" content=\"Procijenjeno vrijeme \u010ditanja\" \/>\n\t<meta name=\"twitter:data1\" content=\"1 minuta\" \/>\n<script type=\"application\/ld+json\" class=\"yoast-schema-graph\">{\"@context\":\"https:\\\/\\\/schema.org\",\"@graph\":[{\"@type\":\"WebPage\",\"@id\":\"https:\\\/\\\/sretnabeba.hr\\\/index.php\\\/proizvod\\\/canpol-babies-silikonska-kutijica-za-dudu-ruzicasta\\\/\",\"url\":\"https:\\\/\\\/sretnabeba.hr\\\/index.php\\\/proizvod\\\/canpol-babies-silikonska-kutijica-za-dudu-ruzicasta\\\/\",\"name\":\"CANPOL BABIES silikonska kutijica za dudu, ru\u017ei\u010dasta - Sretna beba\",\"isPartOf\":{\"@id\":\"https:\\\/\\\/sretnabeba.hr\\\/#website\"},\"primaryImageOfPage\":{\"@id\":\"https:\\\/\\\/sretnabeba.hr\\\/index.php\\\/proizvod\\\/canpol-babies-silikonska-kutijica-za-dudu-ruzicasta\\\/#primaryimage\"},\"image\":{\"@id\":\"https:\\\/\\\/sretnabeba.hr\\\/index.php\\\/proizvod\\\/canpol-babies-silikonska-kutijica-za-dudu-ruzicasta\\\/#primaryimage\"},\"thumbnailUrl\":\"https:\\\/\\\/sretnabeba.hr\\\/webw3\\\/wp-content\\\/uploads\\\/2026\\\/01\\\/canpol-babies-silikonove-pouzdro-na-dudlik-ruzove.jpg\",\"datePublished\":\"2026-01-21T10:24:44+00:00\",\"dateModified\":\"2026-03-13T13:40:40+00:00\",\"breadcrumb\":{\"@id\":\"https:\\\/\\\/sretnabeba.hr\\\/index.php\\\/proizvod\\\/canpol-babies-silikonska-kutijica-za-dudu-ruzicasta\\\/#breadcrumb\"},\"inLanguage\":\"hr\",\"potentialAction\":[{\"@type\":\"ReadAction\",\"target\":[\"https:\\\/\\\/sretnabeba.hr\\\/index.php\\\/proizvod\\\/canpol-babies-silikonska-kutijica-za-dudu-ruzicasta\\\/\"]}]},{\"@type\":\"ImageObject\",\"inLanguage\":\"hr\",\"@id\":\"https:\\\/\\\/sretnabeba.hr\\\/index.php\\\/proizvod\\\/canpol-babies-silikonska-kutijica-za-dudu-ruzicasta\\\/#primaryimage\",\"url\":\"https:\\\/\\\/sretnabeba.hr\\\/webw3\\\/wp-content\\\/uploads\\\/2026\\\/01\\\/canpol-babies-silikonove-pouzdro-na-dudlik-ruzove.jpg\",\"contentUrl\":\"https:\\\/\\\/sretnabeba.hr\\\/webw3\\\/wp-content\\\/uploads\\\/2026\\\/01\\\/canpol-babies-silikonove-pouzdro-na-dudlik-ruzove.jpg\",\"width\":1000,\"height\":1000},{\"@type\":\"BreadcrumbList\",\"@id\":\"https:\\\/\\\/sretnabeba.hr\\\/index.php\\\/proizvod\\\/canpol-babies-silikonska-kutijica-za-dudu-ruzicasta\\\/#breadcrumb\",\"itemListElement\":[{\"@type\":\"ListItem\",\"position\":1,\"name\":\"Po\u010detna stranica\",\"item\":\"https:\\\/\\\/sretnabeba.hr\\\/\"},{\"@type\":\"ListItem\",\"position\":2,\"name\":\"Shop\",\"item\":\"https:\\\/\\\/sretnabeba.hr\\\/index.php\\\/shop\\\/\"},{\"@type\":\"ListItem\",\"position\":3,\"name\":\"CANPOL BABIES silikonska kutijica za dudu, ru\u017ei\u010dasta\"}]},{\"@type\":\"WebSite\",\"@id\":\"https:\\\/\\\/sretnabeba.hr\\\/#website\",\"url\":\"https:\\\/\\\/sretnabeba.hr\\\/\",\"name\":\"Sretna beba - LOVI i CANPOL BABIES oprema za bebe\",\"description\":\"Zastupnik i distributer Lovi i Canpol babies opreme za Hrvatsku\",\"publisher\":{\"@id\":\"https:\\\/\\\/sretnabeba.hr\\\/#organization\"},\"alternateName\":\"Oprema za bebe\",\"potentialAction\":[{\"@type\":\"SearchAction\",\"target\":{\"@type\":\"EntryPoint\",\"urlTemplate\":\"https:\\\/\\\/sretnabeba.hr\\\/?s={search_term_string}\"},\"query-input\":{\"@type\":\"PropertyValueSpecification\",\"valueRequired\":true,\"valueName\":\"search_term_string\"}}],\"inLanguage\":\"hr\"},{\"@type\":\"Organization\",\"@id\":\"https:\\\/\\\/sretnabeba.hr\\\/#organization\",\"name\":\"Sretna beba\",\"alternateName\":\"Zastupnik i distributer Lovi i Canpol babies opreme za Hrvatsku\",\"url\":\"https:\\\/\\\/sretnabeba.hr\\\/\",\"logo\":{\"@type\":\"ImageObject\",\"inLanguage\":\"hr\",\"@id\":\"https:\\\/\\\/sretnabeba.hr\\\/#\\\/schema\\\/logo\\\/image\\\/\",\"url\":\"https:\\\/\\\/sretnabeba.hr\\\/webw3\\\/wp-content\\\/uploads\\\/2023\\\/06\\\/logo-sretnabeba.hr-01.png\",\"contentUrl\":\"https:\\\/\\\/sretnabeba.hr\\\/webw3\\\/wp-content\\\/uploads\\\/2023\\\/06\\\/logo-sretnabeba.hr-01.png\",\"width\":619,\"height\":625,\"caption\":\"Sretna beba\"},\"image\":{\"@id\":\"https:\\\/\\\/sretnabeba.hr\\\/#\\\/schema\\\/logo\\\/image\\\/\"}}]}<\/script>\n<!-- \/ Yoast SEO plugin. -->","yoast_head_json":{"title":"CANPOL BABIES silikonska kutijica za dudu, ru\u017ei\u010dasta - Sretna beba","robots":{"index":"index","follow":"follow","max-snippet":"max-snippet:-1","max-image-preview":"max-image-preview:large","max-video-preview":"max-video-preview:-1"},"canonical":"https:\/\/sretnabeba.hr\/index.php\/proizvod\/canpol-babies-silikonska-kutijica-za-dudu-ruzicasta\/","og_locale":"hr_HR","og_type":"article","og_title":"CANPOL BABIES silikonska kutijica za dudu, ru\u017ei\u010dasta - Sretna beba","og_description":"Moderna silikonska futrola \u0161titi dudu od gubitka ili prljav\u0161tine. Pogodna za 2 dude. Futrola se lako pri\u010dvr\u0161\u0107uje na kolica ili torbicu. Silikonska kutijica za\u0161titit \u0107e omiljenu dudu va\u0161e bebe od gubitka ili prljanja ne samo kod ku\u0107e, ve\u0107 i na putovanju ili u \u0161etnji. U kutijicu se mogu staviti do dvije dude, tako da mo\u017eete nositi ne samo omiljenu dudu va\u0161e bebe, ve\u0107 i rezervnu dudu.   Fleksibilna ru\u010dka kutijice mo\u017ee se lako pri\u010dvrstiti na torbu ili kolica, a posebno dizajniran bo\u010dni otvor omogu\u0107uje umetanje i va\u0111enje dude bez potrebe za odvajanjem cijele kutijice. Silikonska kutijica ima poseban antistati\u010dki premaz koji je otporan na nakupljanje pra\u0161ine, \u0161to kutijicu \u010dini lakom za \u010di\u0161\u0107enje. Canpol babies izra\u0111ena je od fleksibilnog i mekog silikona, \u0161to je \u010dini udobnom za kori\u0161tenje i lakom za \u010di\u0161\u0107enje. Minimalisti\u010dki dizajn stane u svaku torbicu.","og_url":"https:\/\/sretnabeba.hr\/index.php\/proizvod\/canpol-babies-silikonska-kutijica-za-dudu-ruzicasta\/","og_site_name":"Sretna beba","article_modified_time":"2026-03-13T13:40:40+00:00","og_image":[{"width":1000,"height":1000,"url":"https:\/\/sretnabeba.hr\/webw3\/wp-content\/uploads\/2026\/01\/canpol-babies-silikonove-pouzdro-na-dudlik-ruzove.jpg","type":"image\/jpeg"}],"twitter_card":"summary_large_image","twitter_misc":{"Procijenjeno vrijeme \u010ditanja":"1 minuta"},"schema":{"@context":"https:\/\/schema.org","@graph":[{"@type":"WebPage","@id":"https:\/\/sretnabeba.hr\/index.php\/proizvod\/canpol-babies-silikonska-kutijica-za-dudu-ruzicasta\/","url":"https:\/\/sretnabeba.hr\/index.php\/proizvod\/canpol-babies-silikonska-kutijica-za-dudu-ruzicasta\/","name":"CANPOL BABIES silikonska kutijica za dudu, ru\u017ei\u010dasta - Sretna beba","isPartOf":{"@id":"https:\/\/sretnabeba.hr\/#website"},"primaryImageOfPage":{"@id":"https:\/\/sretnabeba.hr\/index.php\/proizvod\/canpol-babies-silikonska-kutijica-za-dudu-ruzicasta\/#primaryimage"},"image":{"@id":"https:\/\/sretnabeba.hr\/index.php\/proizvod\/canpol-babies-silikonska-kutijica-za-dudu-ruzicasta\/#primaryimage"},"thumbnailUrl":"https:\/\/sretnabeba.hr\/webw3\/wp-content\/uploads\/2026\/01\/canpol-babies-silikonove-pouzdro-na-dudlik-ruzove.jpg","datePublished":"2026-01-21T10:24:44+00:00","dateModified":"2026-03-13T13:40:40+00:00","breadcrumb":{"@id":"https:\/\/sretnabeba.hr\/index.php\/proizvod\/canpol-babies-silikonska-kutijica-za-dudu-ruzicasta\/#breadcrumb"},"inLanguage":"hr","potentialAction":[{"@type":"ReadAction","target":["https:\/\/sretnabeba.hr\/index.php\/proizvod\/canpol-babies-silikonska-kutijica-za-dudu-ruzicasta\/"]}]},{"@type":"ImageObject","inLanguage":"hr","@id":"https:\/\/sretnabeba.hr\/index.php\/proizvod\/canpol-babies-silikonska-kutijica-za-dudu-ruzicasta\/#primaryimage","url":"https:\/\/sretnabeba.hr\/webw3\/wp-content\/uploads\/2026\/01\/canpol-babies-silikonove-pouzdro-na-dudlik-ruzove.jpg","contentUrl":"https:\/\/sretnabeba.hr\/webw3\/wp-content\/uploads\/2026\/01\/canpol-babies-silikonove-pouzdro-na-dudlik-ruzove.jpg","width":1000,"height":1000},{"@type":"BreadcrumbList","@id":"https:\/\/sretnabeba.hr\/index.php\/proizvod\/canpol-babies-silikonska-kutijica-za-dudu-ruzicasta\/#breadcrumb","itemListElement":[{"@type":"ListItem","position":1,"name":"Po\u010detna stranica","item":"https:\/\/sretnabeba.hr\/"},{"@type":"ListItem","position":2,"name":"Shop","item":"https:\/\/sretnabeba.hr\/index.php\/shop\/"},{"@type":"ListItem","position":3,"name":"CANPOL BABIES silikonska kutijica za dudu, ru\u017ei\u010dasta"}]},{"@type":"WebSite","@id":"https:\/\/sretnabeba.hr\/#website","url":"https:\/\/sretnabeba.hr\/","name":"Sretna beba - LOVI i CANPOL BABIES oprema za bebe","description":"Zastupnik i distributer Lovi i Canpol babies opreme za Hrvatsku","publisher":{"@id":"https:\/\/sretnabeba.hr\/#organization"},"alternateName":"Oprema za bebe","potentialAction":[{"@type":"SearchAction","target":{"@type":"EntryPoint","urlTemplate":"https:\/\/sretnabeba.hr\/?s={search_term_string}"},"query-input":{"@type":"PropertyValueSpecification","valueRequired":true,"valueName":"search_term_string"}}],"inLanguage":"hr"},{"@type":"Organization","@id":"https:\/\/sretnabeba.hr\/#organization","name":"Sretna beba","alternateName":"Zastupnik i distributer Lovi i Canpol babies opreme za Hrvatsku","url":"https:\/\/sretnabeba.hr\/","logo":{"@type":"ImageObject","inLanguage":"hr","@id":"https:\/\/sretnabeba.hr\/#\/schema\/logo\/image\/","url":"https:\/\/sretnabeba.hr\/webw3\/wp-content\/uploads\/2023\/06\/logo-sretnabeba.hr-01.png","contentUrl":"https:\/\/sretnabeba.hr\/webw3\/wp-content\/uploads\/2023\/06\/logo-sretnabeba.hr-01.png","width":619,"height":625,"caption":"Sretna beba"},"image":{"@id":"https:\/\/sretnabeba.hr\/#\/schema\/logo\/image\/"}}]}},"_links":{"self":[{"href":"https:\/\/sretnabeba.hr\/index.php\/wp-json\/wp\/v2\/product\/648","targetHints":{"allow":["GET"]}}],"collection":[{"href":"https:\/\/sretnabeba.hr\/index.php\/wp-json\/wp\/v2\/product"}],"about":[{"href":"https:\/\/sretnabeba.hr\/index.php\/wp-json\/wp\/v2\/types\/product"}],"replies":[{"embeddable":true,"href":"https:\/\/sretnabeba.hr\/index.php\/wp-json\/wp\/v2\/comments?post=648"}],"wp:featuredmedia":[{"embeddable":true,"href":"https:\/\/sretnabeba.hr\/index.php\/wp-json\/wp\/v2\/media\/649"}],"wp:attachment":[{"href":"https:\/\/sretnabeba.hr\/index.php\/wp-json\/wp\/v2\/media?parent=648"}],"wp:term":[{"taxonomy":"product_brand","embeddable":true,"href":"https:\/\/sretnabeba.hr\/index.php\/wp-json\/wp\/v2\/product_brand?post=648"},{"taxonomy":"product_cat","embeddable":true,"href":"https:\/\/sretnabeba.hr\/index.php\/wp-json\/wp\/v2\/product_cat?post=648"},{"taxonomy":"product_tag","embeddable":true,"href":"https:\/\/sretnabeba.hr\/index.php\/wp-json\/wp\/v2\/product_tag?post=648"}],"curies":[{"name":"wp","href":"https:\/\/api.w.org\/{rel}","templated":true}]}}