{"id":702,"date":"2026-01-21T13:13:31","date_gmt":"2026-01-21T12:13:31","guid":{"rendered":"https:\/\/sretnabeba.hr\/?post_type=product&#038;p=702"},"modified":"2026-03-13T14:38:22","modified_gmt":"2026-03-13T13:38:22","slug":"canpol-babies-lancic-za-dudu-i-love-mummy-siva","status":"publish","type":"product","link":"https:\/\/sretnabeba.hr\/index.php\/proizvod\/canpol-babies-lancic-za-dudu-i-love-mummy-siva\/","title":{"rendered":"CANPOL BABIES lan\u010di\u0107 za dudu I LOVE MUMMY siva"},"content":{"rendered":"","protected":false},"excerpt":{"rendered":"<p class=\"tw-data-text tw-text-large tw-ta\" dir=\"ltr\" tabindex=\"-1\" role=\"text\" data-placeholder=\"Prijevod\" data-ved=\"2ahUKEwjHtpmby5ySAxUnzQIHHbSfBdkQ3ewLegQIDBAV\" aria-label=\"Prevedeni tekst: Lan\u010di\u0107 za dudu Canpol babies iz kolekcije NEWBORN BABY savr\u0161eno \u0107e za\u0161tititi omiljenu dudu va\u0161e bebe od pada, prljanja ili gubitka. Sna\u017ena kop\u010da omogu\u0107uje pri\u010dvr\u0161\u0107ivanje lan\u010di\u0107a za dudu na dje\u010dju odje\u0107u, a zahvaljuju\u0107i jednostavnom dizajnu, lako se pri\u010dvr\u0161\u0107uje jednom rukom. Proizvod je siguran i izdr\u017eljiv, a zaobljeni rubovi eliminiraju rizik od ogrebotina ili posjekotina. Lan\u010di\u0107 za dudu Canpol babies tako\u0111er je nje\u017ean prema odje\u0107i - dobro se dr\u017ei, ne ostavlja tragove i ne o\u0161te\u0107uje materijal.\"><span class=\"Y2IQFc\" lang=\"hr\">Lan\u010di\u0107 za dudu Canpol babies iz kolekcije\u00a0<\/span>I LOVE MUMMY <span class=\"Y2IQFc\" lang=\"hr\">savr\u0161eno \u0107e za\u0161tititi omiljenu dudu va\u0161e bebe od pada, prljanja ili gubitka. Sna\u017ena kop\u010da omogu\u0107uje pri\u010dvr\u0161\u0107ivanje lan\u010di\u0107a za dudu na dje\u010dju odje\u0107u, a zahvaljuju\u0107i jednostavnom dizajnu, lako se pri\u010dvr\u0161\u0107uje jednom rukom.<\/span><\/p>\n<p class=\"tw-data-text tw-text-large tw-ta\" dir=\"ltr\" tabindex=\"-1\" role=\"text\" data-placeholder=\"Prijevod\" data-ved=\"2ahUKEwjHtpmby5ySAxUnzQIHHbSfBdkQ3ewLegQIDBAV\" aria-label=\"Prevedeni tekst: Lan\u010di\u0107 za dudu Canpol babies iz kolekcije NEWBORN BABY savr\u0161eno \u0107e za\u0161tititi omiljenu dudu va\u0161e bebe od pada, prljanja ili gubitka. Sna\u017ena kop\u010da omogu\u0107uje pri\u010dvr\u0161\u0107ivanje lan\u010di\u0107a za dudu na dje\u010dju odje\u0107u, a zahvaljuju\u0107i jednostavnom dizajnu, lako se pri\u010dvr\u0161\u0107uje jednom rukom. Proizvod je siguran i izdr\u017eljiv, a zaobljeni rubovi eliminiraju rizik od ogrebotina ili posjekotina. Lan\u010di\u0107 za dudu Canpol babies tako\u0111er je nje\u017ean prema odje\u0107i - dobro se dr\u017ei, ne ostavlja tragove i ne o\u0161te\u0107uje materijal.\"><span class=\"Y2IQFc\" lang=\"hr\">Proizvod je siguran i izdr\u017eljiv, a zaobljeni rubovi eliminiraju rizik od ogrebotina ili posjekotina. <\/span><\/p>\n<p class=\"tw-data-text tw-text-large tw-ta\" dir=\"ltr\" tabindex=\"-1\" role=\"text\" data-placeholder=\"Prijevod\" data-ved=\"2ahUKEwjHtpmby5ySAxUnzQIHHbSfBdkQ3ewLegQIDBAV\" aria-label=\"Prevedeni tekst: Lan\u010di\u0107 za dudu Canpol babies iz kolekcije NEWBORN BABY savr\u0161eno \u0107e za\u0161tititi omiljenu dudu va\u0161e bebe od pada, prljanja ili gubitka. Sna\u017ena kop\u010da omogu\u0107uje pri\u010dvr\u0161\u0107ivanje lan\u010di\u0107a za dudu na dje\u010dju odje\u0107u, a zahvaljuju\u0107i jednostavnom dizajnu, lako se pri\u010dvr\u0161\u0107uje jednom rukom. Proizvod je siguran i izdr\u017eljiv, a zaobljeni rubovi eliminiraju rizik od ogrebotina ili posjekotina. Lan\u010di\u0107 za dudu Canpol babies tako\u0111er je nje\u017ean prema odje\u0107i - dobro se dr\u017ei, ne ostavlja tragove i ne o\u0161te\u0107uje materijal.\"><span class=\"Y2IQFc\" lang=\"hr\">Lan\u010di\u0107 za dudu Canpol babies tako\u0111er je nje\u017ean prema odje\u0107i &#8211; \u010dvrsto dr\u017ei, a ne ostavlja tragove i ne o\u0161te\u0107uje materijal.<\/span><\/p>\n","protected":false},"featured_media":703,"comment_status":"open","ping_status":"closed","template":"","meta":[],"product_brand":[133],"product_cat":[29,157],"product_tag":[],"class_list":{"0":"post-702","1":"product","2":"type-product","3":"status-publish","4":"has-post-thumbnail","6":"product_brand-canpol-babies","7":"product_cat-dude","8":"product_cat-lancici-za-dude","10":"first","11":"instock","12":"taxable","13":"shipping-taxable","14":"purchasable","15":"product-type-simple"},"yoast_head":"<!-- This site is optimized with the Yoast SEO plugin v27.3 - https:\/\/yoast.com\/product\/yoast-seo-wordpress\/ -->\n<title>CANPOL BABIES lan\u010di\u0107 za dudu I LOVE MUMMY siva - Sretna beba<\/title>\n<meta name=\"robots\" content=\"index, follow, max-snippet:-1, max-image-preview:large, max-video-preview:-1\" \/>\n<link rel=\"canonical\" href=\"https:\/\/sretnabeba.hr\/index.php\/proizvod\/canpol-babies-lancic-za-dudu-i-love-mummy-siva\/\" \/>\n<meta property=\"og:locale\" content=\"hr_HR\" \/>\n<meta property=\"og:type\" content=\"article\" \/>\n<meta property=\"og:title\" content=\"CANPOL BABIES lan\u010di\u0107 za dudu I LOVE MUMMY siva - Sretna beba\" \/>\n<meta property=\"og:description\" content=\"Lan\u010di\u0107 za dudu Canpol babies iz kolekcije\u00a0I LOVE MUMMY savr\u0161eno \u0107e za\u0161tititi omiljenu dudu va\u0161e bebe od pada, prljanja ili gubitka. Sna\u017ena kop\u010da omogu\u0107uje pri\u010dvr\u0161\u0107ivanje lan\u010di\u0107a za dudu na dje\u010dju odje\u0107u, a zahvaljuju\u0107i jednostavnom dizajnu, lako se pri\u010dvr\u0161\u0107uje jednom rukom. Proizvod je siguran i izdr\u017eljiv, a zaobljeni rubovi eliminiraju rizik od ogrebotina ili posjekotina.  Lan\u010di\u0107 za dudu Canpol babies tako\u0111er je nje\u017ean prema odje\u0107i - \u010dvrsto dr\u017ei, a ne ostavlja tragove i ne o\u0161te\u0107uje materijal.\" \/>\n<meta property=\"og:url\" content=\"https:\/\/sretnabeba.hr\/index.php\/proizvod\/canpol-babies-lancic-za-dudu-i-love-mummy-siva\/\" \/>\n<meta property=\"og:site_name\" content=\"Sretna beba\" \/>\n<meta property=\"article:modified_time\" content=\"2026-03-13T13:38:22+00:00\" \/>\n<meta property=\"og:image\" content=\"https:\/\/sretnabeba.hr\/webw3\/wp-content\/uploads\/2026\/01\/canpol-babies-retizek-na-dudlik-i-love-mummy-sedy.jpg\" \/>\n\t<meta property=\"og:image:width\" content=\"1000\" \/>\n\t<meta property=\"og:image:height\" content=\"1000\" \/>\n\t<meta property=\"og:image:type\" content=\"image\/jpeg\" \/>\n<meta name=\"twitter:card\" content=\"summary_large_image\" \/>\n<meta name=\"twitter:label1\" content=\"Procijenjeno vrijeme \u010ditanja\" \/>\n\t<meta name=\"twitter:data1\" content=\"1 minuta\" \/>\n<script type=\"application\/ld+json\" class=\"yoast-schema-graph\">{\"@context\":\"https:\\\/\\\/schema.org\",\"@graph\":[{\"@type\":\"WebPage\",\"@id\":\"https:\\\/\\\/sretnabeba.hr\\\/index.php\\\/proizvod\\\/canpol-babies-lancic-za-dudu-i-love-mummy-siva\\\/\",\"url\":\"https:\\\/\\\/sretnabeba.hr\\\/index.php\\\/proizvod\\\/canpol-babies-lancic-za-dudu-i-love-mummy-siva\\\/\",\"name\":\"CANPOL BABIES lan\u010di\u0107 za dudu I LOVE MUMMY siva - Sretna beba\",\"isPartOf\":{\"@id\":\"https:\\\/\\\/sretnabeba.hr\\\/#website\"},\"primaryImageOfPage\":{\"@id\":\"https:\\\/\\\/sretnabeba.hr\\\/index.php\\\/proizvod\\\/canpol-babies-lancic-za-dudu-i-love-mummy-siva\\\/#primaryimage\"},\"image\":{\"@id\":\"https:\\\/\\\/sretnabeba.hr\\\/index.php\\\/proizvod\\\/canpol-babies-lancic-za-dudu-i-love-mummy-siva\\\/#primaryimage\"},\"thumbnailUrl\":\"https:\\\/\\\/sretnabeba.hr\\\/webw3\\\/wp-content\\\/uploads\\\/2026\\\/01\\\/canpol-babies-retizek-na-dudlik-i-love-mummy-sedy.jpg\",\"datePublished\":\"2026-01-21T12:13:31+00:00\",\"dateModified\":\"2026-03-13T13:38:22+00:00\",\"breadcrumb\":{\"@id\":\"https:\\\/\\\/sretnabeba.hr\\\/index.php\\\/proizvod\\\/canpol-babies-lancic-za-dudu-i-love-mummy-siva\\\/#breadcrumb\"},\"inLanguage\":\"hr\",\"potentialAction\":[{\"@type\":\"ReadAction\",\"target\":[\"https:\\\/\\\/sretnabeba.hr\\\/index.php\\\/proizvod\\\/canpol-babies-lancic-za-dudu-i-love-mummy-siva\\\/\"]}]},{\"@type\":\"ImageObject\",\"inLanguage\":\"hr\",\"@id\":\"https:\\\/\\\/sretnabeba.hr\\\/index.php\\\/proizvod\\\/canpol-babies-lancic-za-dudu-i-love-mummy-siva\\\/#primaryimage\",\"url\":\"https:\\\/\\\/sretnabeba.hr\\\/webw3\\\/wp-content\\\/uploads\\\/2026\\\/01\\\/canpol-babies-retizek-na-dudlik-i-love-mummy-sedy.jpg\",\"contentUrl\":\"https:\\\/\\\/sretnabeba.hr\\\/webw3\\\/wp-content\\\/uploads\\\/2026\\\/01\\\/canpol-babies-retizek-na-dudlik-i-love-mummy-sedy.jpg\",\"width\":1000,\"height\":1000},{\"@type\":\"BreadcrumbList\",\"@id\":\"https:\\\/\\\/sretnabeba.hr\\\/index.php\\\/proizvod\\\/canpol-babies-lancic-za-dudu-i-love-mummy-siva\\\/#breadcrumb\",\"itemListElement\":[{\"@type\":\"ListItem\",\"position\":1,\"name\":\"Po\u010detna stranica\",\"item\":\"https:\\\/\\\/sretnabeba.hr\\\/\"},{\"@type\":\"ListItem\",\"position\":2,\"name\":\"Shop\",\"item\":\"https:\\\/\\\/sretnabeba.hr\\\/index.php\\\/shop\\\/\"},{\"@type\":\"ListItem\",\"position\":3,\"name\":\"CANPOL BABIES lan\u010di\u0107 za dudu I LOVE MUMMY siva\"}]},{\"@type\":\"WebSite\",\"@id\":\"https:\\\/\\\/sretnabeba.hr\\\/#website\",\"url\":\"https:\\\/\\\/sretnabeba.hr\\\/\",\"name\":\"Sretna beba - LOVI i CANPOL BABIES oprema za bebe\",\"description\":\"Zastupnik i distributer Lovi i Canpol babies opreme za Hrvatsku\",\"publisher\":{\"@id\":\"https:\\\/\\\/sretnabeba.hr\\\/#organization\"},\"alternateName\":\"Oprema za bebe\",\"potentialAction\":[{\"@type\":\"SearchAction\",\"target\":{\"@type\":\"EntryPoint\",\"urlTemplate\":\"https:\\\/\\\/sretnabeba.hr\\\/?s={search_term_string}\"},\"query-input\":{\"@type\":\"PropertyValueSpecification\",\"valueRequired\":true,\"valueName\":\"search_term_string\"}}],\"inLanguage\":\"hr\"},{\"@type\":\"Organization\",\"@id\":\"https:\\\/\\\/sretnabeba.hr\\\/#organization\",\"name\":\"Sretna beba\",\"alternateName\":\"Zastupnik i distributer Lovi i Canpol babies opreme za Hrvatsku\",\"url\":\"https:\\\/\\\/sretnabeba.hr\\\/\",\"logo\":{\"@type\":\"ImageObject\",\"inLanguage\":\"hr\",\"@id\":\"https:\\\/\\\/sretnabeba.hr\\\/#\\\/schema\\\/logo\\\/image\\\/\",\"url\":\"https:\\\/\\\/sretnabeba.hr\\\/webw3\\\/wp-content\\\/uploads\\\/2023\\\/06\\\/logo-sretnabeba.hr-01.png\",\"contentUrl\":\"https:\\\/\\\/sretnabeba.hr\\\/webw3\\\/wp-content\\\/uploads\\\/2023\\\/06\\\/logo-sretnabeba.hr-01.png\",\"width\":619,\"height\":625,\"caption\":\"Sretna beba\"},\"image\":{\"@id\":\"https:\\\/\\\/sretnabeba.hr\\\/#\\\/schema\\\/logo\\\/image\\\/\"}}]}<\/script>\n<!-- \/ Yoast SEO plugin. -->","yoast_head_json":{"title":"CANPOL BABIES lan\u010di\u0107 za dudu I LOVE MUMMY siva - Sretna beba","robots":{"index":"index","follow":"follow","max-snippet":"max-snippet:-1","max-image-preview":"max-image-preview:large","max-video-preview":"max-video-preview:-1"},"canonical":"https:\/\/sretnabeba.hr\/index.php\/proizvod\/canpol-babies-lancic-za-dudu-i-love-mummy-siva\/","og_locale":"hr_HR","og_type":"article","og_title":"CANPOL BABIES lan\u010di\u0107 za dudu I LOVE MUMMY siva - Sretna beba","og_description":"Lan\u010di\u0107 za dudu Canpol babies iz kolekcije\u00a0I LOVE MUMMY savr\u0161eno \u0107e za\u0161tititi omiljenu dudu va\u0161e bebe od pada, prljanja ili gubitka. Sna\u017ena kop\u010da omogu\u0107uje pri\u010dvr\u0161\u0107ivanje lan\u010di\u0107a za dudu na dje\u010dju odje\u0107u, a zahvaljuju\u0107i jednostavnom dizajnu, lako se pri\u010dvr\u0161\u0107uje jednom rukom. Proizvod je siguran i izdr\u017eljiv, a zaobljeni rubovi eliminiraju rizik od ogrebotina ili posjekotina.  Lan\u010di\u0107 za dudu Canpol babies tako\u0111er je nje\u017ean prema odje\u0107i - \u010dvrsto dr\u017ei, a ne ostavlja tragove i ne o\u0161te\u0107uje materijal.","og_url":"https:\/\/sretnabeba.hr\/index.php\/proizvod\/canpol-babies-lancic-za-dudu-i-love-mummy-siva\/","og_site_name":"Sretna beba","article_modified_time":"2026-03-13T13:38:22+00:00","og_image":[{"width":1000,"height":1000,"url":"https:\/\/sretnabeba.hr\/webw3\/wp-content\/uploads\/2026\/01\/canpol-babies-retizek-na-dudlik-i-love-mummy-sedy.jpg","type":"image\/jpeg"}],"twitter_card":"summary_large_image","twitter_misc":{"Procijenjeno vrijeme \u010ditanja":"1 minuta"},"schema":{"@context":"https:\/\/schema.org","@graph":[{"@type":"WebPage","@id":"https:\/\/sretnabeba.hr\/index.php\/proizvod\/canpol-babies-lancic-za-dudu-i-love-mummy-siva\/","url":"https:\/\/sretnabeba.hr\/index.php\/proizvod\/canpol-babies-lancic-za-dudu-i-love-mummy-siva\/","name":"CANPOL BABIES lan\u010di\u0107 za dudu I LOVE MUMMY siva - Sretna beba","isPartOf":{"@id":"https:\/\/sretnabeba.hr\/#website"},"primaryImageOfPage":{"@id":"https:\/\/sretnabeba.hr\/index.php\/proizvod\/canpol-babies-lancic-za-dudu-i-love-mummy-siva\/#primaryimage"},"image":{"@id":"https:\/\/sretnabeba.hr\/index.php\/proizvod\/canpol-babies-lancic-za-dudu-i-love-mummy-siva\/#primaryimage"},"thumbnailUrl":"https:\/\/sretnabeba.hr\/webw3\/wp-content\/uploads\/2026\/01\/canpol-babies-retizek-na-dudlik-i-love-mummy-sedy.jpg","datePublished":"2026-01-21T12:13:31+00:00","dateModified":"2026-03-13T13:38:22+00:00","breadcrumb":{"@id":"https:\/\/sretnabeba.hr\/index.php\/proizvod\/canpol-babies-lancic-za-dudu-i-love-mummy-siva\/#breadcrumb"},"inLanguage":"hr","potentialAction":[{"@type":"ReadAction","target":["https:\/\/sretnabeba.hr\/index.php\/proizvod\/canpol-babies-lancic-za-dudu-i-love-mummy-siva\/"]}]},{"@type":"ImageObject","inLanguage":"hr","@id":"https:\/\/sretnabeba.hr\/index.php\/proizvod\/canpol-babies-lancic-za-dudu-i-love-mummy-siva\/#primaryimage","url":"https:\/\/sretnabeba.hr\/webw3\/wp-content\/uploads\/2026\/01\/canpol-babies-retizek-na-dudlik-i-love-mummy-sedy.jpg","contentUrl":"https:\/\/sretnabeba.hr\/webw3\/wp-content\/uploads\/2026\/01\/canpol-babies-retizek-na-dudlik-i-love-mummy-sedy.jpg","width":1000,"height":1000},{"@type":"BreadcrumbList","@id":"https:\/\/sretnabeba.hr\/index.php\/proizvod\/canpol-babies-lancic-za-dudu-i-love-mummy-siva\/#breadcrumb","itemListElement":[{"@type":"ListItem","position":1,"name":"Po\u010detna stranica","item":"https:\/\/sretnabeba.hr\/"},{"@type":"ListItem","position":2,"name":"Shop","item":"https:\/\/sretnabeba.hr\/index.php\/shop\/"},{"@type":"ListItem","position":3,"name":"CANPOL BABIES lan\u010di\u0107 za dudu I LOVE MUMMY siva"}]},{"@type":"WebSite","@id":"https:\/\/sretnabeba.hr\/#website","url":"https:\/\/sretnabeba.hr\/","name":"Sretna beba - LOVI i CANPOL BABIES oprema za bebe","description":"Zastupnik i distributer Lovi i Canpol babies opreme za Hrvatsku","publisher":{"@id":"https:\/\/sretnabeba.hr\/#organization"},"alternateName":"Oprema za bebe","potentialAction":[{"@type":"SearchAction","target":{"@type":"EntryPoint","urlTemplate":"https:\/\/sretnabeba.hr\/?s={search_term_string}"},"query-input":{"@type":"PropertyValueSpecification","valueRequired":true,"valueName":"search_term_string"}}],"inLanguage":"hr"},{"@type":"Organization","@id":"https:\/\/sretnabeba.hr\/#organization","name":"Sretna beba","alternateName":"Zastupnik i distributer Lovi i Canpol babies opreme za Hrvatsku","url":"https:\/\/sretnabeba.hr\/","logo":{"@type":"ImageObject","inLanguage":"hr","@id":"https:\/\/sretnabeba.hr\/#\/schema\/logo\/image\/","url":"https:\/\/sretnabeba.hr\/webw3\/wp-content\/uploads\/2023\/06\/logo-sretnabeba.hr-01.png","contentUrl":"https:\/\/sretnabeba.hr\/webw3\/wp-content\/uploads\/2023\/06\/logo-sretnabeba.hr-01.png","width":619,"height":625,"caption":"Sretna beba"},"image":{"@id":"https:\/\/sretnabeba.hr\/#\/schema\/logo\/image\/"}}]}},"_links":{"self":[{"href":"https:\/\/sretnabeba.hr\/index.php\/wp-json\/wp\/v2\/product\/702","targetHints":{"allow":["GET"]}}],"collection":[{"href":"https:\/\/sretnabeba.hr\/index.php\/wp-json\/wp\/v2\/product"}],"about":[{"href":"https:\/\/sretnabeba.hr\/index.php\/wp-json\/wp\/v2\/types\/product"}],"replies":[{"embeddable":true,"href":"https:\/\/sretnabeba.hr\/index.php\/wp-json\/wp\/v2\/comments?post=702"}],"wp:featuredmedia":[{"embeddable":true,"href":"https:\/\/sretnabeba.hr\/index.php\/wp-json\/wp\/v2\/media\/703"}],"wp:attachment":[{"href":"https:\/\/sretnabeba.hr\/index.php\/wp-json\/wp\/v2\/media?parent=702"}],"wp:term":[{"taxonomy":"product_brand","embeddable":true,"href":"https:\/\/sretnabeba.hr\/index.php\/wp-json\/wp\/v2\/product_brand?post=702"},{"taxonomy":"product_cat","embeddable":true,"href":"https:\/\/sretnabeba.hr\/index.php\/wp-json\/wp\/v2\/product_cat?post=702"},{"taxonomy":"product_tag","embeddable":true,"href":"https:\/\/sretnabeba.hr\/index.php\/wp-json\/wp\/v2\/product_tag?post=702"}],"curies":[{"name":"wp","href":"https:\/\/api.w.org\/{rel}","templated":true}]}}