{"id":753,"date":"2026-01-22T13:06:06","date_gmt":"2026-01-22T12:06:06","guid":{"rendered":"https:\/\/sretnabeba.hr\/?post_type=product&#038;p=753"},"modified":"2026-01-22T13:11:20","modified_gmt":"2026-01-22T12:11:20","slug":"canpol-babies-silikonska-cetkica-grickalica-za-zube-roza","status":"publish","type":"product","link":"https:\/\/sretnabeba.hr\/index.php\/proizvod\/canpol-babies-silikonska-cetkica-grickalica-za-zube-roza\/","title":{"rendered":"CANPOL BABIES silikonska \u010detkica\/grickalica za zube, roza"},"content":{"rendered":"","protected":false},"excerpt":{"rendered":"<p>Silikonska \u010detkica za zube s etiketom i glodalicom u jednom za mali\u0161ane. Koristi se za nje\u017eno \u010di\u0161\u0107enje prvih mlije\u010dnih zubi\u0107a, a ujedno i za masa\u017eu osjetljivih desni. Pogodno od 0 mjeseci. Bez BPA.<\/p>\n<ul>\n<li>Izra\u0111ena od mekog i sigurnog silikona \u2014 nje\u017eno masira desni i \u010disti prve mlije\u010dne zubi\u0107e.<\/li>\n<li>Ima posebnu etiketu \u2014 \u0161titi od predubokog umetanja \u010detkice za zube u usta.<\/li>\n<li>Lako se \u010disti \u2014 \u010detkica za zube se mo\u017ee prati u perilici posu\u0111a i dezinficirati.<\/li>\n<li>\u010cetkica za zube se mo\u017ee hladiti u hladnjaku \u2014 ubla\u017eava bol tijekom nicanja zubi\u0107a.<\/li>\n<li>Moderan dizajn \u2014 pastelne boje.<\/li>\n<\/ul>\n","protected":false},"featured_media":754,"comment_status":"open","ping_status":"closed","template":"","meta":[],"product_brand":[133],"product_cat":[158,150],"product_tag":[],"class_list":{"0":"post-753","1":"product","2":"type-product","3":"status-publish","4":"has-post-thumbnail","6":"product_brand-canpol-babies","7":"product_cat-cetkice-za-zube","8":"product_cat-zubici","10":"first","11":"instock","12":"taxable","13":"shipping-taxable","14":"product-type-simple"},"yoast_head":"<!-- This site is optimized with the Yoast SEO plugin v27.3 - https:\/\/yoast.com\/product\/yoast-seo-wordpress\/ -->\n<title>CANPOL BABIES silikonska \u010detkica\/grickalica za zube, roza - Sretna beba<\/title>\n<meta name=\"robots\" content=\"index, follow, max-snippet:-1, max-image-preview:large, max-video-preview:-1\" \/>\n<link rel=\"canonical\" href=\"https:\/\/sretnabeba.hr\/index.php\/proizvod\/canpol-babies-silikonska-cetkica-grickalica-za-zube-roza\/\" \/>\n<meta property=\"og:locale\" content=\"hr_HR\" \/>\n<meta property=\"og:type\" content=\"article\" \/>\n<meta property=\"og:title\" content=\"CANPOL BABIES silikonska \u010detkica\/grickalica za zube, roza - Sretna beba\" \/>\n<meta property=\"og:description\" content=\"Silikonska \u010detkica za zube s etiketom i glodalicom u jednom za mali\u0161ane. Koristi se za nje\u017eno \u010di\u0161\u0107enje prvih mlije\u010dnih zubi\u0107a, a ujedno i za masa\u017eu osjetljivih desni. Pogodno od 0 mjeseci. Bez BPA.   Izra\u0111ena od mekog i sigurnog silikona \u2014 nje\u017eno masira desni i \u010disti prve mlije\u010dne zubi\u0107e.  Ima posebnu etiketu \u2014 \u0161titi od predubokog umetanja \u010detkice za zube u usta.  Lako se \u010disti \u2014 \u010detkica za zube se mo\u017ee prati u perilici posu\u0111a i dezinficirati.  \u010cetkica za zube se mo\u017ee hladiti u hladnjaku \u2014 ubla\u017eava bol tijekom nicanja zubi\u0107a.  Moderan dizajn \u2014 pastelne boje.\" \/>\n<meta property=\"og:url\" content=\"https:\/\/sretnabeba.hr\/index.php\/proizvod\/canpol-babies-silikonska-cetkica-grickalica-za-zube-roza\/\" \/>\n<meta property=\"og:site_name\" content=\"Sretna beba\" \/>\n<meta property=\"article:modified_time\" content=\"2026-01-22T12:11:20+00:00\" \/>\n<meta property=\"og:image\" content=\"https:\/\/sretnabeba.hr\/webw3\/wp-content\/uploads\/2026\/01\/canpol-babies-silikonovy-zubni-kartacek-kousatko-se-stitkem-ruzovy.jpg\" \/>\n\t<meta property=\"og:image:width\" content=\"1000\" \/>\n\t<meta property=\"og:image:height\" content=\"1000\" \/>\n\t<meta property=\"og:image:type\" content=\"image\/jpeg\" \/>\n<meta name=\"twitter:card\" content=\"summary_large_image\" \/>\n<script type=\"application\/ld+json\" class=\"yoast-schema-graph\">{\"@context\":\"https:\\\/\\\/schema.org\",\"@graph\":[{\"@type\":\"WebPage\",\"@id\":\"https:\\\/\\\/sretnabeba.hr\\\/index.php\\\/proizvod\\\/canpol-babies-silikonska-cetkica-grickalica-za-zube-roza\\\/\",\"url\":\"https:\\\/\\\/sretnabeba.hr\\\/index.php\\\/proizvod\\\/canpol-babies-silikonska-cetkica-grickalica-za-zube-roza\\\/\",\"name\":\"CANPOL BABIES silikonska \u010detkica\\\/grickalica za zube, roza - Sretna beba\",\"isPartOf\":{\"@id\":\"https:\\\/\\\/sretnabeba.hr\\\/#website\"},\"primaryImageOfPage\":{\"@id\":\"https:\\\/\\\/sretnabeba.hr\\\/index.php\\\/proizvod\\\/canpol-babies-silikonska-cetkica-grickalica-za-zube-roza\\\/#primaryimage\"},\"image\":{\"@id\":\"https:\\\/\\\/sretnabeba.hr\\\/index.php\\\/proizvod\\\/canpol-babies-silikonska-cetkica-grickalica-za-zube-roza\\\/#primaryimage\"},\"thumbnailUrl\":\"https:\\\/\\\/sretnabeba.hr\\\/webw3\\\/wp-content\\\/uploads\\\/2026\\\/01\\\/canpol-babies-silikonovy-zubni-kartacek-kousatko-se-stitkem-ruzovy.jpg\",\"datePublished\":\"2026-01-22T12:06:06+00:00\",\"dateModified\":\"2026-01-22T12:11:20+00:00\",\"breadcrumb\":{\"@id\":\"https:\\\/\\\/sretnabeba.hr\\\/index.php\\\/proizvod\\\/canpol-babies-silikonska-cetkica-grickalica-za-zube-roza\\\/#breadcrumb\"},\"inLanguage\":\"hr\",\"potentialAction\":[{\"@type\":\"ReadAction\",\"target\":[\"https:\\\/\\\/sretnabeba.hr\\\/index.php\\\/proizvod\\\/canpol-babies-silikonska-cetkica-grickalica-za-zube-roza\\\/\"]}]},{\"@type\":\"ImageObject\",\"inLanguage\":\"hr\",\"@id\":\"https:\\\/\\\/sretnabeba.hr\\\/index.php\\\/proizvod\\\/canpol-babies-silikonska-cetkica-grickalica-za-zube-roza\\\/#primaryimage\",\"url\":\"https:\\\/\\\/sretnabeba.hr\\\/webw3\\\/wp-content\\\/uploads\\\/2026\\\/01\\\/canpol-babies-silikonovy-zubni-kartacek-kousatko-se-stitkem-ruzovy.jpg\",\"contentUrl\":\"https:\\\/\\\/sretnabeba.hr\\\/webw3\\\/wp-content\\\/uploads\\\/2026\\\/01\\\/canpol-babies-silikonovy-zubni-kartacek-kousatko-se-stitkem-ruzovy.jpg\",\"width\":1000,\"height\":1000},{\"@type\":\"BreadcrumbList\",\"@id\":\"https:\\\/\\\/sretnabeba.hr\\\/index.php\\\/proizvod\\\/canpol-babies-silikonska-cetkica-grickalica-za-zube-roza\\\/#breadcrumb\",\"itemListElement\":[{\"@type\":\"ListItem\",\"position\":1,\"name\":\"Po\u010detna stranica\",\"item\":\"https:\\\/\\\/sretnabeba.hr\\\/\"},{\"@type\":\"ListItem\",\"position\":2,\"name\":\"Shop\",\"item\":\"https:\\\/\\\/sretnabeba.hr\\\/index.php\\\/shop\\\/\"},{\"@type\":\"ListItem\",\"position\":3,\"name\":\"CANPOL BABIES silikonska \u010detkica\\\/grickalica za zube, roza\"}]},{\"@type\":\"WebSite\",\"@id\":\"https:\\\/\\\/sretnabeba.hr\\\/#website\",\"url\":\"https:\\\/\\\/sretnabeba.hr\\\/\",\"name\":\"Sretna beba - LOVI i CANPOL BABIES oprema za bebe\",\"description\":\"Zastupnik i distributer Lovi i Canpol babies opreme za Hrvatsku\",\"publisher\":{\"@id\":\"https:\\\/\\\/sretnabeba.hr\\\/#organization\"},\"alternateName\":\"Oprema za bebe\",\"potentialAction\":[{\"@type\":\"SearchAction\",\"target\":{\"@type\":\"EntryPoint\",\"urlTemplate\":\"https:\\\/\\\/sretnabeba.hr\\\/?s={search_term_string}\"},\"query-input\":{\"@type\":\"PropertyValueSpecification\",\"valueRequired\":true,\"valueName\":\"search_term_string\"}}],\"inLanguage\":\"hr\"},{\"@type\":\"Organization\",\"@id\":\"https:\\\/\\\/sretnabeba.hr\\\/#organization\",\"name\":\"Sretna beba\",\"alternateName\":\"Zastupnik i distributer Lovi i Canpol babies opreme za Hrvatsku\",\"url\":\"https:\\\/\\\/sretnabeba.hr\\\/\",\"logo\":{\"@type\":\"ImageObject\",\"inLanguage\":\"hr\",\"@id\":\"https:\\\/\\\/sretnabeba.hr\\\/#\\\/schema\\\/logo\\\/image\\\/\",\"url\":\"https:\\\/\\\/sretnabeba.hr\\\/webw3\\\/wp-content\\\/uploads\\\/2023\\\/06\\\/logo-sretnabeba.hr-01.png\",\"contentUrl\":\"https:\\\/\\\/sretnabeba.hr\\\/webw3\\\/wp-content\\\/uploads\\\/2023\\\/06\\\/logo-sretnabeba.hr-01.png\",\"width\":619,\"height\":625,\"caption\":\"Sretna beba\"},\"image\":{\"@id\":\"https:\\\/\\\/sretnabeba.hr\\\/#\\\/schema\\\/logo\\\/image\\\/\"}}]}<\/script>\n<!-- \/ Yoast SEO plugin. -->","yoast_head_json":{"title":"CANPOL BABIES silikonska \u010detkica\/grickalica za zube, roza - Sretna beba","robots":{"index":"index","follow":"follow","max-snippet":"max-snippet:-1","max-image-preview":"max-image-preview:large","max-video-preview":"max-video-preview:-1"},"canonical":"https:\/\/sretnabeba.hr\/index.php\/proizvod\/canpol-babies-silikonska-cetkica-grickalica-za-zube-roza\/","og_locale":"hr_HR","og_type":"article","og_title":"CANPOL BABIES silikonska \u010detkica\/grickalica za zube, roza - Sretna beba","og_description":"Silikonska \u010detkica za zube s etiketom i glodalicom u jednom za mali\u0161ane. Koristi se za nje\u017eno \u010di\u0161\u0107enje prvih mlije\u010dnih zubi\u0107a, a ujedno i za masa\u017eu osjetljivih desni. Pogodno od 0 mjeseci. Bez BPA.   Izra\u0111ena od mekog i sigurnog silikona \u2014 nje\u017eno masira desni i \u010disti prve mlije\u010dne zubi\u0107e.  Ima posebnu etiketu \u2014 \u0161titi od predubokog umetanja \u010detkice za zube u usta.  Lako se \u010disti \u2014 \u010detkica za zube se mo\u017ee prati u perilici posu\u0111a i dezinficirati.  \u010cetkica za zube se mo\u017ee hladiti u hladnjaku \u2014 ubla\u017eava bol tijekom nicanja zubi\u0107a.  Moderan dizajn \u2014 pastelne boje.","og_url":"https:\/\/sretnabeba.hr\/index.php\/proizvod\/canpol-babies-silikonska-cetkica-grickalica-za-zube-roza\/","og_site_name":"Sretna beba","article_modified_time":"2026-01-22T12:11:20+00:00","og_image":[{"width":1000,"height":1000,"url":"https:\/\/sretnabeba.hr\/webw3\/wp-content\/uploads\/2026\/01\/canpol-babies-silikonovy-zubni-kartacek-kousatko-se-stitkem-ruzovy.jpg","type":"image\/jpeg"}],"twitter_card":"summary_large_image","schema":{"@context":"https:\/\/schema.org","@graph":[{"@type":"WebPage","@id":"https:\/\/sretnabeba.hr\/index.php\/proizvod\/canpol-babies-silikonska-cetkica-grickalica-za-zube-roza\/","url":"https:\/\/sretnabeba.hr\/index.php\/proizvod\/canpol-babies-silikonska-cetkica-grickalica-za-zube-roza\/","name":"CANPOL BABIES silikonska \u010detkica\/grickalica za zube, roza - Sretna beba","isPartOf":{"@id":"https:\/\/sretnabeba.hr\/#website"},"primaryImageOfPage":{"@id":"https:\/\/sretnabeba.hr\/index.php\/proizvod\/canpol-babies-silikonska-cetkica-grickalica-za-zube-roza\/#primaryimage"},"image":{"@id":"https:\/\/sretnabeba.hr\/index.php\/proizvod\/canpol-babies-silikonska-cetkica-grickalica-za-zube-roza\/#primaryimage"},"thumbnailUrl":"https:\/\/sretnabeba.hr\/webw3\/wp-content\/uploads\/2026\/01\/canpol-babies-silikonovy-zubni-kartacek-kousatko-se-stitkem-ruzovy.jpg","datePublished":"2026-01-22T12:06:06+00:00","dateModified":"2026-01-22T12:11:20+00:00","breadcrumb":{"@id":"https:\/\/sretnabeba.hr\/index.php\/proizvod\/canpol-babies-silikonska-cetkica-grickalica-za-zube-roza\/#breadcrumb"},"inLanguage":"hr","potentialAction":[{"@type":"ReadAction","target":["https:\/\/sretnabeba.hr\/index.php\/proizvod\/canpol-babies-silikonska-cetkica-grickalica-za-zube-roza\/"]}]},{"@type":"ImageObject","inLanguage":"hr","@id":"https:\/\/sretnabeba.hr\/index.php\/proizvod\/canpol-babies-silikonska-cetkica-grickalica-za-zube-roza\/#primaryimage","url":"https:\/\/sretnabeba.hr\/webw3\/wp-content\/uploads\/2026\/01\/canpol-babies-silikonovy-zubni-kartacek-kousatko-se-stitkem-ruzovy.jpg","contentUrl":"https:\/\/sretnabeba.hr\/webw3\/wp-content\/uploads\/2026\/01\/canpol-babies-silikonovy-zubni-kartacek-kousatko-se-stitkem-ruzovy.jpg","width":1000,"height":1000},{"@type":"BreadcrumbList","@id":"https:\/\/sretnabeba.hr\/index.php\/proizvod\/canpol-babies-silikonska-cetkica-grickalica-za-zube-roza\/#breadcrumb","itemListElement":[{"@type":"ListItem","position":1,"name":"Po\u010detna stranica","item":"https:\/\/sretnabeba.hr\/"},{"@type":"ListItem","position":2,"name":"Shop","item":"https:\/\/sretnabeba.hr\/index.php\/shop\/"},{"@type":"ListItem","position":3,"name":"CANPOL BABIES silikonska \u010detkica\/grickalica za zube, roza"}]},{"@type":"WebSite","@id":"https:\/\/sretnabeba.hr\/#website","url":"https:\/\/sretnabeba.hr\/","name":"Sretna beba - LOVI i CANPOL BABIES oprema za bebe","description":"Zastupnik i distributer Lovi i Canpol babies opreme za Hrvatsku","publisher":{"@id":"https:\/\/sretnabeba.hr\/#organization"},"alternateName":"Oprema za bebe","potentialAction":[{"@type":"SearchAction","target":{"@type":"EntryPoint","urlTemplate":"https:\/\/sretnabeba.hr\/?s={search_term_string}"},"query-input":{"@type":"PropertyValueSpecification","valueRequired":true,"valueName":"search_term_string"}}],"inLanguage":"hr"},{"@type":"Organization","@id":"https:\/\/sretnabeba.hr\/#organization","name":"Sretna beba","alternateName":"Zastupnik i distributer Lovi i Canpol babies opreme za Hrvatsku","url":"https:\/\/sretnabeba.hr\/","logo":{"@type":"ImageObject","inLanguage":"hr","@id":"https:\/\/sretnabeba.hr\/#\/schema\/logo\/image\/","url":"https:\/\/sretnabeba.hr\/webw3\/wp-content\/uploads\/2023\/06\/logo-sretnabeba.hr-01.png","contentUrl":"https:\/\/sretnabeba.hr\/webw3\/wp-content\/uploads\/2023\/06\/logo-sretnabeba.hr-01.png","width":619,"height":625,"caption":"Sretna beba"},"image":{"@id":"https:\/\/sretnabeba.hr\/#\/schema\/logo\/image\/"}}]}},"_links":{"self":[{"href":"https:\/\/sretnabeba.hr\/index.php\/wp-json\/wp\/v2\/product\/753","targetHints":{"allow":["GET"]}}],"collection":[{"href":"https:\/\/sretnabeba.hr\/index.php\/wp-json\/wp\/v2\/product"}],"about":[{"href":"https:\/\/sretnabeba.hr\/index.php\/wp-json\/wp\/v2\/types\/product"}],"replies":[{"embeddable":true,"href":"https:\/\/sretnabeba.hr\/index.php\/wp-json\/wp\/v2\/comments?post=753"}],"wp:featuredmedia":[{"embeddable":true,"href":"https:\/\/sretnabeba.hr\/index.php\/wp-json\/wp\/v2\/media\/754"}],"wp:attachment":[{"href":"https:\/\/sretnabeba.hr\/index.php\/wp-json\/wp\/v2\/media?parent=753"}],"wp:term":[{"taxonomy":"product_brand","embeddable":true,"href":"https:\/\/sretnabeba.hr\/index.php\/wp-json\/wp\/v2\/product_brand?post=753"},{"taxonomy":"product_cat","embeddable":true,"href":"https:\/\/sretnabeba.hr\/index.php\/wp-json\/wp\/v2\/product_cat?post=753"},{"taxonomy":"product_tag","embeddable":true,"href":"https:\/\/sretnabeba.hr\/index.php\/wp-json\/wp\/v2\/product_tag?post=753"}],"curies":[{"name":"wp","href":"https:\/\/api.w.org\/{rel}","templated":true}]}}